{"id":687,"date":"2025-05-05T07:22:09","date_gmt":"2025-05-05T05:22:09","guid":{"rendered":"https:\/\/lacoma.com\/pt\/?page_id=687"},"modified":"2026-04-22T17:07:04","modified_gmt":"2026-04-22T15:07:04","slug":"termoarcilla-eco-3","status":"publish","type":"page","link":"https:\/\/lacoma.com\/pt\/productos\/tijolo-termico-termoarcilla\/termoarcilla-eco-3\/","title":{"rendered":"Tijolo t\u00e9rmico e ac\u00fastico Termoarcilla ECO 3"},"content":{"rendered":"\t\t<div data-elementor-type=\"wp-page\" data-elementor-id=\"687\" class=\"elementor elementor-687\" data-elementor-post-type=\"page\">\n\t\t\t\t<div class=\"elementor-element elementor-element-2f833c59 e-flex e-con-boxed e-con e-parent\" data-id=\"2f833c59\" data-element_type=\"container\" data-e-type=\"container\">\n\t\t\t\t\t<div class=\"e-con-inner\">\n\t\t<div class=\"elementor-element elementor-element-4136bfb e-con-full e-flex e-con e-child\" data-id=\"4136bfb\" data-element_type=\"container\" data-e-type=\"container\">\n\t\t\t\t<div class=\"elementor-element elementor-element-41d41a0b elementor-nav-menu--dropdown-none elementor-widget__width-initial elementor-widget elementor-widget-nav-menu\" data-id=\"41d41a0b\" data-element_type=\"widget\" data-e-type=\"widget\" data-settings=\"{&quot;layout&quot;:&quot;vertical&quot;,&quot;submenu_icon&quot;:{&quot;value&quot;:&quot;&lt;i aria-hidden=\\&quot;true\\&quot; class=\\&quot;\\&quot;&gt;&lt;\\\/i&gt;&quot;,&quot;library&quot;:&quot;&quot;}}\" data-widget_type=\"nav-menu.default\">\n\t\t\t\t<div class=\"elementor-widget-container\">\n\t\t\t\t\t\t\t\t<nav aria-label=\"Men\u00fa\" class=\"elementor-nav-menu--main elementor-nav-menu__container elementor-nav-menu--layout-vertical e--pointer-underline e--animation-fade\">\n\t\t\t\t<ul id=\"menu-1-41d41a0b\" class=\"elementor-nav-menu sm-vertical\"><li class=\"menu-item menu-item-type-post_type menu-item-object-page menu-item-has-children menu-item-693\"><a href=\"https:\/\/lacoma.com\/pt\/productos\/tijolo-termico-termoarcilla\/\" class=\"elementor-item\">Termoarcilla<\/a>\n<ul class=\"sub-menu elementor-nav-menu--dropdown\">\n\t<li class=\"menu-item menu-item-type-post_type menu-item-object-page menu-item-694\"><a href=\"https:\/\/lacoma.com\/pt\/productos\/tijolo-termico-termoarcilla\/termoarcilla-convencional\/\" class=\"elementor-sub-item\">Termoarcilla conventionnelle<\/a><\/li>\n\t<li class=\"menu-item menu-item-type-post_type menu-item-object-page menu-item-695\"><a href=\"https:\/\/lacoma.com\/pt\/productos\/tijolo-termico-termoarcilla\/termoarcilla-eco-3\/\" class=\"elementor-sub-item\">Termoarcilla ECO 3<\/a><\/li>\n<\/ul>\n<\/li>\n<li class=\"menu-item menu-item-type-post_type menu-item-object-page menu-item-696\"><a href=\"https:\/\/lacoma.com\/pt\/productos\/tijolo-termico-termoarcilla\/caracteristiques\/\" class=\"elementor-item\">Caracter\u00edsticas<\/a><\/li>\n<\/ul>\t\t\t<\/nav>\n\t\t\t\t\t\t<nav class=\"elementor-nav-menu--dropdown elementor-nav-menu__container\" aria-hidden=\"true\">\n\t\t\t\t<ul id=\"menu-2-41d41a0b\" class=\"elementor-nav-menu sm-vertical\"><li class=\"menu-item menu-item-type-post_type menu-item-object-page menu-item-has-children menu-item-693\"><a href=\"https:\/\/lacoma.com\/pt\/productos\/tijolo-termico-termoarcilla\/\" class=\"elementor-item\" tabindex=\"-1\">Termoarcilla<\/a>\n<ul class=\"sub-menu elementor-nav-menu--dropdown\">\n\t<li class=\"menu-item menu-item-type-post_type menu-item-object-page menu-item-694\"><a href=\"https:\/\/lacoma.com\/pt\/productos\/tijolo-termico-termoarcilla\/termoarcilla-convencional\/\" class=\"elementor-sub-item\" tabindex=\"-1\">Termoarcilla conventionnelle<\/a><\/li>\n\t<li class=\"menu-item menu-item-type-post_type menu-item-object-page menu-item-695\"><a href=\"https:\/\/lacoma.com\/pt\/productos\/tijolo-termico-termoarcilla\/termoarcilla-eco-3\/\" class=\"elementor-sub-item\" tabindex=\"-1\">Termoarcilla ECO 3<\/a><\/li>\n<\/ul>\n<\/li>\n<li class=\"menu-item menu-item-type-post_type menu-item-object-page menu-item-696\"><a href=\"https:\/\/lacoma.com\/pt\/productos\/tijolo-termico-termoarcilla\/caracteristiques\/\" class=\"elementor-item\" tabindex=\"-1\">Caracter\u00edsticas<\/a><\/li>\n<\/ul>\t\t\t<\/nav>\n\t\t\t\t\t\t<\/div>\n\t\t\t\t<\/div>\n\t\t\t\t<\/div>\n\t\t<div class=\"elementor-element elementor-element-71032b4 e-con-full e-flex e-con e-child\" data-id=\"71032b4\" data-element_type=\"container\" data-e-type=\"container\">\n\t\t\t\t<div class=\"elementor-element elementor-element-4bb31d4b elementor-widget elementor-widget-heading\" data-id=\"4bb31d4b\" data-element_type=\"widget\" data-e-type=\"widget\" data-widget_type=\"heading.default\">\n\t\t\t\t<div class=\"elementor-widget-container\">\n\t\t\t\t\t<h1 class=\"elementor-heading-title elementor-size-default\">Tijolo t\u00e9rmico e ac\u00fastico Termoarcilla ECO 3<\/h1>\t\t\t\t<\/div>\n\t\t\t\t<\/div>\n\t\t\t\t<div class=\"elementor-element elementor-element-328b324c elementor-widget-divider--view-line elementor-widget elementor-widget-divider\" data-id=\"328b324c\" data-element_type=\"widget\" data-e-type=\"widget\" data-widget_type=\"divider.default\">\n\t\t\t\t<div class=\"elementor-widget-container\">\n\t\t\t\t\t\t\t<div class=\"elementor-divider\">\n\t\t\t<span class=\"elementor-divider-separator\">\n\t\t\t\t\t\t<\/span>\n\t\t<\/div>\n\t\t\t\t\t\t<\/div>\n\t\t\t\t<\/div>\n\t\t\t\t<div class=\"elementor-element elementor-element-f59a031 elementor-widget elementor-widget-image\" data-id=\"f59a031\" data-element_type=\"widget\" data-e-type=\"widget\" data-widget_type=\"image.default\">\n\t\t\t\t<div class=\"elementor-widget-container\">\n\t\t\t\t\t\t\t\t\t\t\t\t\t\t\t\t<a href=\"https:\/\/lacoma.com\/pt\/wp-content\/uploads\/2025\/05\/Construction-en-briques-isolantes-Termoarcilla-.webp\" data-elementor-open-lightbox=\"yes\" data-e-action-hash=\"#elementor-action%3Aaction%3Dlightbox%26settings%3DeyJpZCI6NzU5LCJ1cmwiOiJodHRwczpcL1wvbGFjb21hLmNvbVwvcHRcL3dwLWNvbnRlbnRcL3VwbG9hZHNcLzIwMjVcLzA1XC9Db25zdHJ1Y3Rpb24tZW4tYnJpcXVlcy1pc29sYW50ZXMtVGVybW9hcmNpbGxhLS53ZWJwIn0%3D\">\n\t\t\t\t\t\t\t<img fetchpriority=\"high\" decoding=\"async\" width=\"800\" height=\"477\" src=\"https:\/\/lacoma.com\/pt\/wp-content\/uploads\/2025\/05\/Construction-en-briques-isolantes-Termoarcilla--1024x611.webp\" class=\"attachment-large size-large wp-image-759\" alt=\"Construction en briques isolantes Termoarcilla\" srcset=\"https:\/\/lacoma.com\/pt\/wp-content\/uploads\/2025\/05\/Construction-en-briques-isolantes-Termoarcilla--1024x611.webp 1024w, https:\/\/lacoma.com\/pt\/wp-content\/uploads\/2025\/05\/Construction-en-briques-isolantes-Termoarcilla--300x179.webp 300w, https:\/\/lacoma.com\/pt\/wp-content\/uploads\/2025\/05\/Construction-en-briques-isolantes-Termoarcilla--768x458.webp 768w, https:\/\/lacoma.com\/pt\/wp-content\/uploads\/2025\/05\/Construction-en-briques-isolantes-Termoarcilla--1536x917.webp 1536w, https:\/\/lacoma.com\/pt\/wp-content\/uploads\/2025\/05\/Construction-en-briques-isolantes-Termoarcilla-.webp 1900w\" sizes=\"(max-width: 800px) 100vw, 800px\" \/>\t\t\t\t\t\t\t\t<\/a>\n\t\t\t\t\t\t\t\t\t\t\t\t\t\t\t<\/div>\n\t\t\t\t<\/div>\n\t\t\t\t<div class=\"elementor-element elementor-element-1f7f49db elementor-widget elementor-widget-text-editor\" data-id=\"1f7f49db\" data-element_type=\"widget\" data-e-type=\"widget\" data-widget_type=\"text-editor.default\">\n\t\t\t\t<div class=\"elementor-widget-container\">\n\t\t\t\t\t\t\t\t\t<p>Com os tijolos t\u00e9rmicos e ac\u00fasticos Termoarcilla ECO 3 da Cer\u00e1mica La Coma, construa paredes de folha \u00fanica com desempenhos superiores \u00e0s paredes tradicionais compostas por v\u00e1rias camadas. Al\u00e9m disso, consiga um rendimento superior ao dos tijolos t\u00e9rmicos e ac\u00fasticos Termoarcilla ECO ou tijolos t\u00e9rmicos e ac\u00fasticos Termoarcilla convencionais.<\/p><ul><li>Constru\u00e7\u00f5es mais eficientes em termos energ\u00e9ticos<\/li><li>Melhor isolamento ac\u00fastico<\/li><li>Mais durabilidade<\/li><li>Mais sustent\u00e1veis<\/li><\/ul>\t\t\t\t\t\t\t\t<\/div>\n\t\t\t\t<\/div>\n\t\t<div class=\"elementor-element elementor-element-a879b7c e-con-full e-flex e-con e-child\" data-id=\"a879b7c\" data-element_type=\"container\" data-e-type=\"container\">\n\t\t<div class=\"elementor-element elementor-element-f52f6a5 e-con-full e-flex e-con e-child\" data-id=\"f52f6a5\" data-element_type=\"container\" data-e-type=\"container\">\n\t\t\t\t<div class=\"elementor-element elementor-element-bde9d4a elementor-widget elementor-widget-image\" data-id=\"bde9d4a\" data-element_type=\"widget\" data-e-type=\"widget\" data-widget_type=\"image.default\">\n\t\t\t\t<div class=\"elementor-widget-container\">\n\t\t\t\t\t\t\t\t\t\t\t\t\t\t\t<img decoding=\"async\" width=\"328\" height=\"322\" src=\"https:\/\/lacoma.com\/pt\/wp-content\/uploads\/2025\/05\/comparativa-termoarcillas-1.webp\" class=\"attachment-large size-large wp-image-760\" alt=\"\" srcset=\"https:\/\/lacoma.com\/pt\/wp-content\/uploads\/2025\/05\/comparativa-termoarcillas-1.webp 328w, https:\/\/lacoma.com\/pt\/wp-content\/uploads\/2025\/05\/comparativa-termoarcillas-1-300x295.webp 300w\" sizes=\"(max-width: 328px) 100vw, 328px\" \/>\t\t\t\t\t\t\t\t\t\t\t\t\t\t\t<\/div>\n\t\t\t\t<\/div>\n\t\t\t\t<div class=\"elementor-element elementor-element-dc21475 elementor-widget elementor-widget-text-editor\" data-id=\"dc21475\" data-element_type=\"widget\" data-e-type=\"widget\" data-widget_type=\"text-editor.default\">\n\t\t\t\t<div class=\"elementor-widget-container\">\n\t\t\t\t\t\t\t\t\t<p>As cores amarela e avermelhada indicam maior transmiss\u00e3o t\u00e9rmica (de calor ou frio), e as cores azuis uma transmiss\u00e3o inferior. Quanto mais azul houver no bloco, mais elevado \u00e9 o seu desempenho e in\u00e9rcia t\u00e9rmica.<\/p>\t\t\t\t\t\t\t\t<\/div>\n\t\t\t\t<\/div>\n\t\t\t\t<\/div>\n\t\t<div class=\"elementor-element elementor-element-788211e e-con-full e-flex e-con e-child\" data-id=\"788211e\" data-element_type=\"container\" data-e-type=\"container\">\n\t\t\t\t<div class=\"elementor-element elementor-element-963dace elementor-widget elementor-widget-text-editor\" data-id=\"963dace\" data-element_type=\"widget\" data-e-type=\"widget\" data-widget_type=\"text-editor.default\">\n\t\t\t\t<div class=\"elementor-widget-container\">\n\t\t\t\t\t\t\t\t\t<p>Gr\u00e2ce \u00e0 la fabrication en argile, alli\u00e9e \u00e0 une conception innovante avec des alv\u00e9oles en forme de losanges dans le sens de la transmission de la chaleur, les briques isolantes Termoarcilla sont totalement adapt\u00e9es \u00e0 la r\u00e9alisation de projets durables, y compris ceux qui r\u00e9pondent aux exigences strictes du label Passivhaus.<\/p><p>Ses propri\u00e9t\u00e9s et ses performances sont excellentes aussi bien en mati\u00e8re d\u2019isolation thermique que d\u2019inertie thermique.<\/p><p>La structure g\u00e9om\u00e9trique interne des blocs r\u00e9duit au maximum les ponts thermiques, ce qui permet de minimiser la transmission thermique et d\u2019obtenir un produit extr\u00eamement efficace.<\/p><p>Il faut ajouter \u00e0 cela les caract\u00e9ristiques propres aux blocs de c\u00e9ramique : haute r\u00e9sistance m\u00e9canique, r\u00e9sistance au feu, dur\u00e9e de vie, etc.<\/p>\t\t\t\t\t\t\t\t<\/div>\n\t\t\t\t<\/div>\n\t\t\t\t<\/div>\n\t\t\t\t<\/div>\n\t\t\t\t<div class=\"elementor-element elementor-element-5b5f0593 elementor-widget elementor-widget-heading\" data-id=\"5b5f0593\" data-element_type=\"widget\" data-e-type=\"widget\" data-widget_type=\"heading.default\">\n\t\t\t\t<div class=\"elementor-widget-container\">\n\t\t\t\t\t<h2 class=\"elementor-heading-title elementor-size-default\">Tijolos t\u00e9rmicos e ac\u00fasticos Termoarcilla ECO3<\/h2>\t\t\t\t<\/div>\n\t\t\t\t<\/div>\n\t\t\t\t<div class=\"elementor-element elementor-element-250f2870 elementor-widget-divider--view-line elementor-widget elementor-widget-divider\" data-id=\"250f2870\" data-element_type=\"widget\" data-e-type=\"widget\" data-widget_type=\"divider.default\">\n\t\t\t\t<div class=\"elementor-widget-container\">\n\t\t\t\t\t\t\t<div class=\"elementor-divider\">\n\t\t\t<span class=\"elementor-divider-separator\">\n\t\t\t\t\t\t<\/span>\n\t\t<\/div>\n\t\t\t\t\t\t<\/div>\n\t\t\t\t<\/div>\n\t\t\t\t<div class=\"elementor-element elementor-element-59ec6744 elementor-widget elementor-widget-text-editor\" data-id=\"59ec6744\" data-element_type=\"widget\" data-e-type=\"widget\" data-widget_type=\"text-editor.default\">\n\t\t\t\t<div class=\"elementor-widget-container\">\n\t\t\t\t\t\t\t\t\t<p>Os tijolos t\u00e9rmicos e ac\u00fasticos Termoarcilla ECO3 da Cer\u00e1mica La Coma est\u00e3o dispon\u00edveis em duas medidas:<\/p>\t\t\t\t\t\t\t\t<\/div>\n\t\t\t\t<\/div>\n\t\t\t\t<div class=\"elementor-element elementor-element-592b206 elementor-widget elementor-widget-text-editor\" data-id=\"592b206\" data-element_type=\"widget\" data-e-type=\"widget\" data-widget_type=\"text-editor.default\">\n\t\t\t\t<div class=\"elementor-widget-container\">\n\t\t\t\t\t\t\t\t\t<table width=\"100%\">\n<tbody>\n<tr class=\"primeira_fila\">\n<td align=\"left\"><\/td>\n<td align=\"left\"><strong><img decoding=\"async\" class=\"alignnone size-medium wp-image-526\" src=\"https:\/\/lacoma.com\/pt\/wp-content\/uploads\/2025\/05\/termoarcilla-eco3-24-derecho.webp\" alt=\"\" width=\"300\" height=\"300\" \/>\nTijolo t\u00e9rmico e ac\u00fastico Termoarcilla 24 cm<\/strong><\/td>\n<td align=\"left\"><strong><img loading=\"lazy\" decoding=\"async\" class=\"alignnone size-medium wp-image-527\" src=\"https:\/\/lacoma.com\/pt\/wp-content\/uploads\/2025\/05\/termo-eco-3-29-girada.webp\" alt=\"\" width=\"300\" height=\"300\" \/>\nTijolo t\u00e9rmico e ac\u00fastico Termoarcilla 29 cm<\/strong><\/td>\n<\/tr>\n<tr>\n<td>Dimens\u00f5es<\/td>\n<td>240 x 240 x 190 mm (comprimento x largura x altura)<\/td>\n<td>295 x 295 x 190 mm (comprimento x largura x altura)<\/td>\n<\/tr>\n<tr>\n<td>Tipo<\/td>\n<td>Pe\u00e7a P em argila cozida aligerada (G3)<\/td>\n<td>Pe\u00e7a P em argila cozida aligerada (G3)<\/td>\n<\/tr>\n<tr>\n<td>Categoria<\/td>\n<td>I (sistema de avalia\u00e7\u00e3o 2+)<\/td>\n<td>I (sistema de avalia\u00e7\u00e3o 2+)<\/td>\n<\/tr>\n<tr>\n<td>Unidades \/ palete<\/td>\n<td>80<\/td>\n<td>45<\/td>\n<\/tr>\n<tr>\n<td>Unidades \/ m\u00b2<\/td>\n<td>20.8 u.<\/td>\n<td>16.6 u.<\/td>\n<\/tr>\n<tr>\n<td>Resist\u00eancia normalizada caracter\u00edstica N\/mm\u00b2<\/td>\n<td>\u2265 12,5 N\/mm\u00b2<\/td>\n<td>\u2265 12,5 N\/mm\u00b2<\/td>\n<\/tr>\n<tr>\n<td>Massa m\u00ednima (g)<\/td>\n<td>9.200 g<\/td>\n<td>13.900 g<\/td>\n<\/tr>\n<tr>\n<td>Percentagem de vazios<\/td>\n<td>51% \u00b15%<\/td>\n<td>49% \u00b15%<\/td>\n<\/tr>\n<\/tbody>\n<\/table>\t\t\t\t\t\t\t\t<\/div>\n\t\t\t\t<\/div>\n\t\t\t\t<\/div>\n\t\t<div class=\"elementor-element elementor-element-3a270ea0 e-con-full e-flex e-con e-child\" data-id=\"3a270ea0\" data-element_type=\"container\" data-e-type=\"container\">\n\t\t<div class=\"elementor-element elementor-element-4df0e3d0 e-con-full e-flex e-con e-child\" data-id=\"4df0e3d0\" data-element_type=\"container\" data-e-type=\"container\" data-settings=\"{&quot;background_background&quot;:&quot;classic&quot;,&quot;sticky&quot;:&quot;top&quot;,&quot;sticky_offset&quot;:30,&quot;sticky_parent&quot;:&quot;yes&quot;,&quot;sticky_on&quot;:[&quot;desktop&quot;,&quot;tablet&quot;,&quot;mobile&quot;],&quot;sticky_effects_offset&quot;:0,&quot;sticky_anchor_link_offset&quot;:0}\">\n\t\t\t\t<div class=\"elementor-element elementor-element-7547ce88 elementor-widget elementor-widget-heading\" data-id=\"7547ce88\" data-element_type=\"widget\" data-e-type=\"widget\" data-widget_type=\"heading.default\">\n\t\t\t\t<div class=\"elementor-widget-container\">\n\t\t\t\t\t<p class=\"elementor-heading-title elementor-size-default\">TEM ALGUMA PERGUNTA?<\/p>\t\t\t\t<\/div>\n\t\t\t\t<\/div>\n\t\t\t\t<div class=\"elementor-element elementor-element-60e21d7b elementor-button-align-stretch elementor-widget elementor-widget-global elementor-global-626 elementor-widget-form\" data-id=\"60e21d7b\" data-element_type=\"widget\" data-e-type=\"widget\" data-settings=\"{&quot;step_next_label&quot;:&quot;Siguiente&quot;,&quot;step_previous_label&quot;:&quot;Anterior&quot;,&quot;button_width&quot;:&quot;100&quot;,&quot;step_type&quot;:&quot;number_text&quot;,&quot;step_icon_shape&quot;:&quot;circle&quot;}\" data-widget_type=\"form.default\">\n\t\t\t\t<div class=\"elementor-widget-container\">\n\t\t\t\t\t\t\t<form class=\"elementor-form\" method=\"post\" name=\"Formulario flotante\" aria-label=\"Formulario flotante\">\n\t\t\t<input type=\"hidden\" name=\"post_id\" value=\"687\"\/>\n\t\t\t<input type=\"hidden\" name=\"form_id\" value=\"60e21d7b\"\/>\n\t\t\t<input type=\"hidden\" name=\"referer_title\" value=\"\" \/>\n\n\t\t\t\n\t\t\t<div class=\"elementor-form-fields-wrapper elementor-labels-above\">\n\t\t\t\t\t\t\t\t<div class=\"elementor-field-type-textarea elementor-field-group elementor-column elementor-field-group-message elementor-col-100\">\n\t\t\t\t\t<textarea class=\"elementor-field-textual elementor-field  elementor-size-sm\" name=\"form_fields[message]\" id=\"form-field-message\" rows=\"4\" placeholder=\"Escreva a sua mensagem*\"><\/textarea>\t\t\t\t<\/div>\n\t\t\t\t\t\t\t\t<div class=\"elementor-field-type-html elementor-field-group elementor-column elementor-field-group-field_15494f6 elementor-col-100\">\n\t\t\t\t\tSe solicitar um or\u00e7amento, indique a morada, a data de entrega e os detalhes que considerar pertinentes.\t\t\t\t<\/div>\n\t\t\t\t\t\t\t\t<div class=\"elementor-field-type-text elementor-field-group elementor-column elementor-field-group-name elementor-col-100\">\n\t\t\t\t\t\t\t\t\t\t\t\t\t<input size=\"1\" type=\"text\" name=\"form_fields[name]\" id=\"form-field-name\" class=\"elementor-field elementor-size-sm  elementor-field-textual\" placeholder=\"Nome e apelido *\">\n\t\t\t\t\t\t\t\t\t\t\t<\/div>\n\t\t\t\t\t\t\t\t<div class=\"elementor-field-type-email elementor-field-group elementor-column elementor-field-group-email elementor-col-100 elementor-field-required\">\n\t\t\t\t\t\t\t\t\t\t\t\t\t<input size=\"1\" type=\"email\" name=\"form_fields[email]\" id=\"form-field-email\" class=\"elementor-field elementor-size-sm  elementor-field-textual\" placeholder=\"Endere\u00e7o de e-mail *\" required=\"required\">\n\t\t\t\t\t\t\t\t\t\t\t<\/div>\n\t\t\t\t\t\t\t\t<div class=\"elementor-field-type-tel elementor-field-group elementor-column elementor-field-group-phone elementor-col-100 elementor-field-required\">\n\t\t\t\t\t\t\t<input size=\"1\" type=\"tel\" name=\"form_fields[phone]\" id=\"form-field-phone\" class=\"elementor-field elementor-size-sm  elementor-field-textual\" placeholder=\"N\u00famero de telefone *\" required=\"required\" pattern=\"[0-9()#&amp;+*-=.]+\" title=\"Only numbers and phone characters (#, -, *, etc) are accepted.\">\n\n\t\t\t\t\t\t<\/div>\n\t\t\t\t\t\t\t\t<div class=\"elementor-field-type-acceptance elementor-field-group elementor-column elementor-field-group-acceptance elementor-col-100 elementor-field-required\">\n\t\t\t\t\t\t\t<div class=\"elementor-field-subgroup\">\n\t\t\t<span class=\"elementor-field-option\">\n\t\t\t\t<input type=\"checkbox\" name=\"form_fields[acceptance]\" id=\"form-field-acceptance\" class=\"elementor-field elementor-size-sm  elementor-acceptance-field\" required=\"required\">\n\t\t\t\t<label for=\"form-field-acceptance\">Aceito a <a href=\"https:\/\/lacoma.com\/pt\/politica-privacidade\/\" target=\"_blank\">Pol\u00edtica de Privacidade<\/a><\/label>\t\t\t<\/span>\n\t\t<\/div>\n\t\t\t\t\t\t<\/div>\n\t\t\t\t\t\t\t\t<div class=\"elementor-field-type-html elementor-field-group elementor-column elementor-field-group-field_c34e3f2 elementor-col-100\">\n\t\t\t\t\t*. Todos os campos s\u00e3o obrigat\u00f3rios\t\t\t\t<\/div>\n\t\t\t\t\t\t\t\t<div class=\"elementor-field-group elementor-column elementor-field-type-submit elementor-col-100 e-form__buttons\">\n\t\t\t\t\t<button class=\"elementor-button elementor-size-sm\" type=\"submit\">\n\t\t\t\t\t\t<span class=\"elementor-button-content-wrapper\">\n\t\t\t\t\t\t\t\t\t\t\t\t\t\t\t\t\t\t\t\t\t\t<span class=\"elementor-button-text\">Enviar<\/span>\n\t\t\t\t\t\t\t\t\t\t\t\t\t<\/span>\n\t\t\t\t\t<\/button>\n\t\t\t\t<\/div>\n\t\t\t<\/div>\n\t\t<\/form>\n\t\t\t\t\t\t<\/div>\n\t\t\t\t<\/div>\n\t\t\t\t<\/div>\n\t\t\t\t<\/div>\n\t\t\t\t\t<\/div>\n\t\t\t\t<\/div>\n\t\t\t\t<\/div>\n\t\t","protected":false},"excerpt":{"rendered":"<p>Com os tijolos t\u00e9rmicos e ac\u00fasticos Termoarcilla ECO 3 da Cer\u00e1mica La Coma, construa paredes de folha \u00fanica com desempenhos superiores \u00e0s paredes tradicionais compostas por v\u00e1rias camadas. Al\u00e9m disso, consiga um rendimento superior ao dos tijolos t\u00e9rmicos e ac\u00fasticos Termoarcilla ECO ou tijolos t\u00e9rmicos e ac\u00fasticos Termoarcilla convencionais. Constru\u00e7\u00f5es mais eficientes em termos energ\u00e9ticos [&hellip;]<\/p>\n","protected":false},"author":1,"featured_media":0,"parent":218,"menu_order":0,"comment_status":"closed","ping_status":"closed","template":"","meta":{"footnotes":""},"class_list":["post-687","page","type-page","status-publish","hentry"],"_links":{"self":[{"href":"https:\/\/lacoma.com\/pt\/wp-json\/wp\/v2\/pages\/687","targetHints":{"allow":["GET"]}}],"collection":[{"href":"https:\/\/lacoma.com\/pt\/wp-json\/wp\/v2\/pages"}],"about":[{"href":"https:\/\/lacoma.com\/pt\/wp-json\/wp\/v2\/types\/page"}],"author":[{"embeddable":true,"href":"https:\/\/lacoma.com\/pt\/wp-json\/wp\/v2\/users\/1"}],"replies":[{"embeddable":true,"href":"https:\/\/lacoma.com\/pt\/wp-json\/wp\/v2\/comments?post=687"}],"version-history":[{"count":16,"href":"https:\/\/lacoma.com\/pt\/wp-json\/wp\/v2\/pages\/687\/revisions"}],"predecessor-version":[{"id":1181,"href":"https:\/\/lacoma.com\/pt\/wp-json\/wp\/v2\/pages\/687\/revisions\/1181"}],"up":[{"embeddable":true,"href":"https:\/\/lacoma.com\/pt\/wp-json\/wp\/v2\/pages\/218"}],"wp:attachment":[{"href":"https:\/\/lacoma.com\/pt\/wp-json\/wp\/v2\/media?parent=687"}],"curies":[{"name":"wp","href":"https:\/\/api.w.org\/{rel}","templated":true}]}}