{"id":487,"date":"2025-05-02T13:23:45","date_gmt":"2025-05-02T11:23:45","guid":{"rendered":"https:\/\/lacoma.com\/pt\/?page_id=487"},"modified":"2026-04-22T11:58:56","modified_gmt":"2026-04-22T09:58:56","slug":"ladrilhos-rusticos-semi-manuais","status":"publish","type":"page","link":"https:\/\/lacoma.com\/pt\/productos\/ladrilhos-e-tijoleiras-rusticas\/ladrilhos-rusticos-semi-manuais\/","title":{"rendered":"Ladrilhos r\u00fasticos semi-manuais"},"content":{"rendered":"\t\t<div data-elementor-type=\"wp-page\" data-elementor-id=\"487\" class=\"elementor elementor-487\" data-elementor-post-type=\"page\">\n\t\t\t\t<div class=\"elementor-element elementor-element-5ced409a e-flex e-con-boxed e-con e-parent\" data-id=\"5ced409a\" data-element_type=\"container\" data-e-type=\"container\">\n\t\t\t\t\t<div class=\"e-con-inner\">\n\t\t<div class=\"elementor-element elementor-element-709650cd e-con-full elementor-hidden-tablet elementor-hidden-mobile e-flex e-con e-child\" data-id=\"709650cd\" data-element_type=\"container\" data-e-type=\"container\">\n\t\t\t\t<div class=\"elementor-element elementor-element-1d226bfe elementor-widget elementor-widget-image\" data-id=\"1d226bfe\" data-element_type=\"widget\" data-e-type=\"widget\" data-widget_type=\"image.default\">\n\t\t\t\t<div class=\"elementor-widget-container\">\n\t\t\t\t\t\t\t\t\t\t\t\t\t\t\t<img fetchpriority=\"high\" decoding=\"async\" width=\"800\" height=\"800\" src=\"https:\/\/lacoma.com\/pt\/wp-content\/uploads\/2025\/05\/Ladrillo-Rustico-Rojo-225x105x35.webp\" class=\"attachment-large size-large wp-image-502\" alt=\"\" srcset=\"https:\/\/lacoma.com\/pt\/wp-content\/uploads\/2025\/05\/Ladrillo-Rustico-Rojo-225x105x35.webp 800w, https:\/\/lacoma.com\/pt\/wp-content\/uploads\/2025\/05\/Ladrillo-Rustico-Rojo-225x105x35-300x300.webp 300w, https:\/\/lacoma.com\/pt\/wp-content\/uploads\/2025\/05\/Ladrillo-Rustico-Rojo-225x105x35-150x150.webp 150w, https:\/\/lacoma.com\/pt\/wp-content\/uploads\/2025\/05\/Ladrillo-Rustico-Rojo-225x105x35-768x768.webp 768w\" sizes=\"(max-width: 800px) 100vw, 800px\" \/>\t\t\t\t\t\t\t\t\t\t\t\t\t\t\t<\/div>\n\t\t\t\t<\/div>\n\t\t\t\t<\/div>\n\t\t<div class=\"elementor-element elementor-element-219f72d7 e-con-full e-flex e-con e-child\" data-id=\"219f72d7\" data-element_type=\"container\" data-e-type=\"container\">\n\t\t\t\t<div class=\"elementor-element elementor-element-6bcb9394 elementor-widget elementor-widget-heading\" data-id=\"6bcb9394\" data-element_type=\"widget\" data-e-type=\"widget\" data-widget_type=\"heading.default\">\n\t\t\t\t<div class=\"elementor-widget-container\">\n\t\t\t\t\t<h1 class=\"elementor-heading-title elementor-size-default\">Ladrilhos r\u00fasticos semi-manuais<\/h1>\t\t\t\t<\/div>\n\t\t\t\t<\/div>\n\t\t\t\t<div class=\"elementor-element elementor-element-f85c395 elementor-widget elementor-widget-text-editor\" data-id=\"f85c395\" data-element_type=\"widget\" data-e-type=\"widget\" data-widget_type=\"text-editor.default\">\n\t\t\t\t<div class=\"elementor-widget-container\">\n\t\t\t\t\t\t\t\t\t<p><strong>Tipo<\/strong>: Ladrilhos e tijoleiras em argila cozida face \u00e0 vista, tipo HD<\/p>\n<p><strong>Categoria<\/strong>: II (sistema de avalia\u00e7\u00e3o 4)<\/p>\t\t\t\t\t\t\t\t<\/div>\n\t\t\t\t<\/div>\n\t\t\t\t<div class=\"elementor-element elementor-element-24190aed elementor-widget-divider--view-line elementor-widget elementor-widget-divider\" data-id=\"24190aed\" data-element_type=\"widget\" data-e-type=\"widget\" data-widget_type=\"divider.default\">\n\t\t\t\t<div class=\"elementor-widget-container\">\n\t\t\t\t\t\t\t<div class=\"elementor-divider\">\n\t\t\t<span class=\"elementor-divider-separator\">\n\t\t\t\t\t\t<\/span>\n\t\t<\/div>\n\t\t\t\t\t\t<\/div>\n\t\t\t\t<\/div>\n\t\t\t\t<div class=\"elementor-element elementor-element-36395b4 elementor-hidden-desktop elementor-widget elementor-widget-image\" data-id=\"36395b4\" data-element_type=\"widget\" data-e-type=\"widget\" data-widget_type=\"image.default\">\n\t\t\t\t<div class=\"elementor-widget-container\">\n\t\t\t\t\t\t\t\t\t\t\t\t\t\t\t<img fetchpriority=\"high\" decoding=\"async\" width=\"800\" height=\"800\" src=\"https:\/\/lacoma.com\/pt\/wp-content\/uploads\/2025\/05\/Ladrillo-Rustico-Rojo-225x105x35.webp\" class=\"attachment-large size-large wp-image-502\" alt=\"\" srcset=\"https:\/\/lacoma.com\/pt\/wp-content\/uploads\/2025\/05\/Ladrillo-Rustico-Rojo-225x105x35.webp 800w, https:\/\/lacoma.com\/pt\/wp-content\/uploads\/2025\/05\/Ladrillo-Rustico-Rojo-225x105x35-300x300.webp 300w, https:\/\/lacoma.com\/pt\/wp-content\/uploads\/2025\/05\/Ladrillo-Rustico-Rojo-225x105x35-150x150.webp 150w, https:\/\/lacoma.com\/pt\/wp-content\/uploads\/2025\/05\/Ladrillo-Rustico-Rojo-225x105x35-768x768.webp 768w\" sizes=\"(max-width: 800px) 100vw, 800px\" \/>\t\t\t\t\t\t\t\t\t\t\t\t\t\t\t<\/div>\n\t\t\t\t<\/div>\n\t\t\t\t<div class=\"elementor-element elementor-element-791339a9 elementor-widget elementor-widget-text-editor\" data-id=\"791339a9\" data-element_type=\"widget\" data-e-type=\"widget\" data-widget_type=\"text-editor.default\">\n\t\t\t\t<div class=\"elementor-widget-container\">\n\t\t\t\t\t\t\t\t\t<p><strong>Uso previsto:<\/strong><\/p>\n<p>Fachadas interiores e exteriores sem revestimento.<\/p>\t\t\t\t\t\t\t\t<\/div>\n\t\t\t\t<\/div>\n\t\t\t\t<div class=\"elementor-element elementor-element-38bf4e60 elementor-widget elementor-widget-button\" data-id=\"38bf4e60\" data-element_type=\"widget\" data-e-type=\"widget\" data-widget_type=\"button.default\">\n\t\t\t\t<div class=\"elementor-widget-container\">\n\t\t\t\t\t\t\t\t\t<div class=\"elementor-button-wrapper\">\n\t\t\t\t\t<a class=\"elementor-button elementor-button-link elementor-size-sm\" href=\"https:\/\/rusticslacoma.com\/pt-pt\/produtos\/tijolos-rusticos-manuais\/\" target=\"_blank\">\n\t\t\t\t\t\t<span class=\"elementor-button-content-wrapper\">\n\t\t\t\t\t\t\t\t\t<span class=\"elementor-button-text\">Saiba mais sobre ladrilhos r\u00fasticos semi-manuais em rusticslacoma.com <\/span>\n\t\t\t\t\t<\/span>\n\t\t\t\t\t<\/a>\n\t\t\t\t<\/div>\n\t\t\t\t\t\t\t\t<\/div>\n\t\t\t\t<\/div>\n\t\t\t\t<\/div>\n\t\t<div class=\"elementor-element elementor-element-3215b e-con-full e-flex e-con e-child\" data-id=\"3215b\" data-element_type=\"container\" data-e-type=\"container\">\n\t\t<div class=\"elementor-element elementor-element-7bf06bc9 e-con-full e-flex e-con e-child\" data-id=\"7bf06bc9\" data-element_type=\"container\" data-e-type=\"container\" data-settings=\"{&quot;background_background&quot;:&quot;classic&quot;,&quot;sticky&quot;:&quot;top&quot;,&quot;sticky_offset&quot;:30,&quot;sticky_parent&quot;:&quot;yes&quot;,&quot;sticky_on&quot;:[&quot;desktop&quot;,&quot;tablet&quot;,&quot;mobile&quot;],&quot;sticky_effects_offset&quot;:0,&quot;sticky_anchor_link_offset&quot;:0}\">\n\t\t\t\t<div class=\"elementor-element elementor-element-4f33d4a2 elementor-widget elementor-widget-heading\" data-id=\"4f33d4a2\" data-element_type=\"widget\" data-e-type=\"widget\" data-widget_type=\"heading.default\">\n\t\t\t\t<div class=\"elementor-widget-container\">\n\t\t\t\t\t<p class=\"elementor-heading-title elementor-size-default\">TEM ALGUMA PERGUNTA?<\/p>\t\t\t\t<\/div>\n\t\t\t\t<\/div>\n\t\t\t\t<div class=\"elementor-element elementor-element-6e0f592 elementor-button-align-stretch elementor-widget elementor-widget-global elementor-global-626 elementor-widget-form\" data-id=\"6e0f592\" data-element_type=\"widget\" data-e-type=\"widget\" data-settings=\"{&quot;step_next_label&quot;:&quot;Siguiente&quot;,&quot;step_previous_label&quot;:&quot;Anterior&quot;,&quot;button_width&quot;:&quot;100&quot;,&quot;step_type&quot;:&quot;number_text&quot;,&quot;step_icon_shape&quot;:&quot;circle&quot;}\" data-widget_type=\"form.default\">\n\t\t\t\t<div class=\"elementor-widget-container\">\n\t\t\t\t\t\t\t<form class=\"elementor-form\" method=\"post\" name=\"Formulario flotante\" aria-label=\"Formulario flotante\">\n\t\t\t<input type=\"hidden\" name=\"post_id\" value=\"487\"\/>\n\t\t\t<input type=\"hidden\" name=\"form_id\" value=\"6e0f592\"\/>\n\t\t\t<input type=\"hidden\" name=\"referer_title\" value=\"\" \/>\n\n\t\t\t\n\t\t\t<div class=\"elementor-form-fields-wrapper elementor-labels-above\">\n\t\t\t\t\t\t\t\t<div class=\"elementor-field-type-textarea elementor-field-group elementor-column elementor-field-group-message elementor-col-100\">\n\t\t\t\t\t<textarea class=\"elementor-field-textual elementor-field  elementor-size-sm\" name=\"form_fields[message]\" id=\"form-field-message\" rows=\"4\" placeholder=\"Escreva a sua mensagem*\"><\/textarea>\t\t\t\t<\/div>\n\t\t\t\t\t\t\t\t<div class=\"elementor-field-type-html elementor-field-group elementor-column elementor-field-group-field_15494f6 elementor-col-100\">\n\t\t\t\t\tSe solicitar um or\u00e7amento, indique a morada, a data de entrega e os detalhes que considerar pertinentes.\t\t\t\t<\/div>\n\t\t\t\t\t\t\t\t<div class=\"elementor-field-type-text elementor-field-group elementor-column elementor-field-group-name elementor-col-100\">\n\t\t\t\t\t\t\t\t\t\t\t\t\t<input size=\"1\" type=\"text\" name=\"form_fields[name]\" id=\"form-field-name\" class=\"elementor-field elementor-size-sm  elementor-field-textual\" placeholder=\"Nome e apelido *\">\n\t\t\t\t\t\t\t\t\t\t\t<\/div>\n\t\t\t\t\t\t\t\t<div class=\"elementor-field-type-email elementor-field-group elementor-column elementor-field-group-email elementor-col-100 elementor-field-required\">\n\t\t\t\t\t\t\t\t\t\t\t\t\t<input size=\"1\" type=\"email\" name=\"form_fields[email]\" id=\"form-field-email\" class=\"elementor-field elementor-size-sm  elementor-field-textual\" placeholder=\"Endere\u00e7o de e-mail *\" required=\"required\">\n\t\t\t\t\t\t\t\t\t\t\t<\/div>\n\t\t\t\t\t\t\t\t<div class=\"elementor-field-type-tel elementor-field-group elementor-column elementor-field-group-phone elementor-col-100 elementor-field-required\">\n\t\t\t\t\t\t\t<input size=\"1\" type=\"tel\" name=\"form_fields[phone]\" id=\"form-field-phone\" class=\"elementor-field elementor-size-sm  elementor-field-textual\" placeholder=\"N\u00famero de telefone *\" required=\"required\" pattern=\"[0-9()#&amp;+*-=.]+\" title=\"Only numbers and phone characters (#, -, *, etc) are accepted.\">\n\n\t\t\t\t\t\t<\/div>\n\t\t\t\t\t\t\t\t<div class=\"elementor-field-type-acceptance elementor-field-group elementor-column elementor-field-group-acceptance elementor-col-100 elementor-field-required\">\n\t\t\t\t\t\t\t<div class=\"elementor-field-subgroup\">\n\t\t\t<span class=\"elementor-field-option\">\n\t\t\t\t<input type=\"checkbox\" name=\"form_fields[acceptance]\" id=\"form-field-acceptance\" class=\"elementor-field elementor-size-sm  elementor-acceptance-field\" required=\"required\">\n\t\t\t\t<label for=\"form-field-acceptance\">Aceito a <a href=\"https:\/\/lacoma.com\/pt\/politica-privacidade\/\" target=\"_blank\">Pol\u00edtica de Privacidade<\/a><\/label>\t\t\t<\/span>\n\t\t<\/div>\n\t\t\t\t\t\t<\/div>\n\t\t\t\t\t\t\t\t<div class=\"elementor-field-type-html elementor-field-group elementor-column elementor-field-group-field_c34e3f2 elementor-col-100\">\n\t\t\t\t\t*. Todos os campos s\u00e3o obrigat\u00f3rios\t\t\t\t<\/div>\n\t\t\t\t\t\t\t\t<div class=\"elementor-field-group elementor-column elementor-field-type-submit elementor-col-100 e-form__buttons\">\n\t\t\t\t\t<button class=\"elementor-button elementor-size-sm\" type=\"submit\">\n\t\t\t\t\t\t<span class=\"elementor-button-content-wrapper\">\n\t\t\t\t\t\t\t\t\t\t\t\t\t\t\t\t\t\t\t\t\t\t<span class=\"elementor-button-text\">Enviar<\/span>\n\t\t\t\t\t\t\t\t\t\t\t\t\t<\/span>\n\t\t\t\t\t<\/button>\n\t\t\t\t<\/div>\n\t\t\t<\/div>\n\t\t<\/form>\n\t\t\t\t\t\t<\/div>\n\t\t\t\t<\/div>\n\t\t\t\t<\/div>\n\t\t\t\t<\/div>\n\t\t\t\t\t<\/div>\n\t\t\t\t<\/div>\n\t\t<div class=\"elementor-element elementor-element-61172f75 e-flex e-con-boxed e-con e-parent\" data-id=\"61172f75\" data-element_type=\"container\" data-e-type=\"container\">\n\t\t\t\t\t<div class=\"e-con-inner\">\n\t\t\t\t<div class=\"elementor-element elementor-element-638efd2b elementor-widget elementor-widget-text-editor\" data-id=\"638efd2b\" data-element_type=\"widget\" data-e-type=\"widget\" data-widget_type=\"text-editor.default\">\n\t\t\t\t<div class=\"elementor-widget-container\">\n\t\t\t\t\t\t\t\t\t<table width=\"100%\">\n<thead>\n<tr class=\"primeira_fila\">\n<td align=\"left\"> <\/td>\n<td align=\"left\">\n<p><strong><img decoding=\"async\" class=\"alignnone size-medium wp-image-614\" src=\"https:\/\/lacoma.com\/pt\/wp-content\/uploads\/2025\/05\/brique1-300x300.webp\" alt=\"\" width=\"300\" height=\"300\" srcset=\"https:\/\/lacoma.com\/pt\/wp-content\/uploads\/2025\/05\/brique1-300x300.webp 300w, https:\/\/lacoma.com\/pt\/wp-content\/uploads\/2025\/05\/brique1-150x150.webp 150w, https:\/\/lacoma.com\/pt\/wp-content\/uploads\/2025\/05\/brique1-768x768.webp 768w, https:\/\/lacoma.com\/pt\/wp-content\/uploads\/2025\/05\/brique1.webp 800w\" sizes=\"(max-width: 300px) 100vw, 300px\" \/><br \/>Tijolo r\u00fastico 28,5 x 14 x 3<\/strong><\/p>\n<\/td>\n<td align=\"left\"><strong><img decoding=\"async\" class=\"alignnone size-medium wp-image-615\" src=\"https:\/\/lacoma.com\/pt\/wp-content\/uploads\/2025\/05\/brique2-300x300.webp\" alt=\"\" width=\"300\" height=\"300\" srcset=\"https:\/\/lacoma.com\/pt\/wp-content\/uploads\/2025\/05\/brique2-300x300.webp 300w, https:\/\/lacoma.com\/pt\/wp-content\/uploads\/2025\/05\/brique2-150x150.webp 150w, https:\/\/lacoma.com\/pt\/wp-content\/uploads\/2025\/05\/brique2-768x768.webp 768w, https:\/\/lacoma.com\/pt\/wp-content\/uploads\/2025\/05\/brique2.webp 800w\" sizes=\"(max-width: 300px) 100vw, 300px\" \/><br \/><\/strong><strong>Tijolo r\u00fastico 25,5 x 12 x 4<\/strong><\/td>\n<\/tr>\n<\/thead>\n<tbody>\n<tr>\n<td align=\"left\"><strong>Cores<\/strong><\/td>\n<td align=\"left\">Vermelho\/Branco<\/td>\n<td align=\"left\">Vermelho\/Branco<\/td>\n<\/tr>\n<tr>\n<td align=\"left\"><strong>Dimens\u00f5es (cm)<\/strong><\/td>\n<td align=\"left\">23 x 10,5 x 3,5<\/td>\n<td align=\"left\">25,5 x 12 x 4<\/td>\n<\/tr>\n<tr>\n<td align=\"left\"><strong>Pe\u00e7as\/palete<\/strong><\/td>\n<td align=\"left\">932<\/td>\n<td align=\"left\">630<\/td>\n<\/tr>\n<tr>\n<td align=\"left\"><strong>Massa m\u00ednima<\/strong><\/td>\n<td align=\"left\">1,4 kgs<\/td>\n<td align=\"left\">2 kgs<\/td>\n<\/tr>\n<tr>\n<td align=\"left\"><strong>Resist\u00eancia normalizada<\/strong><\/td>\n<td align=\"left\">24N\/mm\u00b2<\/td>\n<td align=\"left\">20N\/mm\u00b2<\/td>\n<\/tr>\n<tr>\n<td align=\"left\"><strong>Resist\u00eancia ao gelo\/degelo<\/strong><\/td>\n<td align=\"left\">F2 (exposi\u00e7\u00e3o severa)<\/td>\n<td align=\"left\">F2 (exposi\u00e7\u00e3o severa)<\/td>\n<\/tr>\n<tr>\n<td align=\"left\"><strong>Gelividade<\/strong><\/td>\n<td align=\"left\">N\u00e3o geliv\u00e1vel<\/td>\n<td align=\"left\">N\u00e3o geliv\u00e1vel<\/td>\n<\/tr>\n<\/tbody>\n<\/table>\t\t\t\t\t\t\t\t<\/div>\n\t\t\t\t<\/div>\n\t\t\t\t\t<\/div>\n\t\t\t\t<\/div>\n\t\t\t\t<\/div>\n\t\t","protected":false},"excerpt":{"rendered":"<p>Tipo: Ladrilhos e tijoleiras em argila cozida face \u00e0 vista, tipo HD Categoria: II (sistema de avalia\u00e7\u00e3o 4) Uso previsto: Fachadas interiores e exteriores sem revestimento. Saiba mais sobre ladrilhos r\u00fasticos semi-manuais em rusticslacoma.com TEM ALGUMA PERGUNTA? Tijolo r\u00fastico 28,5 x 14 x 3 Tijolo r\u00fastico 25,5 x 12 x 4 Cores Vermelho\/Branco Vermelho\/Branco Dimens\u00f5es [&hellip;]<\/p>\n","protected":false},"author":1,"featured_media":0,"parent":220,"menu_order":0,"comment_status":"closed","ping_status":"closed","template":"","meta":{"footnotes":""},"class_list":["post-487","page","type-page","status-publish","hentry"],"_links":{"self":[{"href":"https:\/\/lacoma.com\/pt\/wp-json\/wp\/v2\/pages\/487","targetHints":{"allow":["GET"]}}],"collection":[{"href":"https:\/\/lacoma.com\/pt\/wp-json\/wp\/v2\/pages"}],"about":[{"href":"https:\/\/lacoma.com\/pt\/wp-json\/wp\/v2\/types\/page"}],"author":[{"embeddable":true,"href":"https:\/\/lacoma.com\/pt\/wp-json\/wp\/v2\/users\/1"}],"replies":[{"embeddable":true,"href":"https:\/\/lacoma.com\/pt\/wp-json\/wp\/v2\/comments?post=487"}],"version-history":[{"count":17,"href":"https:\/\/lacoma.com\/pt\/wp-json\/wp\/v2\/pages\/487\/revisions"}],"predecessor-version":[{"id":1110,"href":"https:\/\/lacoma.com\/pt\/wp-json\/wp\/v2\/pages\/487\/revisions\/1110"}],"up":[{"embeddable":true,"href":"https:\/\/lacoma.com\/pt\/wp-json\/wp\/v2\/pages\/220"}],"wp:attachment":[{"href":"https:\/\/lacoma.com\/pt\/wp-json\/wp\/v2\/media?parent=487"}],"curies":[{"name":"wp","href":"https:\/\/api.w.org\/{rel}","templated":true}]}}