{"id":486,"date":"2025-05-02T13:23:42","date_gmt":"2025-05-02T11:23:42","guid":{"rendered":"https:\/\/lacoma.com\/pt\/?page_id=486"},"modified":"2026-04-22T20:42:27","modified_gmt":"2026-04-22T18:42:27","slug":"tijoleiras-rusticas-semi-manuais","status":"publish","type":"page","link":"https:\/\/lacoma.com\/pt\/productos\/ladrilhos-e-tijoleiras-rusticas\/tijoleiras-rusticas-semi-manuais\/","title":{"rendered":"Tijoleiras r\u00fasticas semi-manuais"},"content":{"rendered":"\t\t<div data-elementor-type=\"wp-page\" data-elementor-id=\"486\" class=\"elementor elementor-486\" data-elementor-post-type=\"page\">\n\t\t\t\t<div class=\"elementor-element elementor-element-29c637fd e-flex e-con-boxed e-con e-parent\" data-id=\"29c637fd\" data-element_type=\"container\" data-e-type=\"container\">\n\t\t\t\t\t<div class=\"e-con-inner\">\n\t\t<div class=\"elementor-element elementor-element-6c878e6a e-con-full elementor-hidden-tablet elementor-hidden-mobile e-flex e-con e-child\" data-id=\"6c878e6a\" data-element_type=\"container\" data-e-type=\"container\">\n\t\t\t\t<div class=\"elementor-element elementor-element-164986f2 elementor-widget elementor-widget-image\" data-id=\"164986f2\" data-element_type=\"widget\" data-e-type=\"widget\" data-widget_type=\"image.default\">\n\t\t\t\t<div class=\"elementor-widget-container\">\n\t\t\t\t\t\t\t\t\t\t\t\t\t\t\t<img fetchpriority=\"high\" decoding=\"async\" width=\"800\" height=\"800\" src=\"https:\/\/lacoma.com\/pt\/wp-content\/uploads\/2025\/05\/Baldosa-Rustica-Roja-300x300-1.webp\" class=\"attachment-large size-large wp-image-501\" alt=\"\" srcset=\"https:\/\/lacoma.com\/pt\/wp-content\/uploads\/2025\/05\/Baldosa-Rustica-Roja-300x300-1.webp 800w, https:\/\/lacoma.com\/pt\/wp-content\/uploads\/2025\/05\/Baldosa-Rustica-Roja-300x300-1-300x300.webp 300w, https:\/\/lacoma.com\/pt\/wp-content\/uploads\/2025\/05\/Baldosa-Rustica-Roja-300x300-1-150x150.webp 150w, https:\/\/lacoma.com\/pt\/wp-content\/uploads\/2025\/05\/Baldosa-Rustica-Roja-300x300-1-768x768.webp 768w\" sizes=\"(max-width: 800px) 100vw, 800px\" \/>\t\t\t\t\t\t\t\t\t\t\t\t\t\t\t<\/div>\n\t\t\t\t<\/div>\n\t\t\t\t<\/div>\n\t\t<div class=\"elementor-element elementor-element-99f2f38 e-con-full e-flex e-con e-child\" data-id=\"99f2f38\" data-element_type=\"container\" data-e-type=\"container\">\n\t\t\t\t<div class=\"elementor-element elementor-element-5fa9de1c elementor-widget elementor-widget-heading\" data-id=\"5fa9de1c\" data-element_type=\"widget\" data-e-type=\"widget\" data-widget_type=\"heading.default\">\n\t\t\t\t<div class=\"elementor-widget-container\">\n\t\t\t\t\t<h1 class=\"elementor-heading-title elementor-size-default\">Tijoleiras r\u00fasticas semi-manuais<\/h1>\t\t\t\t<\/div>\n\t\t\t\t<\/div>\n\t\t\t\t<div class=\"elementor-element elementor-element-4d2d590c elementor-widget elementor-widget-text-editor\" data-id=\"4d2d590c\" data-element_type=\"widget\" data-e-type=\"widget\" data-widget_type=\"text-editor.default\">\n\t\t\t\t<div class=\"elementor-widget-container\">\n\t\t\t\t\t\t\t\t\t<p><strong>Tipo<\/strong>: Ladrilhos e tijoleiras em argila cozida face \u00e0 vista, tipo HD<br \/><strong>Categoria<\/strong>: II (sistema de avalia\u00e7\u00e3o 4)<\/p>\t\t\t\t\t\t\t\t<\/div>\n\t\t\t\t<\/div>\n\t\t\t\t<div class=\"elementor-element elementor-element-54211fc0 elementor-widget-divider--view-line elementor-widget elementor-widget-divider\" data-id=\"54211fc0\" data-element_type=\"widget\" data-e-type=\"widget\" data-widget_type=\"divider.default\">\n\t\t\t\t<div class=\"elementor-widget-container\">\n\t\t\t\t\t\t\t<div class=\"elementor-divider\">\n\t\t\t<span class=\"elementor-divider-separator\">\n\t\t\t\t\t\t<\/span>\n\t\t<\/div>\n\t\t\t\t\t\t<\/div>\n\t\t\t\t<\/div>\n\t\t\t\t<div class=\"elementor-element elementor-element-2e65272c elementor-hidden-desktop elementor-widget elementor-widget-image\" data-id=\"2e65272c\" data-element_type=\"widget\" data-e-type=\"widget\" data-widget_type=\"image.default\">\n\t\t\t\t<div class=\"elementor-widget-container\">\n\t\t\t\t\t\t\t\t\t\t\t\t\t\t\t<img fetchpriority=\"high\" decoding=\"async\" width=\"800\" height=\"800\" src=\"https:\/\/lacoma.com\/pt\/wp-content\/uploads\/2025\/05\/Baldosa-Rustica-Roja-300x300-1.webp\" class=\"attachment-large size-large wp-image-501\" alt=\"\" srcset=\"https:\/\/lacoma.com\/pt\/wp-content\/uploads\/2025\/05\/Baldosa-Rustica-Roja-300x300-1.webp 800w, https:\/\/lacoma.com\/pt\/wp-content\/uploads\/2025\/05\/Baldosa-Rustica-Roja-300x300-1-300x300.webp 300w, https:\/\/lacoma.com\/pt\/wp-content\/uploads\/2025\/05\/Baldosa-Rustica-Roja-300x300-1-150x150.webp 150w, https:\/\/lacoma.com\/pt\/wp-content\/uploads\/2025\/05\/Baldosa-Rustica-Roja-300x300-1-768x768.webp 768w\" sizes=\"(max-width: 800px) 100vw, 800px\" \/>\t\t\t\t\t\t\t\t\t\t\t\t\t\t\t<\/div>\n\t\t\t\t<\/div>\n\t\t\t\t<div class=\"elementor-element elementor-element-33f10d68 elementor-widget elementor-widget-text-editor\" data-id=\"33f10d68\" data-element_type=\"widget\" data-e-type=\"widget\" data-widget_type=\"text-editor.default\">\n\t\t\t\t<div class=\"elementor-widget-container\">\n\t\t\t\t\t\t\t\t\t<table width=\"100%\"><thead><tr class=\"primeira_fila\"><td align=\"left\">\u00a0<\/td><td align=\"left\"><strong><img decoding=\"async\" class=\"alignnone wp-image-2034 size-full\" src=\"https:\/\/lacoma.com\/wp-content\/uploads\/2018\/12\/Baldosa-Rustica-Roja-290x135.jpg\" alt=\"\" width=\"800\" height=\"800\" \/> Tijoleira r\u00fastica 28,5 x 14 x 3<\/strong><\/td><td align=\"left\"><strong><img decoding=\"async\" class=\"alignnone wp-image-2035 size-full\" src=\"https:\/\/lacoma.com\/wp-content\/uploads\/2018\/12\/Baldosa-Rustica-Roja-300x300.jpg\" alt=\"\" width=\"800\" height=\"800\" \/>Tijoleira r\u00fastica\u00a0<\/strong><strong>30 x 30 x 2,5<\/strong><\/td><\/tr><\/thead><tbody><tr><td align=\"left\"><strong>Cores<\/strong><\/td><td align=\"left\">Vermelho\/Branco<\/td><td align=\"left\">Vermelho\/Branco<\/td><\/tr><tr><td align=\"left\"><strong>Dimens\u00f5es (cm)<\/strong><\/td><td align=\"left\">28,5 x 14 x 3<\/td><td align=\"left\">30 x 30 x 2,5<\/td><\/tr><tr><td align=\"left\"><strong>Pe\u00e7as\/palete<\/strong><\/td><td align=\"left\">465<\/td><td align=\"left\">210<\/td><\/tr><tr><td align=\"left\"><strong>Massa m\u00ednima<\/strong><\/td><td align=\"left\">2 kgs<\/td><td align=\"left\">4 kgs<\/td><\/tr><tr><td align=\"left\"><strong>Resist\u00eancia normalizada<\/strong><\/td><td align=\"left\">21N\/mm\u00b2<\/td><td align=\"left\">21N\/mm\u00b2<\/td><\/tr><tr><td align=\"left\"><strong>Resist\u00eancia ao gelo\/degelo<\/strong><\/td><td align=\"left\">F2 (exposi\u00e7\u00e3o severa)<\/td><td align=\"left\">F2 (exposi\u00e7\u00e3o severa)<\/td><\/tr><tr><td align=\"left\"><strong>Gelividade<\/strong><\/td><td align=\"left\">N\u00e3o geliv\u00e1vel<\/td><td align=\"left\">N\u00e3o geliv\u00e1vel<\/td><\/tr><\/tbody><\/table>\t\t\t\t\t\t\t\t<\/div>\n\t\t\t\t<\/div>\n\t\t\t\t<div class=\"elementor-element elementor-element-113606ca elementor-widget elementor-widget-button\" data-id=\"113606ca\" data-element_type=\"widget\" data-e-type=\"widget\" data-widget_type=\"button.default\">\n\t\t\t\t<div class=\"elementor-widget-container\">\n\t\t\t\t\t\t\t\t\t<div class=\"elementor-button-wrapper\">\n\t\t\t\t\t<a class=\"elementor-button elementor-button-link elementor-size-sm\" href=\"https:\/\/rusticslacoma.com\/pt-pt\/produtos\/telhas-rusticas-semi-manuais\/\" target=\"_blank\">\n\t\t\t\t\t\t<span class=\"elementor-button-content-wrapper\">\n\t\t\t\t\t\t\t\t\t<span class=\"elementor-button-text\">Saiba mais sobre tijoleiras r\u00fasticas semi-manuais em rusticslacoma.com <\/span>\n\t\t\t\t\t<\/span>\n\t\t\t\t\t<\/a>\n\t\t\t\t<\/div>\n\t\t\t\t\t\t\t\t<\/div>\n\t\t\t\t<\/div>\n\t\t\t\t<\/div>\n\t\t<div class=\"elementor-element elementor-element-3848d4f3 e-con-full e-flex e-con e-child\" data-id=\"3848d4f3\" data-element_type=\"container\" data-e-type=\"container\">\n\t\t<div class=\"elementor-element elementor-element-73fa911e e-con-full e-flex e-con e-child\" data-id=\"73fa911e\" data-element_type=\"container\" data-e-type=\"container\" data-settings=\"{&quot;background_background&quot;:&quot;classic&quot;,&quot;sticky&quot;:&quot;top&quot;,&quot;sticky_offset&quot;:30,&quot;sticky_parent&quot;:&quot;yes&quot;,&quot;sticky_on&quot;:[&quot;desktop&quot;,&quot;tablet&quot;,&quot;mobile&quot;],&quot;sticky_effects_offset&quot;:0,&quot;sticky_anchor_link_offset&quot;:0}\">\n\t\t\t\t<div class=\"elementor-element elementor-element-5157df19 elementor-widget elementor-widget-heading\" data-id=\"5157df19\" data-element_type=\"widget\" data-e-type=\"widget\" data-widget_type=\"heading.default\">\n\t\t\t\t<div class=\"elementor-widget-container\">\n\t\t\t\t\t<p class=\"elementor-heading-title elementor-size-default\">TEM ALGUMA PERGUNTA?<\/p>\t\t\t\t<\/div>\n\t\t\t\t<\/div>\n\t\t\t\t<div class=\"elementor-element elementor-element-34f6f99 elementor-button-align-stretch elementor-widget elementor-widget-global elementor-global-626 elementor-widget-form\" data-id=\"34f6f99\" data-element_type=\"widget\" data-e-type=\"widget\" data-settings=\"{&quot;step_next_label&quot;:&quot;Siguiente&quot;,&quot;step_previous_label&quot;:&quot;Anterior&quot;,&quot;button_width&quot;:&quot;100&quot;,&quot;step_type&quot;:&quot;number_text&quot;,&quot;step_icon_shape&quot;:&quot;circle&quot;}\" data-widget_type=\"form.default\">\n\t\t\t\t<div class=\"elementor-widget-container\">\n\t\t\t\t\t\t\t<form class=\"elementor-form\" method=\"post\" name=\"Formulario flotante\" aria-label=\"Formulario flotante\">\n\t\t\t<input type=\"hidden\" name=\"post_id\" value=\"486\"\/>\n\t\t\t<input type=\"hidden\" name=\"form_id\" value=\"34f6f99\"\/>\n\t\t\t<input type=\"hidden\" name=\"referer_title\" value=\"\" \/>\n\n\t\t\t\n\t\t\t<div class=\"elementor-form-fields-wrapper elementor-labels-above\">\n\t\t\t\t\t\t\t\t<div class=\"elementor-field-type-textarea elementor-field-group elementor-column elementor-field-group-message elementor-col-100\">\n\t\t\t\t\t<textarea class=\"elementor-field-textual elementor-field  elementor-size-sm\" name=\"form_fields[message]\" id=\"form-field-message\" rows=\"4\" placeholder=\"Escreva a sua mensagem*\"><\/textarea>\t\t\t\t<\/div>\n\t\t\t\t\t\t\t\t<div class=\"elementor-field-type-html elementor-field-group elementor-column elementor-field-group-field_15494f6 elementor-col-100\">\n\t\t\t\t\tSe solicitar um or\u00e7amento, indique a morada, a data de entrega e os detalhes que considerar pertinentes.\t\t\t\t<\/div>\n\t\t\t\t\t\t\t\t<div class=\"elementor-field-type-text elementor-field-group elementor-column elementor-field-group-name elementor-col-100\">\n\t\t\t\t\t\t\t\t\t\t\t\t\t<input size=\"1\" type=\"text\" name=\"form_fields[name]\" id=\"form-field-name\" class=\"elementor-field elementor-size-sm  elementor-field-textual\" placeholder=\"Nome e apelido *\">\n\t\t\t\t\t\t\t\t\t\t\t<\/div>\n\t\t\t\t\t\t\t\t<div class=\"elementor-field-type-email elementor-field-group elementor-column elementor-field-group-email elementor-col-100 elementor-field-required\">\n\t\t\t\t\t\t\t\t\t\t\t\t\t<input size=\"1\" type=\"email\" name=\"form_fields[email]\" id=\"form-field-email\" class=\"elementor-field elementor-size-sm  elementor-field-textual\" placeholder=\"Endere\u00e7o de e-mail *\" required=\"required\">\n\t\t\t\t\t\t\t\t\t\t\t<\/div>\n\t\t\t\t\t\t\t\t<div class=\"elementor-field-type-tel elementor-field-group elementor-column elementor-field-group-phone elementor-col-100 elementor-field-required\">\n\t\t\t\t\t\t\t<input size=\"1\" type=\"tel\" name=\"form_fields[phone]\" id=\"form-field-phone\" class=\"elementor-field elementor-size-sm  elementor-field-textual\" placeholder=\"N\u00famero de telefone *\" required=\"required\" pattern=\"[0-9()#&amp;+*-=.]+\" title=\"Only numbers and phone characters (#, -, *, etc) are accepted.\">\n\n\t\t\t\t\t\t<\/div>\n\t\t\t\t\t\t\t\t<div class=\"elementor-field-type-acceptance elementor-field-group elementor-column elementor-field-group-acceptance elementor-col-100 elementor-field-required\">\n\t\t\t\t\t\t\t<div class=\"elementor-field-subgroup\">\n\t\t\t<span class=\"elementor-field-option\">\n\t\t\t\t<input type=\"checkbox\" name=\"form_fields[acceptance]\" id=\"form-field-acceptance\" class=\"elementor-field elementor-size-sm  elementor-acceptance-field\" required=\"required\">\n\t\t\t\t<label for=\"form-field-acceptance\">Aceito a <a href=\"https:\/\/lacoma.com\/pt\/politica-privacidade\/\" target=\"_blank\">Pol\u00edtica de Privacidade<\/a><\/label>\t\t\t<\/span>\n\t\t<\/div>\n\t\t\t\t\t\t<\/div>\n\t\t\t\t\t\t\t\t<div class=\"elementor-field-type-html elementor-field-group elementor-column elementor-field-group-field_c34e3f2 elementor-col-100\">\n\t\t\t\t\t*. Todos os campos s\u00e3o obrigat\u00f3rios\t\t\t\t<\/div>\n\t\t\t\t\t\t\t\t<div class=\"elementor-field-group elementor-column elementor-field-type-submit elementor-col-100 e-form__buttons\">\n\t\t\t\t\t<button class=\"elementor-button elementor-size-sm\" type=\"submit\">\n\t\t\t\t\t\t<span class=\"elementor-button-content-wrapper\">\n\t\t\t\t\t\t\t\t\t\t\t\t\t\t\t\t\t\t\t\t\t\t<span class=\"elementor-button-text\">Enviar<\/span>\n\t\t\t\t\t\t\t\t\t\t\t\t\t<\/span>\n\t\t\t\t\t<\/button>\n\t\t\t\t<\/div>\n\t\t\t<\/div>\n\t\t<\/form>\n\t\t\t\t\t\t<\/div>\n\t\t\t\t<\/div>\n\t\t\t\t<\/div>\n\t\t\t\t<\/div>\n\t\t\t\t\t<\/div>\n\t\t\t\t<\/div>\n\t\t\t\t<\/div>\n\t\t","protected":false},"excerpt":{"rendered":"<p>Tipo: Ladrilhos e tijoleiras em argila cozida face \u00e0 vista, tipo HDCategoria: II (sistema de avalia\u00e7\u00e3o 4) \u00a0 Tijoleira r\u00fastica 28,5 x 14 x 3 Tijoleira r\u00fastica\u00a030 x 30 x 2,5 Cores Vermelho\/Branco Vermelho\/Branco Dimens\u00f5es (cm) 28,5 x 14 x 3 30 x 30 x 2,5 Pe\u00e7as\/palete 465 210 Massa m\u00ednima 2 kgs 4 kgs [&hellip;]<\/p>\n","protected":false},"author":1,"featured_media":0,"parent":220,"menu_order":0,"comment_status":"closed","ping_status":"closed","template":"","meta":{"footnotes":""},"class_list":["post-486","page","type-page","status-publish","hentry"],"_links":{"self":[{"href":"https:\/\/lacoma.com\/pt\/wp-json\/wp\/v2\/pages\/486","targetHints":{"allow":["GET"]}}],"collection":[{"href":"https:\/\/lacoma.com\/pt\/wp-json\/wp\/v2\/pages"}],"about":[{"href":"https:\/\/lacoma.com\/pt\/wp-json\/wp\/v2\/types\/page"}],"author":[{"embeddable":true,"href":"https:\/\/lacoma.com\/pt\/wp-json\/wp\/v2\/users\/1"}],"replies":[{"embeddable":true,"href":"https:\/\/lacoma.com\/pt\/wp-json\/wp\/v2\/comments?post=486"}],"version-history":[{"count":16,"href":"https:\/\/lacoma.com\/pt\/wp-json\/wp\/v2\/pages\/486\/revisions"}],"predecessor-version":[{"id":1235,"href":"https:\/\/lacoma.com\/pt\/wp-json\/wp\/v2\/pages\/486\/revisions\/1235"}],"up":[{"embeddable":true,"href":"https:\/\/lacoma.com\/pt\/wp-json\/wp\/v2\/pages\/220"}],"wp:attachment":[{"href":"https:\/\/lacoma.com\/pt\/wp-json\/wp\/v2\/media?parent=486"}],"curies":[{"name":"wp","href":"https:\/\/api.w.org\/{rel}","templated":true}]}}