{"id":417,"date":"2025-05-02T08:48:49","date_gmt":"2025-05-02T06:48:49","guid":{"rendered":"https:\/\/lacoma.com\/pt\/?page_id=417"},"modified":"2026-04-22T12:23:14","modified_gmt":"2026-04-22T10:23:14","slug":"telhas-de-betao","status":"publish","type":"page","link":"https:\/\/lacoma.com\/pt\/productos\/telhas\/telhas-de-betao\/","title":{"rendered":"Telhas de bet\u00e3o"},"content":{"rendered":"\t\t<div data-elementor-type=\"wp-page\" data-elementor-id=\"417\" class=\"elementor elementor-417\" data-elementor-post-type=\"page\">\n\t\t\t\t<div class=\"elementor-element elementor-element-39a034a1 e-flex e-con-boxed e-con e-parent\" data-id=\"39a034a1\" data-element_type=\"container\" data-e-type=\"container\">\n\t\t\t\t\t<div class=\"e-con-inner\">\n\t\t<div class=\"elementor-element elementor-element-b7b65bb e-con-full elementor-hidden-tablet elementor-hidden-mobile e-flex e-con e-child\" data-id=\"b7b65bb\" data-element_type=\"container\" data-e-type=\"container\">\n\t\t\t\t<div class=\"elementor-element elementor-element-134cce8 elementor-widget elementor-widget-image\" data-id=\"134cce8\" data-element_type=\"widget\" data-e-type=\"widget\" data-widget_type=\"image.default\">\n\t\t\t\t<div class=\"elementor-widget-container\">\n\t\t\t\t\t\t\t\t\t\t\t\t\t\t\t<img fetchpriority=\"high\" decoding=\"async\" width=\"320\" height=\"320\" src=\"https:\/\/lacoma.com\/pt\/wp-content\/uploads\/2025\/05\/Tuiles-en-beton.webp\" class=\"attachment-large size-large wp-image-405\" alt=\"\" srcset=\"https:\/\/lacoma.com\/pt\/wp-content\/uploads\/2025\/05\/Tuiles-en-beton.webp 320w, https:\/\/lacoma.com\/pt\/wp-content\/uploads\/2025\/05\/Tuiles-en-beton-300x300.webp 300w, https:\/\/lacoma.com\/pt\/wp-content\/uploads\/2025\/05\/Tuiles-en-beton-150x150.webp 150w\" sizes=\"(max-width: 320px) 100vw, 320px\" \/>\t\t\t\t\t\t\t\t\t\t\t\t\t\t\t<\/div>\n\t\t\t\t<\/div>\n\t\t\t\t<\/div>\n\t\t<div class=\"elementor-element elementor-element-619bc07 e-con-full e-flex e-con e-child\" data-id=\"619bc07\" data-element_type=\"container\" data-e-type=\"container\">\n\t\t\t\t<div class=\"elementor-element elementor-element-543d35e3 elementor-widget elementor-widget-heading\" data-id=\"543d35e3\" data-element_type=\"widget\" data-e-type=\"widget\" data-widget_type=\"heading.default\">\n\t\t\t\t<div class=\"elementor-widget-container\">\n\t\t\t\t\t<h1 class=\"elementor-heading-title elementor-size-default\">Telhas de bet\u00e3o<\/h1>\t\t\t\t<\/div>\n\t\t\t\t<\/div>\n\t\t\t\t<div class=\"elementor-element elementor-element-3eacee6e elementor-widget elementor-widget-text-editor\" data-id=\"3eacee6e\" data-element_type=\"widget\" data-e-type=\"widget\" data-widget_type=\"text-editor.default\">\n\t\t\t\t<div class=\"elementor-widget-container\">\n\t\t\t\t\t\t\t\t\t<p><strong>Tipo<\/strong>: Telhas de bet\u00e3o e os seus acess\u00f3rios<\/p><p><strong>Categoria<\/strong>: I<\/p>\t\t\t\t\t\t\t\t<\/div>\n\t\t\t\t<\/div>\n\t\t\t\t<div class=\"elementor-element elementor-element-40f7f552 elementor-widget-divider--view-line elementor-widget elementor-widget-divider\" data-id=\"40f7f552\" data-element_type=\"widget\" data-e-type=\"widget\" data-widget_type=\"divider.default\">\n\t\t\t\t<div class=\"elementor-widget-container\">\n\t\t\t\t\t\t\t<div class=\"elementor-divider\">\n\t\t\t<span class=\"elementor-divider-separator\">\n\t\t\t\t\t\t<\/span>\n\t\t<\/div>\n\t\t\t\t\t\t<\/div>\n\t\t\t\t<\/div>\n\t\t<div class=\"elementor-element elementor-element-29253d38 e-con-full e-flex e-con e-child\" data-id=\"29253d38\" data-element_type=\"container\" data-e-type=\"container\">\n\t\t\t\t<div class=\"elementor-element elementor-element-39df3fab elementor-widget__width-auto elementor-widget elementor-widget-image\" data-id=\"39df3fab\" data-element_type=\"widget\" data-e-type=\"widget\" data-widget_type=\"image.default\">\n\t\t\t\t<div class=\"elementor-widget-container\">\n\t\t\t\t\t\t\t\t\t\t\t\t\t\t\t<img decoding=\"async\" width=\"75\" height=\"122\" src=\"https:\/\/lacoma.com\/pt\/wp-content\/uploads\/2025\/05\/aenor.webp\" class=\"attachment-large size-large wp-image-431\" alt=\"\" \/>\t\t\t\t\t\t\t\t\t\t\t\t\t\t\t<\/div>\n\t\t\t\t<\/div>\n\t\t\t\t<div class=\"elementor-element elementor-element-61b5dd31 elementor-widget__width-auto elementor-widget elementor-widget-text-editor\" data-id=\"61b5dd31\" data-element_type=\"widget\" data-e-type=\"widget\" data-widget_type=\"text-editor.default\">\n\t\t\t\t<div class=\"elementor-widget-container\">\n\t\t\t\t\t\t\t\t\t<p>Disp\u00f5e de certificado AENOR<\/p>\t\t\t\t\t\t\t\t<\/div>\n\t\t\t\t<\/div>\n\t\t\t\t<\/div>\n\t\t\t\t<div class=\"elementor-element elementor-element-3fe8d451 elementor-widget-divider--view-line elementor-widget elementor-widget-divider\" data-id=\"3fe8d451\" data-element_type=\"widget\" data-e-type=\"widget\" data-widget_type=\"divider.default\">\n\t\t\t\t<div class=\"elementor-widget-container\">\n\t\t\t\t\t\t\t<div class=\"elementor-divider\">\n\t\t\t<span class=\"elementor-divider-separator\">\n\t\t\t\t\t\t<\/span>\n\t\t<\/div>\n\t\t\t\t\t\t<\/div>\n\t\t\t\t<\/div>\n\t\t\t\t<div class=\"elementor-element elementor-element-53a3bebe elementor-hidden-desktop elementor-widget elementor-widget-image\" data-id=\"53a3bebe\" data-element_type=\"widget\" data-e-type=\"widget\" data-widget_type=\"image.default\">\n\t\t\t\t<div class=\"elementor-widget-container\">\n\t\t\t\t\t\t\t\t\t\t\t\t\t\t\t<img fetchpriority=\"high\" decoding=\"async\" width=\"320\" height=\"320\" src=\"https:\/\/lacoma.com\/pt\/wp-content\/uploads\/2025\/05\/Tuiles-en-beton.webp\" class=\"attachment-large size-large wp-image-405\" alt=\"\" srcset=\"https:\/\/lacoma.com\/pt\/wp-content\/uploads\/2025\/05\/Tuiles-en-beton.webp 320w, https:\/\/lacoma.com\/pt\/wp-content\/uploads\/2025\/05\/Tuiles-en-beton-300x300.webp 300w, https:\/\/lacoma.com\/pt\/wp-content\/uploads\/2025\/05\/Tuiles-en-beton-150x150.webp 150w\" sizes=\"(max-width: 320px) 100vw, 320px\" \/>\t\t\t\t\t\t\t\t\t\t\t\t\t\t\t<\/div>\n\t\t\t\t<\/div>\n\t\t\t\t<div class=\"elementor-element elementor-element-f62e87c elementor-widget elementor-widget-text-editor\" data-id=\"f62e87c\" data-element_type=\"widget\" data-e-type=\"widget\" data-widget_type=\"text-editor.default\">\n\t\t\t\t<div class=\"elementor-widget-container\">\n\t\t\t\t\t\t\t\t\t<p><strong>Uso previsto:<\/strong><\/p><p>Dispon\u00edveis em vermelho, cinza e vermelho envelhecido, estas telhas de bet\u00e3o oferecem rendimento e robustez.<\/p><p>Com estas telhas, poder\u00e1 construir telhados de bet\u00e3o inclinados em exteriores com perfil \u00e1rabe tradicional. S\u00e3o telhas perfeitas para qualquer zona clim\u00e1tica, com baixos n\u00edveis de absor\u00e7\u00e3o de \u00e1gua e f\u00e1ceis de instalar.<\/p>\t\t\t\t\t\t\t\t<\/div>\n\t\t\t\t<\/div>\n\t\t\t\t<\/div>\n\t\t<div class=\"elementor-element elementor-element-40a8468f e-con-full e-flex e-con e-child\" data-id=\"40a8468f\" data-element_type=\"container\" data-e-type=\"container\">\n\t\t<div class=\"elementor-element elementor-element-49c0cbad e-con-full e-flex e-con e-child\" data-id=\"49c0cbad\" data-element_type=\"container\" data-e-type=\"container\" data-settings=\"{&quot;background_background&quot;:&quot;classic&quot;,&quot;sticky&quot;:&quot;top&quot;,&quot;sticky_offset&quot;:30,&quot;sticky_parent&quot;:&quot;yes&quot;,&quot;sticky_on&quot;:[&quot;desktop&quot;,&quot;tablet&quot;,&quot;mobile&quot;],&quot;sticky_effects_offset&quot;:0,&quot;sticky_anchor_link_offset&quot;:0}\">\n\t\t\t\t<div class=\"elementor-element elementor-element-744dd16e elementor-widget elementor-widget-heading\" data-id=\"744dd16e\" data-element_type=\"widget\" data-e-type=\"widget\" data-widget_type=\"heading.default\">\n\t\t\t\t<div class=\"elementor-widget-container\">\n\t\t\t\t\t<p class=\"elementor-heading-title elementor-size-default\">TEM ALGUMA PERGUNTA?<\/p>\t\t\t\t<\/div>\n\t\t\t\t<\/div>\n\t\t\t\t<div class=\"elementor-element elementor-element-9872ed7 elementor-button-align-stretch elementor-widget elementor-widget-global elementor-global-626 elementor-widget-form\" data-id=\"9872ed7\" data-element_type=\"widget\" data-e-type=\"widget\" data-settings=\"{&quot;step_next_label&quot;:&quot;Siguiente&quot;,&quot;step_previous_label&quot;:&quot;Anterior&quot;,&quot;button_width&quot;:&quot;100&quot;,&quot;step_type&quot;:&quot;number_text&quot;,&quot;step_icon_shape&quot;:&quot;circle&quot;}\" data-widget_type=\"form.default\">\n\t\t\t\t<div class=\"elementor-widget-container\">\n\t\t\t\t\t\t\t<form class=\"elementor-form\" method=\"post\" name=\"Formulario flotante\" aria-label=\"Formulario flotante\">\n\t\t\t<input type=\"hidden\" name=\"post_id\" value=\"417\"\/>\n\t\t\t<input type=\"hidden\" name=\"form_id\" value=\"9872ed7\"\/>\n\t\t\t<input type=\"hidden\" name=\"referer_title\" value=\"\" \/>\n\n\t\t\t\n\t\t\t<div class=\"elementor-form-fields-wrapper elementor-labels-above\">\n\t\t\t\t\t\t\t\t<div class=\"elementor-field-type-textarea elementor-field-group elementor-column elementor-field-group-message elementor-col-100\">\n\t\t\t\t\t<textarea class=\"elementor-field-textual elementor-field  elementor-size-sm\" name=\"form_fields[message]\" id=\"form-field-message\" rows=\"4\" placeholder=\"Escreva a sua mensagem*\"><\/textarea>\t\t\t\t<\/div>\n\t\t\t\t\t\t\t\t<div class=\"elementor-field-type-html elementor-field-group elementor-column elementor-field-group-field_15494f6 elementor-col-100\">\n\t\t\t\t\tSe solicitar um or\u00e7amento, indique a morada, a data de entrega e os detalhes que considerar pertinentes.\t\t\t\t<\/div>\n\t\t\t\t\t\t\t\t<div class=\"elementor-field-type-text elementor-field-group elementor-column elementor-field-group-name elementor-col-100\">\n\t\t\t\t\t\t\t\t\t\t\t\t\t<input size=\"1\" type=\"text\" name=\"form_fields[name]\" id=\"form-field-name\" class=\"elementor-field elementor-size-sm  elementor-field-textual\" placeholder=\"Nome e apelido *\">\n\t\t\t\t\t\t\t\t\t\t\t<\/div>\n\t\t\t\t\t\t\t\t<div class=\"elementor-field-type-email elementor-field-group elementor-column elementor-field-group-email elementor-col-100 elementor-field-required\">\n\t\t\t\t\t\t\t\t\t\t\t\t\t<input size=\"1\" type=\"email\" name=\"form_fields[email]\" id=\"form-field-email\" class=\"elementor-field elementor-size-sm  elementor-field-textual\" placeholder=\"Endere\u00e7o de e-mail *\" required=\"required\">\n\t\t\t\t\t\t\t\t\t\t\t<\/div>\n\t\t\t\t\t\t\t\t<div class=\"elementor-field-type-tel elementor-field-group elementor-column elementor-field-group-phone elementor-col-100 elementor-field-required\">\n\t\t\t\t\t\t\t<input size=\"1\" type=\"tel\" name=\"form_fields[phone]\" id=\"form-field-phone\" class=\"elementor-field elementor-size-sm  elementor-field-textual\" placeholder=\"N\u00famero de telefone *\" required=\"required\" pattern=\"[0-9()#&amp;+*-=.]+\" title=\"Only numbers and phone characters (#, -, *, etc) are accepted.\">\n\n\t\t\t\t\t\t<\/div>\n\t\t\t\t\t\t\t\t<div class=\"elementor-field-type-acceptance elementor-field-group elementor-column elementor-field-group-acceptance elementor-col-100 elementor-field-required\">\n\t\t\t\t\t\t\t<div class=\"elementor-field-subgroup\">\n\t\t\t<span class=\"elementor-field-option\">\n\t\t\t\t<input type=\"checkbox\" name=\"form_fields[acceptance]\" id=\"form-field-acceptance\" class=\"elementor-field elementor-size-sm  elementor-acceptance-field\" required=\"required\">\n\t\t\t\t<label for=\"form-field-acceptance\">Aceito a <a href=\"https:\/\/lacoma.com\/pt\/politica-privacidade\/\" target=\"_blank\">Pol\u00edtica de Privacidade<\/a><\/label>\t\t\t<\/span>\n\t\t<\/div>\n\t\t\t\t\t\t<\/div>\n\t\t\t\t\t\t\t\t<div class=\"elementor-field-type-html elementor-field-group elementor-column elementor-field-group-field_c34e3f2 elementor-col-100\">\n\t\t\t\t\t*. Todos os campos s\u00e3o obrigat\u00f3rios\t\t\t\t<\/div>\n\t\t\t\t\t\t\t\t<div class=\"elementor-field-group elementor-column elementor-field-type-submit elementor-col-100 e-form__buttons\">\n\t\t\t\t\t<button class=\"elementor-button elementor-size-sm\" type=\"submit\">\n\t\t\t\t\t\t<span class=\"elementor-button-content-wrapper\">\n\t\t\t\t\t\t\t\t\t\t\t\t\t\t\t\t\t\t\t\t\t\t<span class=\"elementor-button-text\">Enviar<\/span>\n\t\t\t\t\t\t\t\t\t\t\t\t\t<\/span>\n\t\t\t\t\t<\/button>\n\t\t\t\t<\/div>\n\t\t\t<\/div>\n\t\t<\/form>\n\t\t\t\t\t\t<\/div>\n\t\t\t\t<\/div>\n\t\t\t\t<\/div>\n\t\t\t\t<\/div>\n\t\t\t\t\t<\/div>\n\t\t\t\t<\/div>\n\t\t<div class=\"elementor-element elementor-element-1aecf319 e-flex e-con-boxed e-con e-parent\" data-id=\"1aecf319\" data-element_type=\"container\" data-e-type=\"container\">\n\t\t\t\t\t<div class=\"e-con-inner\">\n\t\t\t\t<div class=\"elementor-element elementor-element-53fe37d elementor-widget elementor-widget-text-editor\" data-id=\"53fe37d\" data-element_type=\"widget\" data-e-type=\"widget\" data-widget_type=\"text-editor.default\">\n\t\t\t\t<div class=\"elementor-widget-container\">\n\t\t\t\t\t\t\t\t\t<table width=\"100%\">\n<tbody>\n<tr class=\"primeira_fila\">\n<td align=\"left\"><\/td>\n<td align=\"left\"><img decoding=\"async\" class=\"alignnone size-medium wp-image-451\" src=\"https:\/\/lacoma.com\/pt\/wp-content\/uploads\/2025\/05\/teja-hormigon-ROJO-300x300.webp\" alt=\"\" width=\"300\" height=\"300\" srcset=\"https:\/\/lacoma.com\/pt\/wp-content\/uploads\/2025\/05\/teja-hormigon-ROJO-300x300.webp 300w, https:\/\/lacoma.com\/pt\/wp-content\/uploads\/2025\/05\/teja-hormigon-ROJO-150x150.webp 150w, https:\/\/lacoma.com\/pt\/wp-content\/uploads\/2025\/05\/teja-hormigon-ROJO.webp 320w\" sizes=\"(max-width: 300px) 100vw, 300px\" \/>\n<strong>Vermelha<\/strong><\/td>\n<td align=\"left\"><img loading=\"lazy\" decoding=\"async\" class=\"alignnone size-medium wp-image-452\" src=\"https:\/\/lacoma.com\/pt\/wp-content\/uploads\/2025\/05\/teja-hormigon-GRIS-300x300.webp\" alt=\"\" width=\"300\" height=\"300\" srcset=\"https:\/\/lacoma.com\/pt\/wp-content\/uploads\/2025\/05\/teja-hormigon-GRIS-300x300.webp 300w, https:\/\/lacoma.com\/pt\/wp-content\/uploads\/2025\/05\/teja-hormigon-GRIS-150x150.webp 150w, https:\/\/lacoma.com\/pt\/wp-content\/uploads\/2025\/05\/teja-hormigon-GRIS.webp 320w\" sizes=\"(max-width: 300px) 100vw, 300px\" \/>\n<strong>Cinza<\/strong><\/td>\n<td align=\"left\"><img loading=\"lazy\" decoding=\"async\" class=\"alignnone size-medium wp-image-453\" src=\"https:\/\/lacoma.com\/pt\/wp-content\/uploads\/2025\/05\/Teja-Hormigon-roja_envejecida01-300x300.webp\" alt=\"\" width=\"300\" height=\"300\" srcset=\"https:\/\/lacoma.com\/pt\/wp-content\/uploads\/2025\/05\/Teja-Hormigon-roja_envejecida01-300x300.webp 300w, https:\/\/lacoma.com\/pt\/wp-content\/uploads\/2025\/05\/Teja-Hormigon-roja_envejecida01-150x150.webp 150w, https:\/\/lacoma.com\/pt\/wp-content\/uploads\/2025\/05\/Teja-Hormigon-roja_envejecida01.webp 320w\" sizes=\"(max-width: 300px) 100vw, 300px\" \/>\n<strong>Vermelha envelhecida<\/strong><\/td>\n<td align=\"left\"><img loading=\"lazy\" decoding=\"async\" class=\"alignnone size-medium wp-image-454\" src=\"https:\/\/lacoma.com\/pt\/wp-content\/uploads\/2025\/05\/remate-angular-vimont-300x300.webp\" alt=\"\" width=\"300\" height=\"300\" srcset=\"https:\/\/lacoma.com\/pt\/wp-content\/uploads\/2025\/05\/remate-angular-vimont-300x300.webp 300w, https:\/\/lacoma.com\/pt\/wp-content\/uploads\/2025\/05\/remate-angular-vimont-150x150.webp 150w, https:\/\/lacoma.com\/pt\/wp-content\/uploads\/2025\/05\/remate-angular-vimont.webp 320w\" sizes=\"(max-width: 300px) 100vw, 300px\" \/>\n<strong>Remate angular<\/strong><\/td>\n<td align=\"left\"><img loading=\"lazy\" decoding=\"async\" class=\"alignnone size-medium wp-image-455\" src=\"https:\/\/lacoma.com\/pt\/wp-content\/uploads\/2025\/05\/cumbrera-vimont-300x300.webp\" alt=\"\" width=\"300\" height=\"300\" srcset=\"https:\/\/lacoma.com\/pt\/wp-content\/uploads\/2025\/05\/cumbrera-vimont-300x300.webp 300w, https:\/\/lacoma.com\/pt\/wp-content\/uploads\/2025\/05\/cumbrera-vimont-150x150.webp 150w, https:\/\/lacoma.com\/pt\/wp-content\/uploads\/2025\/05\/cumbrera-vimont.webp 320w\" sizes=\"(max-width: 300px) 100vw, 300px\" \/>\n<strong>Cumeeira<\/strong><\/td>\n<td align=\"left\"><img loading=\"lazy\" decoding=\"async\" class=\"alignnone size-medium wp-image-456\" src=\"https:\/\/lacoma.com\/pt\/wp-content\/uploads\/2025\/05\/VENTILACION-VIMONT-ROJO-ENVEJECIDO-300x300.webp\" alt=\"\" width=\"300\" height=\"300\" srcset=\"https:\/\/lacoma.com\/pt\/wp-content\/uploads\/2025\/05\/VENTILACION-VIMONT-ROJO-ENVEJECIDO-300x300.webp 300w, https:\/\/lacoma.com\/pt\/wp-content\/uploads\/2025\/05\/VENTILACION-VIMONT-ROJO-ENVEJECIDO-150x150.webp 150w, https:\/\/lacoma.com\/pt\/wp-content\/uploads\/2025\/05\/VENTILACION-VIMONT-ROJO-ENVEJECIDO.webp 320w\" sizes=\"(max-width: 300px) 100vw, 300px\" \/><strong>Ventila\u00e7\u00e3o<\/strong><\/td>\n<\/tr>\n<tr>\n<td align=\"left\"><strong>Cor<\/strong><\/td>\n<td align=\"left\">Vermelha<\/td>\n<td align=\"left\">Cinza<\/td>\n<td align=\"left\">Vermelha envelhecida<\/td>\n<td align=\"left\">Todas<\/td>\n<td align=\"left\">Todas<\/td>\n<td align=\"left\">Todas<\/td>\n<\/tr>\n<tr>\n<td align=\"left\"><strong>Medidas<\/strong><\/td>\n<td align=\"left\">42 x 33 cm<\/td>\n<td align=\"left\">42 x 33 cm<\/td>\n<td align=\"left\">42 x 33 cm<\/td>\n<td align=\"left\">42 x 10 cm<\/td>\n<td align=\"left\">42 x 23,5 x 10 cm<\/td>\n<td align=\"left\">42 x 33 cm<\/td>\n<\/tr>\n<tr>\n<td align=\"left\"><strong>Unidades\/palete<\/strong><\/td>\n<td align=\"left\">108<\/td>\n<td align=\"left\">108<\/td>\n<td align=\"left\">108<\/td>\n<td align=\"left\">Avulsas<\/td>\n<td align=\"left\">Avulsas<\/td>\n<td align=\"left\">Avulsas<\/td>\n<\/tr>\n<tr>\n<td align=\"left\"><strong>Unidades\/m\u00b2<\/strong><\/td>\n<td align=\"left\">10,5<\/td>\n<td align=\"left\">10,5<\/td>\n<td align=\"left\">10,5<\/td>\n<td align=\"left\">3,5 un.\/ml<\/td>\n<td align=\"left\">3,5 un.\/ml<\/td>\n<td align=\"left\">&#8211;<\/td>\n<\/tr>\n<tr>\n<td align=\"left\"><strong>Massa m\u00ednima<\/strong><\/td>\n<td align=\"left\">4,2 kgs<\/td>\n<td align=\"left\">4,2 kgs<\/td>\n<td align=\"left\">4,2 kgs<\/td>\n<td align=\"left\">4,5 kgs<\/td>\n<td align=\"left\">4,4 kgs<\/td>\n<td align=\"left\">4,7 kgs<\/td>\n<\/tr>\n<tr>\n<td align=\"left\"><strong>Rea\u00e7\u00e3o ao fogo<\/strong><\/td>\n<td align=\"left\">A1<\/td>\n<td align=\"left\">A1<\/td>\n<td align=\"left\">A1<\/td>\n<td align=\"left\">A1<\/td>\n<td align=\"left\">A1<\/td>\n<td align=\"left\">A1<\/td>\n<\/tr>\n<tr>\n<td align=\"left\"><strong>Ciclos de gelo<\/strong><\/td>\n<td align=\"left\">\u2265 25<\/td>\n<td align=\"left\">\u2265 25<\/td>\n<td align=\"left\">\u2265 25<\/td>\n<td align=\"left\">\u2265 25<\/td>\n<td align=\"left\">\u2265 25<\/td>\n<td align=\"left\">\u2265 25<\/td>\n<\/tr>\n<tr>\n<td align=\"left\"><strong>Permeabilidade \u00e0 \u00e1gua<\/strong><\/td>\n<td align=\"left\">\u2265 20h<\/td>\n<td align=\"left\">\u2265 20h<\/td>\n<td align=\"left\">\u2265 20h<\/td>\n<td align=\"left\">\u2265 20h<\/td>\n<td align=\"left\">\u2265 20h<\/td>\n<td align=\"left\">\u2265 20h<\/td>\n<\/tr>\n<tr>\n<td align=\"left\"><strong>Pe\u00e7a especial<\/strong><\/td>\n<td align=\"left\">N\u00e3o<\/td>\n<td align=\"left\">N\u00e3o<\/td>\n<td align=\"left\">N\u00e3o<\/td>\n<td align=\"left\">Sim<\/td>\n<td align=\"left\">Sim<\/td>\n<td align=\"left\">Sim<\/td>\n<\/tr>\n<\/tbody>\n<\/table>\t\t\t\t\t\t\t\t<\/div>\n\t\t\t\t<\/div>\n\t\t\t\t\t<\/div>\n\t\t\t\t<\/div>\n\t\t\t\t<\/div>\n\t\t","protected":false},"excerpt":{"rendered":"<p>Tipo: Telhas de bet\u00e3o e os seus acess\u00f3rios Categoria: I Disp\u00f5e de certificado AENOR Uso previsto: Dispon\u00edveis em vermelho, cinza e vermelho envelhecido, estas telhas de bet\u00e3o oferecem rendimento e robustez. Com estas telhas, poder\u00e1 construir telhados de bet\u00e3o inclinados em exteriores com perfil \u00e1rabe tradicional. S\u00e3o telhas perfeitas para qualquer zona clim\u00e1tica, com baixos [&hellip;]<\/p>\n","protected":false},"author":1,"featured_media":0,"parent":227,"menu_order":0,"comment_status":"closed","ping_status":"closed","template":"","meta":{"footnotes":""},"class_list":["post-417","page","type-page","status-publish","hentry"],"_links":{"self":[{"href":"https:\/\/lacoma.com\/pt\/wp-json\/wp\/v2\/pages\/417","targetHints":{"allow":["GET"]}}],"collection":[{"href":"https:\/\/lacoma.com\/pt\/wp-json\/wp\/v2\/pages"}],"about":[{"href":"https:\/\/lacoma.com\/pt\/wp-json\/wp\/v2\/types\/page"}],"author":[{"embeddable":true,"href":"https:\/\/lacoma.com\/pt\/wp-json\/wp\/v2\/users\/1"}],"replies":[{"embeddable":true,"href":"https:\/\/lacoma.com\/pt\/wp-json\/wp\/v2\/comments?post=417"}],"version-history":[{"count":14,"href":"https:\/\/lacoma.com\/pt\/wp-json\/wp\/v2\/pages\/417\/revisions"}],"predecessor-version":[{"id":1134,"href":"https:\/\/lacoma.com\/pt\/wp-json\/wp\/v2\/pages\/417\/revisions\/1134"}],"up":[{"embeddable":true,"href":"https:\/\/lacoma.com\/pt\/wp-json\/wp\/v2\/pages\/227"}],"wp:attachment":[{"href":"https:\/\/lacoma.com\/pt\/wp-json\/wp\/v2\/media?parent=417"}],"curies":[{"name":"wp","href":"https:\/\/api.w.org\/{rel}","templated":true}]}}