{"id":35,"date":"2025-03-13T16:49:08","date_gmt":"2025-03-13T15:49:08","guid":{"rendered":"https:\/\/lacoma.com\/pt\/?page_id=35"},"modified":"2026-04-22T21:15:39","modified_gmt":"2026-04-22T19:15:39","slug":"empresa","status":"publish","type":"page","link":"https:\/\/lacoma.com\/pt\/empresa\/","title":{"rendered":"Empresa"},"content":{"rendered":"\t\t<div data-elementor-type=\"wp-page\" data-elementor-id=\"35\" class=\"elementor elementor-35\" data-elementor-post-type=\"page\">\n\t\t\t\t<div class=\"elementor-element elementor-element-f046b9a e-flex e-con-boxed e-con e-parent\" data-id=\"f046b9a\" data-element_type=\"container\" data-e-type=\"container\" data-settings=\"{&quot;background_background&quot;:&quot;classic&quot;}\">\n\t\t\t\t\t<div class=\"e-con-inner\">\n\t\t\t\t<div class=\"elementor-element elementor-element-6e8c0d3 elementor-widget elementor-widget-heading\" data-id=\"6e8c0d3\" data-element_type=\"widget\" data-e-type=\"widget\" data-widget_type=\"heading.default\">\n\t\t\t\t<div class=\"elementor-widget-container\">\n\t\t\t\t\t<h2 class=\"elementor-heading-title elementor-size-default\">Solu\u00e7\u00f5es em ladrilhos e tijolos t\u00e9rmicos e ac\u00fasticos Termoarcilla para uma constru\u00e7\u00e3o mais eficiente.\n<\/h2>\t\t\t\t<\/div>\n\t\t\t\t<\/div>\n\t\t\t\t<div class=\"elementor-element elementor-element-740281d elementor-widget-divider--view-line elementor-widget elementor-widget-divider\" data-id=\"740281d\" data-element_type=\"widget\" data-e-type=\"widget\" data-widget_type=\"divider.default\">\n\t\t\t\t<div class=\"elementor-widget-container\">\n\t\t\t\t\t\t\t<div class=\"elementor-divider\">\n\t\t\t<span class=\"elementor-divider-separator\">\n\t\t\t\t\t\t<\/span>\n\t\t<\/div>\n\t\t\t\t\t\t<\/div>\n\t\t\t\t<\/div>\n\t\t<div class=\"elementor-element elementor-element-465e0eb e-con-full e-flex e-con e-child\" data-id=\"465e0eb\" data-element_type=\"container\" data-e-type=\"container\">\n\t\t\t\t<div class=\"elementor-element elementor-element-35f1ca3 elementor-widget elementor-widget-video\" data-id=\"35f1ca3\" data-element_type=\"widget\" data-e-type=\"widget\" data-settings=\"{&quot;youtube_url&quot;:&quot;https:\\\/\\\/www.youtube.com\\\/watch?v=CeCKxpfTd08&amp;t=4s&quot;,&quot;autoplay&quot;:&quot;yes&quot;,&quot;video_type&quot;:&quot;youtube&quot;,&quot;controls&quot;:&quot;yes&quot;}\" data-widget_type=\"video.default\">\n\t\t\t\t<div class=\"elementor-widget-container\">\n\t\t\t\t\t\t\t<div class=\"elementor-wrapper elementor-open-inline\">\n\t\t\t<div class=\"elementor-video\"><\/div>\t\t<\/div>\n\t\t\t\t\t\t<\/div>\n\t\t\t\t<\/div>\n\t\t\t\t<\/div>\n\t\t<div class=\"elementor-element elementor-element-50858d4 e-con-full e-flex e-con e-child\" data-id=\"50858d4\" data-element_type=\"container\" data-e-type=\"container\">\n\t\t<div class=\"elementor-element elementor-element-8cb887b e-con-full e-flex e-con e-child\" data-id=\"8cb887b\" data-element_type=\"container\" data-e-type=\"container\">\n\t\t\t\t<div class=\"elementor-element elementor-element-71eea3b elementor-widget elementor-widget-text-editor\" data-id=\"71eea3b\" data-element_type=\"widget\" data-e-type=\"widget\" data-widget_type=\"text-editor.default\">\n\t\t\t\t<div class=\"elementor-widget-container\">\n\t\t\t\t\t\t\t\t\t<p>Desde 1960 que a nossa f\u00e1brica de ladrilhos oferece solu\u00e7\u00f5es inovadoras para constru\u00e7\u00f5es mais eficientes, que melhorem o <strong>isolamento t\u00e9rmico e ac\u00fastico dos edif\u00edcios<\/strong> e que tamb\u00e9m sejam duradouras, sustent\u00e1veis e amigas do ambiente e com menos custos de obra.<\/p><p><strong>Em cont\u00ednua adapta\u00e7\u00e3o \u00e0s necessidades do mercado, oferecemos uma ampla gama de solu\u00e7\u00f5es em ladrilhos e tijolos t\u00e9rmicos e ac\u00fasticos Termoarcilla.<\/strong><\/p>\t\t\t\t\t\t\t\t<\/div>\n\t\t\t\t<\/div>\n\t\t\t\t<\/div>\n\t\t<div class=\"elementor-element elementor-element-1212298 e-con-full e-flex e-con e-child\" data-id=\"1212298\" data-element_type=\"container\" data-e-type=\"container\">\n\t\t\t\t<div class=\"elementor-element elementor-element-fd80238 elementor-widget elementor-widget-image\" data-id=\"fd80238\" data-element_type=\"widget\" data-e-type=\"widget\" data-widget_type=\"image.default\">\n\t\t\t\t<div class=\"elementor-widget-container\">\n\t\t\t\t\t\t\t\t\t\t\t\t\t\t\t<img fetchpriority=\"high\" decoding=\"async\" width=\"800\" height=\"558\" src=\"https:\/\/lacoma.com\/pt\/wp-content\/uploads\/2025\/05\/DJI_0007_2lr-1200x837-1-1024x714.webp\" class=\"attachment-large size-large wp-image-778\" alt=\"\" srcset=\"https:\/\/lacoma.com\/pt\/wp-content\/uploads\/2025\/05\/DJI_0007_2lr-1200x837-1-1024x714.webp 1024w, https:\/\/lacoma.com\/pt\/wp-content\/uploads\/2025\/05\/DJI_0007_2lr-1200x837-1-300x209.webp 300w, https:\/\/lacoma.com\/pt\/wp-content\/uploads\/2025\/05\/DJI_0007_2lr-1200x837-1-768x536.webp 768w, https:\/\/lacoma.com\/pt\/wp-content\/uploads\/2025\/05\/DJI_0007_2lr-1200x837-1.webp 1200w\" sizes=\"(max-width: 800px) 100vw, 800px\" \/>\t\t\t\t\t\t\t\t\t\t\t\t\t\t\t<\/div>\n\t\t\t\t<\/div>\n\t\t\t\t<\/div>\n\t\t\t\t<\/div>\n\t\t\t\t\t<\/div>\n\t\t\t\t<\/div>\n\t\t<div class=\"elementor-element elementor-element-5449003 e-flex e-con-boxed e-con e-parent\" data-id=\"5449003\" data-element_type=\"container\" data-e-type=\"container\" data-settings=\"{&quot;background_background&quot;:&quot;classic&quot;}\">\n\t\t\t\t\t<div class=\"e-con-inner\">\n\t\t<div class=\"elementor-element elementor-element-3f33900 e-con-full e-flex e-con e-child\" data-id=\"3f33900\" data-element_type=\"container\" data-e-type=\"container\">\n\t\t<div class=\"elementor-element elementor-element-c00a170 e-con-full e-flex e-con e-child\" data-id=\"c00a170\" data-element_type=\"container\" data-e-type=\"container\">\n\t\t\t\t<div class=\"elementor-element elementor-element-79386a1 elementor-widget elementor-widget-image\" data-id=\"79386a1\" data-element_type=\"widget\" data-e-type=\"widget\" data-widget_type=\"image.default\">\n\t\t\t\t<div class=\"elementor-widget-container\">\n\t\t\t\t\t\t\t\t\t\t\t\t\t\t\t<img decoding=\"async\" width=\"800\" height=\"600\" src=\"https:\/\/lacoma.com\/pt\/wp-content\/uploads\/2025\/05\/fabricacion.webp\" class=\"attachment-large size-large wp-image-779\" alt=\"\" srcset=\"https:\/\/lacoma.com\/pt\/wp-content\/uploads\/2025\/05\/fabricacion.webp 1000w, https:\/\/lacoma.com\/pt\/wp-content\/uploads\/2025\/05\/fabricacion-300x225.webp 300w, https:\/\/lacoma.com\/pt\/wp-content\/uploads\/2025\/05\/fabricacion-768x576.webp 768w\" sizes=\"(max-width: 800px) 100vw, 800px\" \/>\t\t\t\t\t\t\t\t\t\t\t\t\t\t\t<\/div>\n\t\t\t\t<\/div>\n\t\t\t\t<\/div>\n\t\t<div class=\"elementor-element elementor-element-25cf5e0 e-con-full e-flex e-con e-child\" data-id=\"25cf5e0\" data-element_type=\"container\" data-e-type=\"container\">\n\t\t\t\t<div class=\"elementor-element elementor-element-d7560d8 elementor-widget elementor-widget-heading\" data-id=\"d7560d8\" data-element_type=\"widget\" data-e-type=\"widget\" data-widget_type=\"heading.default\">\n\t\t\t\t<div class=\"elementor-widget-container\">\n\t\t\t\t\t<h2 class=\"elementor-heading-title elementor-size-default\">Design e I&amp;D+i<\/h2>\t\t\t\t<\/div>\n\t\t\t\t<\/div>\n\t\t\t\t<div class=\"elementor-element elementor-element-c59fee9 elementor-widget-divider--view-line elementor-widget elementor-widget-divider\" data-id=\"c59fee9\" data-element_type=\"widget\" data-e-type=\"widget\" data-widget_type=\"divider.default\">\n\t\t\t\t<div class=\"elementor-widget-container\">\n\t\t\t\t\t\t\t<div class=\"elementor-divider\">\n\t\t\t<span class=\"elementor-divider-separator\">\n\t\t\t\t\t\t<\/span>\n\t\t<\/div>\n\t\t\t\t\t\t<\/div>\n\t\t\t\t<\/div>\n\t\t\t\t<div class=\"elementor-element elementor-element-6783bcf elementor-widget elementor-widget-text-editor\" data-id=\"6783bcf\" data-element_type=\"widget\" data-e-type=\"widget\" data-widget_type=\"text-editor.default\">\n\t\t\t\t<div class=\"elementor-widget-container\">\n\t\t\t\t\t\t\t\t\t<p>O nosso departamento de I&amp;D+i trabalha para o desenvolvimento e design de pe\u00e7as e produtos cada vez mais eficientes. Este trabalho permite alcan\u00e7ar 2 objetivos:<\/p><ul><li>Obter produtos com melhores desempenhos: para constru\u00e7\u00f5es mais eficientes em termos energ\u00e9ticos, melhores desempenhos de isolamento ac\u00fastico, melhores desempenhos de isolamento t\u00e9rmico e mais durabilidade nos requisitos estipulados pelo CTE.<\/li><li>Reduzir os custos de execu\u00e7\u00e3o nas obras<\/li><\/ul><p>E tudo com as vantagens pr\u00f3prias dos produtos cer\u00e2micos: seguran\u00e7a contra roubos, seguran\u00e7a contra o fogo, grande resist\u00eancia de cargas suspensas, grande resist\u00eancia mec\u00e2nica, resist\u00eancia a impactos, etc.<\/p><p>Fruto desse trabalho s\u00e3o as pe\u00e7as estruturais de grande formato como Super ECO-50, Super ECO-30 ou os tijolos t\u00e9rmicos e ac\u00fasticos Termoarcilla e Termoarcilla ECO 3.<\/p>\t\t\t\t\t\t\t\t<\/div>\n\t\t\t\t<\/div>\n\t\t\t\t<\/div>\n\t\t\t\t<\/div>\n\t\t\t\t\t<\/div>\n\t\t\t\t<\/div>\n\t\t<div class=\"elementor-element elementor-element-77d0e68 e-flex e-con-boxed e-con e-parent\" data-id=\"77d0e68\" data-element_type=\"container\" data-e-type=\"container\" data-settings=\"{&quot;background_background&quot;:&quot;classic&quot;}\">\n\t\t\t\t\t<div class=\"e-con-inner\">\n\t\t\t\t<div class=\"elementor-element elementor-element-cef03d0 elementor-widget elementor-widget-heading\" data-id=\"cef03d0\" data-element_type=\"widget\" data-e-type=\"widget\" data-widget_type=\"heading.default\">\n\t\t\t\t<div class=\"elementor-widget-container\">\n\t\t\t\t\t<h2 class=\"elementor-heading-title elementor-size-default\">Fabrico<\/h2>\t\t\t\t<\/div>\n\t\t\t\t<\/div>\n\t\t\t\t<div class=\"elementor-element elementor-element-03d3eb0 elementor-widget-divider--view-line elementor-widget elementor-widget-divider\" data-id=\"03d3eb0\" data-element_type=\"widget\" data-e-type=\"widget\" data-widget_type=\"divider.default\">\n\t\t\t\t<div class=\"elementor-widget-container\">\n\t\t\t\t\t\t\t<div class=\"elementor-divider\">\n\t\t\t<span class=\"elementor-divider-separator\">\n\t\t\t\t\t\t<\/span>\n\t\t<\/div>\n\t\t\t\t\t\t<\/div>\n\t\t\t\t<\/div>\n\t\t\t\t<div class=\"elementor-element elementor-element-a51a24d elementor-widget elementor-widget-text-editor\" data-id=\"a51a24d\" data-element_type=\"widget\" data-e-type=\"widget\" data-widget_type=\"text-editor.default\">\n\t\t\t\t<div class=\"elementor-widget-container\">\n\t\t\t\t\t\t\t\t\t<p>Contamos com a tecnologia e maquinaria mais modernas para o fabrico dos nossos produtos.<\/p><p>As nossas instala\u00e7\u00f5es est\u00e3o constantemente a adaptar-se, adicionando permanentemente as \u00faltimas novidade para otimizar e melhorar os nossos processos de fabrico. Renov\u00e1mos completamente o nosso forno, secadores e toda a maquinaria.<\/p>\t\t\t\t\t\t\t\t<\/div>\n\t\t\t\t<\/div>\n\t\t<div class=\"elementor-element elementor-element-33dba77 e-grid e-con-full e-con e-child\" data-id=\"33dba77\" data-element_type=\"container\" data-e-type=\"container\">\n\t\t\t\t<div class=\"elementor-element elementor-element-a2d28da elementor-position-top elementor-widget elementor-widget-image-box\" data-id=\"a2d28da\" data-element_type=\"widget\" data-e-type=\"widget\" data-widget_type=\"image-box.default\">\n\t\t\t\t<div class=\"elementor-widget-container\">\n\t\t\t\t\t<div class=\"elementor-image-box-wrapper\"><figure class=\"elementor-image-box-img\"><img decoding=\"async\" width=\"768\" height=\"511\" src=\"https:\/\/lacoma.com\/pt\/wp-content\/uploads\/2025\/05\/cantera-800x532-1-768x511.jpg\" class=\"attachment-medium_large size-medium_large wp-image-786\" alt=\"\" srcset=\"https:\/\/lacoma.com\/pt\/wp-content\/uploads\/2025\/05\/cantera-800x532-1-768x511.jpg 768w, https:\/\/lacoma.com\/pt\/wp-content\/uploads\/2025\/05\/cantera-800x532-1-300x200.jpg 300w, https:\/\/lacoma.com\/pt\/wp-content\/uploads\/2025\/05\/cantera-800x532-1.jpg 800w\" sizes=\"(max-width: 768px) 100vw, 768px\" \/><\/figure><div class=\"elementor-image-box-content\"><h3 class=\"elementor-image-box-title\">1. Pedreira<\/h3><p class=\"elementor-image-box-description\">A nossa mat\u00e9ria-prima prov\u00e9m de pedreiras pr\u00f3prias, garantindo assim o m\u00e1ximo controlo das propriedades f\u00edsico-qu\u00edmicas da argila.<\/p><\/div><\/div>\t\t\t\t<\/div>\n\t\t\t\t<\/div>\n\t\t\t\t<div class=\"elementor-element elementor-element-41d8368 elementor-position-top elementor-widget elementor-widget-image-box\" data-id=\"41d8368\" data-element_type=\"widget\" data-e-type=\"widget\" data-widget_type=\"image-box.default\">\n\t\t\t\t<div class=\"elementor-widget-container\">\n\t\t\t\t\t<div class=\"elementor-image-box-wrapper\"><figure class=\"elementor-image-box-img\"><img loading=\"lazy\" decoding=\"async\" width=\"768\" height=\"511\" src=\"https:\/\/lacoma.com\/pt\/wp-content\/uploads\/2025\/05\/tratamiento-tierras-800x532-1-768x511.jpg\" class=\"attachment-medium_large size-medium_large wp-image-785\" alt=\"\" srcset=\"https:\/\/lacoma.com\/pt\/wp-content\/uploads\/2025\/05\/tratamiento-tierras-800x532-1-768x511.jpg 768w, https:\/\/lacoma.com\/pt\/wp-content\/uploads\/2025\/05\/tratamiento-tierras-800x532-1-300x200.jpg 300w, https:\/\/lacoma.com\/pt\/wp-content\/uploads\/2025\/05\/tratamiento-tierras-800x532-1.jpg 800w\" sizes=\"(max-width: 768px) 100vw, 768px\" \/><\/figure><div class=\"elementor-image-box-content\"><h3 class=\"elementor-image-box-title\">2. Prepara\u00e7\u00e3o da argila<\/h3><p class=\"elementor-image-box-description\">Instala\u00e7\u00e3o de mistura e moagem das argilas com a finalidade de obter uma curva granulom\u00e9trica \u00f3tima para a elabora\u00e7\u00e3o das pe\u00e7as nas melhores condi\u00e7\u00f5es.<\/p><\/div><\/div>\t\t\t\t<\/div>\n\t\t\t\t<\/div>\n\t\t\t\t<div class=\"elementor-element elementor-element-3898e31 elementor-position-top elementor-widget elementor-widget-image-box\" data-id=\"3898e31\" data-element_type=\"widget\" data-e-type=\"widget\" data-widget_type=\"image-box.default\">\n\t\t\t\t<div class=\"elementor-widget-container\">\n\t\t\t\t\t<div class=\"elementor-image-box-wrapper\"><figure class=\"elementor-image-box-img\"><img loading=\"lazy\" decoding=\"async\" width=\"768\" height=\"511\" src=\"https:\/\/lacoma.com\/pt\/wp-content\/uploads\/2025\/05\/fabricacion-1-800x532-1-768x511.jpg\" class=\"attachment-medium_large size-medium_large wp-image-784\" alt=\"\" srcset=\"https:\/\/lacoma.com\/pt\/wp-content\/uploads\/2025\/05\/fabricacion-1-800x532-1-768x511.jpg 768w, https:\/\/lacoma.com\/pt\/wp-content\/uploads\/2025\/05\/fabricacion-1-800x532-1-300x200.jpg 300w, https:\/\/lacoma.com\/pt\/wp-content\/uploads\/2025\/05\/fabricacion-1-800x532-1.jpg 800w\" sizes=\"(max-width: 768px) 100vw, 768px\" \/><\/figure><div class=\"elementor-image-box-content\"><h3 class=\"elementor-image-box-title\">3. Amassadura e extrus\u00e3o<\/h3><p class=\"elementor-image-box-description\">A amassadura e extrus\u00e3o das argilas s\u00e3o realizadas com rigorosos controlos de qualidade.<\/p><\/div><\/div>\t\t\t\t<\/div>\n\t\t\t\t<\/div>\n\t\t\t\t<div class=\"elementor-element elementor-element-6f376d6 elementor-position-top elementor-widget elementor-widget-image-box\" data-id=\"6f376d6\" data-element_type=\"widget\" data-e-type=\"widget\" data-widget_type=\"image-box.default\">\n\t\t\t\t<div class=\"elementor-widget-container\">\n\t\t\t\t\t<div class=\"elementor-image-box-wrapper\"><figure class=\"elementor-image-box-img\"><img loading=\"lazy\" decoding=\"async\" width=\"768\" height=\"511\" src=\"https:\/\/lacoma.com\/pt\/wp-content\/uploads\/2025\/05\/carga-transporte-800x532-1-768x511.jpg\" class=\"attachment-medium_large size-medium_large wp-image-783\" alt=\"\" srcset=\"https:\/\/lacoma.com\/pt\/wp-content\/uploads\/2025\/05\/carga-transporte-800x532-1-768x511.jpg 768w, https:\/\/lacoma.com\/pt\/wp-content\/uploads\/2025\/05\/carga-transporte-800x532-1-300x200.jpg 300w, https:\/\/lacoma.com\/pt\/wp-content\/uploads\/2025\/05\/carga-transporte-800x532-1.jpg 800w\" sizes=\"(max-width: 768px) 100vw, 768px\" \/><\/figure><div class=\"elementor-image-box-content\"><h3 class=\"elementor-image-box-title\">4. Secagem<\/h3><p class=\"elementor-image-box-description\">Depois de carregadas as pe\u00e7as nas vagonetas, procede-se \u00e0 secagem das mesmas, controlando as vari\u00e1veis de temperatura, humidade e tempo de secagem.<\/p><\/div><\/div>\t\t\t\t<\/div>\n\t\t\t\t<\/div>\n\t\t\t\t<div class=\"elementor-element elementor-element-7ff92c3 elementor-position-top elementor-widget elementor-widget-image-box\" data-id=\"7ff92c3\" data-element_type=\"widget\" data-e-type=\"widget\" data-widget_type=\"image-box.default\">\n\t\t\t\t<div class=\"elementor-widget-container\">\n\t\t\t\t\t<div class=\"elementor-image-box-wrapper\"><figure class=\"elementor-image-box-img\"><img loading=\"lazy\" decoding=\"async\" width=\"768\" height=\"511\" src=\"https:\/\/lacoma.com\/pt\/wp-content\/uploads\/2025\/05\/secado-800x532-1-768x511.jpg\" class=\"attachment-medium_large size-medium_large wp-image-782\" alt=\"\" srcset=\"https:\/\/lacoma.com\/pt\/wp-content\/uploads\/2025\/05\/secado-800x532-1-768x511.jpg 768w, https:\/\/lacoma.com\/pt\/wp-content\/uploads\/2025\/05\/secado-800x532-1-300x200.jpg 300w, https:\/\/lacoma.com\/pt\/wp-content\/uploads\/2025\/05\/secado-800x532-1.jpg 800w\" sizes=\"(max-width: 768px) 100vw, 768px\" \/><\/figure><div class=\"elementor-image-box-content\"><h3 class=\"elementor-image-box-title\">5. Cozedura<\/h3><p class=\"elementor-image-box-description\">As vagonetas s\u00e3o introduzidas no forno para o processo de cozedura dos ladrilhos e tijolos t\u00e9rmicos, alcan\u00e7ando uma temperatura aproximada de 900 \u00b0C.<\/p><\/div><\/div>\t\t\t\t<\/div>\n\t\t\t\t<\/div>\n\t\t\t\t<div class=\"elementor-element elementor-element-620096d elementor-position-top elementor-widget elementor-widget-image-box\" data-id=\"620096d\" data-element_type=\"widget\" data-e-type=\"widget\" data-widget_type=\"image-box.default\">\n\t\t\t\t<div class=\"elementor-widget-container\">\n\t\t\t\t\t<div class=\"elementor-image-box-wrapper\"><figure class=\"elementor-image-box-img\"><img loading=\"lazy\" decoding=\"async\" width=\"768\" height=\"511\" src=\"https:\/\/lacoma.com\/pt\/wp-content\/uploads\/2025\/05\/paletizacion-800x532-1-768x511.jpg\" class=\"attachment-medium_large size-medium_large wp-image-781\" alt=\"\" srcset=\"https:\/\/lacoma.com\/pt\/wp-content\/uploads\/2025\/05\/paletizacion-800x532-1-768x511.jpg 768w, https:\/\/lacoma.com\/pt\/wp-content\/uploads\/2025\/05\/paletizacion-800x532-1-300x200.jpg 300w, https:\/\/lacoma.com\/pt\/wp-content\/uploads\/2025\/05\/paletizacion-800x532-1.jpg 800w\" sizes=\"(max-width: 768px) 100vw, 768px\" \/><\/figure><div class=\"elementor-image-box-content\"><h3 class=\"elementor-image-box-title\">6. Paletiza\u00e7\u00e3o<\/h3><p class=\"elementor-image-box-description\">O processo termina com a paletiza\u00e7\u00e3o do produto com pel\u00edcula e cinta para um melhor transporte e posterior manuseamento na obra.<\/p><\/div><\/div>\t\t\t\t<\/div>\n\t\t\t\t<\/div>\n\t\t\t\t<div class=\"elementor-element elementor-element-edbfc01 elementor-position-top elementor-widget elementor-widget-image-box\" data-id=\"edbfc01\" data-element_type=\"widget\" data-e-type=\"widget\" data-widget_type=\"image-box.default\">\n\t\t\t\t<div class=\"elementor-widget-container\">\n\t\t\t\t\t<div class=\"elementor-image-box-wrapper\"><figure class=\"elementor-image-box-img\"><img loading=\"lazy\" decoding=\"async\" width=\"768\" height=\"511\" src=\"https:\/\/lacoma.com\/pt\/wp-content\/uploads\/2025\/05\/carga-camiones-768x511.webp\" class=\"attachment-medium_large size-medium_large wp-image-780\" alt=\"\" srcset=\"https:\/\/lacoma.com\/pt\/wp-content\/uploads\/2025\/05\/carga-camiones-768x511.webp 768w, https:\/\/lacoma.com\/pt\/wp-content\/uploads\/2025\/05\/carga-camiones-300x200.webp 300w, https:\/\/lacoma.com\/pt\/wp-content\/uploads\/2025\/05\/carga-camiones-1024x681.webp 1024w, https:\/\/lacoma.com\/pt\/wp-content\/uploads\/2025\/05\/carga-camiones.webp 1200w\" sizes=\"(max-width: 768px) 100vw, 768px\" \/><\/figure><div class=\"elementor-image-box-content\"><h3 class=\"elementor-image-box-title\">7. Transporte<\/h3><p class=\"elementor-image-box-description\">Dispomos de cami\u00f5es de reboque e 4 eixos, com grua para descarga autom\u00e1tica.<\/p><\/div><\/div>\t\t\t\t<\/div>\n\t\t\t\t<\/div>\n\t\t\t\t<\/div>\n\t\t\t\t\t<\/div>\n\t\t\t\t<\/div>\n\t\t<div class=\"elementor-element elementor-element-09f5b0b e-flex e-con-boxed e-con e-parent\" data-id=\"09f5b0b\" data-element_type=\"container\" data-e-type=\"container\" data-settings=\"{&quot;background_background&quot;:&quot;classic&quot;}\">\n\t\t\t\t\t<div class=\"e-con-inner\">\n\t\t<div class=\"elementor-element elementor-element-368c1b7 e-con-full e-flex e-con e-child\" data-id=\"368c1b7\" data-element_type=\"container\" data-e-type=\"container\">\n\t\t\t\t<div class=\"elementor-element elementor-element-2782503 elementor-widget elementor-widget-heading\" data-id=\"2782503\" data-element_type=\"widget\" data-e-type=\"widget\" data-widget_type=\"heading.default\">\n\t\t\t\t<div class=\"elementor-widget-container\">\n\t\t\t\t\t<h2 class=\"elementor-heading-title elementor-size-default\">Conte connosco para os seus projetos<\/h2>\t\t\t\t<\/div>\n\t\t\t\t<\/div>\n\t\t\t\t<div class=\"elementor-element elementor-element-624066e elementor-widget-divider--view-line elementor-widget elementor-widget-divider\" data-id=\"624066e\" data-element_type=\"widget\" data-e-type=\"widget\" data-widget_type=\"divider.default\">\n\t\t\t\t<div class=\"elementor-widget-container\">\n\t\t\t\t\t\t\t<div class=\"elementor-divider\">\n\t\t\t<span class=\"elementor-divider-separator\">\n\t\t\t\t\t\t<\/span>\n\t\t<\/div>\n\t\t\t\t\t\t<\/div>\n\t\t\t\t<\/div>\n\t\t\t\t<div class=\"elementor-element elementor-element-5393922 elementor-widget elementor-widget-text-editor\" data-id=\"5393922\" data-element_type=\"widget\" data-e-type=\"widget\" data-widget_type=\"text-editor.default\">\n\t\t\t\t<div class=\"elementor-widget-container\">\n\t\t\t\t\t\t\t\t\t<p>Preocupa-se com o isolamento t\u00e9rmico e ac\u00fastico das suas obras? Necessita de realizar um projeto adequado \u00e0 norma PassivHaus? Procura apoio t\u00e9cnico?<\/p>\t\t\t\t\t\t\t\t<\/div>\n\t\t\t\t<\/div>\n\t\t\t\t<\/div>\n\t\t<div class=\"elementor-element elementor-element-7c79709 e-con-full e-flex e-con e-child\" data-id=\"7c79709\" data-element_type=\"container\" data-e-type=\"container\">\n\t\t\t\t<div class=\"elementor-element elementor-element-6ddb168 elementor-widget elementor-widget-button\" data-id=\"6ddb168\" data-element_type=\"widget\" data-e-type=\"widget\" data-widget_type=\"button.default\">\n\t\t\t\t<div class=\"elementor-widget-container\">\n\t\t\t\t\t\t\t\t\t<div class=\"elementor-button-wrapper\">\n\t\t\t\t\t<a class=\"elementor-button elementor-button-link elementor-size-sm\" href=\"https:\/\/lacoma.com\/pt\/pedir-orcamento\/\">\n\t\t\t\t\t\t<span class=\"elementor-button-content-wrapper\">\n\t\t\t\t\t\t\t\t\t<span class=\"elementor-button-text\">PEDIR OR\u00c7AMENTO<\/span>\n\t\t\t\t\t<\/span>\n\t\t\t\t\t<\/a>\n\t\t\t\t<\/div>\n\t\t\t\t\t\t\t\t<\/div>\n\t\t\t\t<\/div>\n\t\t\t\t<div class=\"elementor-element elementor-element-c710f15 elementor-widget elementor-widget-text-editor\" data-id=\"c710f15\" data-element_type=\"widget\" data-e-type=\"widget\" data-widget_type=\"text-editor.default\">\n\t\t\t\t<div class=\"elementor-widget-container\">\n\t\t\t\t\t\t\t\t\t<p>Sem compromisso.<\/p>\t\t\t\t\t\t\t\t<\/div>\n\t\t\t\t<\/div>\n\t\t\t\t<\/div>\n\t\t\t\t\t<\/div>\n\t\t\t\t<\/div>\n\t\t\t\t<\/div>\n\t\t","protected":false},"excerpt":{"rendered":"<p>Solu\u00e7\u00f5es em ladrilhos e tijolos t\u00e9rmicos e ac\u00fasticos Termoarcilla para uma constru\u00e7\u00e3o mais eficiente. https:\/\/www.youtube.com\/watch?v=CeCKxpfTd08&#038;t=4s Desde 1960 que a nossa f\u00e1brica de ladrilhos oferece solu\u00e7\u00f5es inovadoras para constru\u00e7\u00f5es mais eficientes, que melhorem o isolamento t\u00e9rmico e ac\u00fastico dos edif\u00edcios e que tamb\u00e9m sejam duradouras, sustent\u00e1veis e amigas do ambiente e com menos custos de obra. [&hellip;]<\/p>\n","protected":false},"author":1,"featured_media":0,"parent":0,"menu_order":0,"comment_status":"closed","ping_status":"closed","template":"","meta":{"footnotes":""},"class_list":["post-35","page","type-page","status-publish","hentry"],"_links":{"self":[{"href":"https:\/\/lacoma.com\/pt\/wp-json\/wp\/v2\/pages\/35","targetHints":{"allow":["GET"]}}],"collection":[{"href":"https:\/\/lacoma.com\/pt\/wp-json\/wp\/v2\/pages"}],"about":[{"href":"https:\/\/lacoma.com\/pt\/wp-json\/wp\/v2\/types\/page"}],"author":[{"embeddable":true,"href":"https:\/\/lacoma.com\/pt\/wp-json\/wp\/v2\/users\/1"}],"replies":[{"embeddable":true,"href":"https:\/\/lacoma.com\/pt\/wp-json\/wp\/v2\/comments?post=35"}],"version-history":[{"count":14,"href":"https:\/\/lacoma.com\/pt\/wp-json\/wp\/v2\/pages\/35\/revisions"}],"predecessor-version":[{"id":1256,"href":"https:\/\/lacoma.com\/pt\/wp-json\/wp\/v2\/pages\/35\/revisions\/1256"}],"wp:attachment":[{"href":"https:\/\/lacoma.com\/pt\/wp-json\/wp\/v2\/media?parent=35"}],"curies":[{"name":"wp","href":"https:\/\/api.w.org\/{rel}","templated":true}]}}