{"id":34,"date":"2025-03-13T16:48:59","date_gmt":"2025-03-13T15:48:59","guid":{"rendered":"https:\/\/lacoma.com\/pt\/?page_id=34"},"modified":"2026-04-22T20:49:10","modified_gmt":"2026-04-22T18:49:10","slug":"productos","status":"publish","type":"page","link":"https:\/\/lacoma.com\/pt\/productos\/","title":{"rendered":"Produtos"},"content":{"rendered":"\t\t<div data-elementor-type=\"wp-page\" data-elementor-id=\"34\" class=\"elementor elementor-34\" data-elementor-post-type=\"page\">\n\t\t\t\t<div class=\"elementor-element elementor-element-474f9ad e-flex e-con-boxed e-con e-parent\" data-id=\"474f9ad\" data-element_type=\"container\" data-e-type=\"container\" data-settings=\"{&quot;background_background&quot;:&quot;classic&quot;}\">\n\t\t\t\t\t<div class=\"e-con-inner\">\n\t\t\t\t<div class=\"elementor-element elementor-element-d306936 elementor-widget elementor-widget-heading\" data-id=\"d306936\" data-element_type=\"widget\" data-e-type=\"widget\" data-widget_type=\"heading.default\">\n\t\t\t\t<div class=\"elementor-widget-container\">\n\t\t\t\t\t<h2 class=\"elementor-heading-title elementor-size-default\">Os nossos produtos<\/h2>\t\t\t\t<\/div>\n\t\t\t\t<\/div>\n\t\t\t\t<div class=\"elementor-element elementor-element-356ed74 elementor-widget-divider--view-line elementor-widget elementor-widget-divider\" data-id=\"356ed74\" data-element_type=\"widget\" data-e-type=\"widget\" data-widget_type=\"divider.default\">\n\t\t\t\t<div class=\"elementor-widget-container\">\n\t\t\t\t\t\t\t<div class=\"elementor-divider\">\n\t\t\t<span class=\"elementor-divider-separator\">\n\t\t\t\t\t\t<\/span>\n\t\t<\/div>\n\t\t\t\t\t\t<\/div>\n\t\t\t\t<\/div>\n\t\t<div class=\"elementor-element elementor-element-fe84203 e-con-full e-flex e-con e-child\" data-id=\"fe84203\" data-element_type=\"container\" data-e-type=\"container\">\n\t\t\t\t<div class=\"elementor-element elementor-element-59023b2 elementor-widget elementor-widget-text-editor\" data-id=\"59023b2\" data-element_type=\"widget\" data-e-type=\"widget\" data-widget_type=\"text-editor.default\">\n\t\t\t\t<div class=\"elementor-widget-container\">\n\t\t\t\t\t\t\t\t\t<p>Descubra a nossa gama de produtos em cer\u00e2mica e bet\u00e3o para constru\u00e7\u00f5es resistentes e dur\u00e1veis.<\/p>\t\t\t\t\t\t\t\t<\/div>\n\t\t\t\t<\/div>\n\t\t\t\t<\/div>\n\t\t<div class=\"elementor-element elementor-element-01bd014 e-grid e-con-full e-con e-child\" data-id=\"01bd014\" data-element_type=\"container\" data-e-type=\"container\">\n\t\t\t\t<div class=\"elementor-element elementor-element-f9e534f elementor-position-top elementor-widget elementor-widget-image-box\" data-id=\"f9e534f\" data-element_type=\"widget\" data-e-type=\"widget\" data-widget_type=\"image-box.default\">\n\t\t\t\t<div class=\"elementor-widget-container\">\n\t\t\t\t\t<div class=\"elementor-image-box-wrapper\"><figure class=\"elementor-image-box-img\"><a href=\"https:\/\/lacoma.com\/pt\/productos\/tijolo-termico-termoarcilla\/\" tabindex=\"-1\"><img fetchpriority=\"high\" decoding=\"async\" width=\"768\" height=\"768\" src=\"https:\/\/lacoma.com\/pt\/wp-content\/uploads\/2025\/04\/Brique-isolante-Termoarcilla-ECO3--768x768.png\" class=\"attachment-medium_large size-medium_large wp-image-84\" alt=\"\" srcset=\"https:\/\/lacoma.com\/pt\/wp-content\/uploads\/2025\/04\/Brique-isolante-Termoarcilla-ECO3--768x768.png 768w, https:\/\/lacoma.com\/pt\/wp-content\/uploads\/2025\/04\/Brique-isolante-Termoarcilla-ECO3--300x300.png 300w, https:\/\/lacoma.com\/pt\/wp-content\/uploads\/2025\/04\/Brique-isolante-Termoarcilla-ECO3--150x150.png 150w, https:\/\/lacoma.com\/pt\/wp-content\/uploads\/2025\/04\/Brique-isolante-Termoarcilla-ECO3-.png 1000w\" sizes=\"(max-width: 768px) 100vw, 768px\" \/><\/a><\/figure><div class=\"elementor-image-box-content\"><h3 class=\"elementor-image-box-title\"><a href=\"https:\/\/lacoma.com\/pt\/productos\/tijolo-termico-termoarcilla\/\">Tijolo isolante Termoarcilla<\/a><\/h3><p class=\"elementor-image-box-description\">Altas presta\u00e7\u00f5es energ\u00e9ticas<\/p><\/div><\/div>\t\t\t\t<\/div>\n\t\t\t\t<\/div>\n\t\t\t\t<div class=\"elementor-element elementor-element-e6176ae elementor-position-top elementor-widget elementor-widget-image-box\" data-id=\"e6176ae\" data-element_type=\"widget\" data-e-type=\"widget\" data-widget_type=\"image-box.default\">\n\t\t\t\t<div class=\"elementor-widget-container\">\n\t\t\t\t\t<div class=\"elementor-image-box-wrapper\"><figure class=\"elementor-image-box-img\"><a href=\"https:\/\/lacoma.com\/pt\/productos\/abobadilhas-ceramicas\/\" tabindex=\"-1\"><img decoding=\"async\" width=\"768\" height=\"768\" src=\"https:\/\/lacoma.com\/pt\/wp-content\/uploads\/2025\/04\/voutes-768x768.png\" class=\"attachment-medium_large size-medium_large wp-image-91\" alt=\"\" srcset=\"https:\/\/lacoma.com\/pt\/wp-content\/uploads\/2025\/04\/voutes-768x768.png 768w, https:\/\/lacoma.com\/pt\/wp-content\/uploads\/2025\/04\/voutes-300x300.png 300w, https:\/\/lacoma.com\/pt\/wp-content\/uploads\/2025\/04\/voutes-150x150.png 150w, https:\/\/lacoma.com\/pt\/wp-content\/uploads\/2025\/04\/voutes.png 800w\" sizes=\"(max-width: 768px) 100vw, 768px\" \/><\/a><\/figure><div class=\"elementor-image-box-content\"><h3 class=\"elementor-image-box-title\"><a href=\"https:\/\/lacoma.com\/pt\/productos\/abobadilhas-ceramicas\/\">Abobadilhas cer\u00e2micas<\/a><\/h3><p class=\"elementor-image-box-description\">Leveza e resist\u00eancia<\/p><\/div><\/div>\t\t\t\t<\/div>\n\t\t\t\t<\/div>\n\t\t\t\t<div class=\"elementor-element elementor-element-cc6eff7 elementor-position-top elementor-widget elementor-widget-image-box\" data-id=\"cc6eff7\" data-element_type=\"widget\" data-e-type=\"widget\" data-widget_type=\"image-box.default\">\n\t\t\t\t<div class=\"elementor-widget-container\">\n\t\t\t\t\t<div class=\"elementor-image-box-wrapper\"><figure class=\"elementor-image-box-img\"><a href=\"https:\/\/lacoma.com\/pt\/productos\/plafonnettes-male-femelle\/\" tabindex=\"-1\"><img decoding=\"async\" width=\"436\" height=\"436\" src=\"https:\/\/lacoma.com\/pt\/wp-content\/uploads\/2025\/04\/Plafonnettes-male-femelle.png\" class=\"attachment-medium_large size-medium_large wp-image-90\" alt=\"\" srcset=\"https:\/\/lacoma.com\/pt\/wp-content\/uploads\/2025\/04\/Plafonnettes-male-femelle.png 436w, https:\/\/lacoma.com\/pt\/wp-content\/uploads\/2025\/04\/Plafonnettes-male-femelle-300x300.png 300w, https:\/\/lacoma.com\/pt\/wp-content\/uploads\/2025\/04\/Plafonnettes-male-femelle-150x150.png 150w\" sizes=\"(max-width: 436px) 100vw, 436px\" \/><\/a><\/figure><div class=\"elementor-image-box-content\"><h3 class=\"elementor-image-box-title\"><a href=\"https:\/\/lacoma.com\/pt\/productos\/plafonnettes-male-femelle\/\">Ladrilho macho-f\u00eamea<\/a><\/h3><p class=\"elementor-image-box-description\">Fiabilidade e resist\u00eancia<\/p><\/div><\/div>\t\t\t\t<\/div>\n\t\t\t\t<\/div>\n\t\t\t\t<div class=\"elementor-element elementor-element-e763779 elementor-position-top elementor-widget elementor-widget-image-box\" data-id=\"e763779\" data-element_type=\"widget\" data-e-type=\"widget\" data-widget_type=\"image-box.default\">\n\t\t\t\t<div class=\"elementor-widget-container\">\n\t\t\t\t\t<div class=\"elementor-image-box-wrapper\"><figure class=\"elementor-image-box-img\"><a href=\"https:\/\/lacoma.com\/pt\/productos\/ladrilhos-e-tijoleiras-rusticas\/\" tabindex=\"-1\"><img loading=\"lazy\" decoding=\"async\" width=\"703\" height=\"703\" src=\"https:\/\/lacoma.com\/pt\/wp-content\/uploads\/2025\/04\/Briques-et-carreaux-rustiques.png\" class=\"attachment-medium_large size-medium_large wp-image-89\" alt=\"\" srcset=\"https:\/\/lacoma.com\/pt\/wp-content\/uploads\/2025\/04\/Briques-et-carreaux-rustiques.png 703w, https:\/\/lacoma.com\/pt\/wp-content\/uploads\/2025\/04\/Briques-et-carreaux-rustiques-300x300.png 300w, https:\/\/lacoma.com\/pt\/wp-content\/uploads\/2025\/04\/Briques-et-carreaux-rustiques-150x150.png 150w\" sizes=\"(max-width: 703px) 100vw, 703px\" \/><\/a><\/figure><div class=\"elementor-image-box-content\"><h3 class=\"elementor-image-box-title\"><a href=\"https:\/\/lacoma.com\/pt\/productos\/ladrilhos-e-tijoleiras-rusticas\/\">Ladrilhos e tijoleiras r\u00fasticas<\/a><\/h3><p class=\"elementor-image-box-description\">Est\u00e9tica aut\u00eantica<\/p><\/div><\/div>\t\t\t\t<\/div>\n\t\t\t\t<\/div>\n\t\t\t\t<div class=\"elementor-element elementor-element-db0025e elementor-position-top elementor-widget elementor-widget-image-box\" data-id=\"db0025e\" data-element_type=\"widget\" data-e-type=\"widget\" data-widget_type=\"image-box.default\">\n\t\t\t\t<div class=\"elementor-widget-container\">\n\t\t\t\t\t<div class=\"elementor-image-box-wrapper\"><figure class=\"elementor-image-box-img\"><a href=\"https:\/\/lacoma.com\/pt\/productos\/garrafeira\/\" tabindex=\"-1\"><img loading=\"lazy\" decoding=\"async\" width=\"706\" height=\"706\" src=\"https:\/\/lacoma.com\/pt\/wp-content\/uploads\/2025\/04\/Casier-a-bouteilles.png\" class=\"attachment-medium_large size-medium_large wp-image-88\" alt=\"\" srcset=\"https:\/\/lacoma.com\/pt\/wp-content\/uploads\/2025\/04\/Casier-a-bouteilles.png 706w, https:\/\/lacoma.com\/pt\/wp-content\/uploads\/2025\/04\/Casier-a-bouteilles-300x300.png 300w, https:\/\/lacoma.com\/pt\/wp-content\/uploads\/2025\/04\/Casier-a-bouteilles-150x150.png 150w\" sizes=\"(max-width: 706px) 100vw, 706px\" \/><\/a><\/figure><div class=\"elementor-image-box-content\"><h3 class=\"elementor-image-box-title\"><a href=\"https:\/\/lacoma.com\/pt\/productos\/garrafeira\/\">Garrafeira<\/a><\/h3><p class=\"elementor-image-box-description\">Armazenamento elegante<\/p><\/div><\/div>\t\t\t\t<\/div>\n\t\t\t\t<\/div>\n\t\t\t\t<div class=\"elementor-element elementor-element-2de2982 elementor-position-top elementor-widget elementor-widget-image-box\" data-id=\"2de2982\" data-element_type=\"widget\" data-e-type=\"widget\" data-widget_type=\"image-box.default\">\n\t\t\t\t<div class=\"elementor-widget-container\">\n\t\t\t\t\t<div class=\"elementor-image-box-wrapper\"><figure class=\"elementor-image-box-img\"><a href=\"https:\/\/lacoma.com\/pt\/productos\/reforco-de-alvenaria\/\" tabindex=\"-1\"><img loading=\"lazy\" decoding=\"async\" width=\"541\" height=\"541\" src=\"https:\/\/lacoma.com\/pt\/wp-content\/uploads\/2025\/04\/Renfort-de-maconnerie.png\" class=\"attachment-medium_large size-medium_large wp-image-87\" alt=\"\" srcset=\"https:\/\/lacoma.com\/pt\/wp-content\/uploads\/2025\/04\/Renfort-de-maconnerie.png 541w, https:\/\/lacoma.com\/pt\/wp-content\/uploads\/2025\/04\/Renfort-de-maconnerie-300x300.png 300w, https:\/\/lacoma.com\/pt\/wp-content\/uploads\/2025\/04\/Renfort-de-maconnerie-150x150.png 150w\" sizes=\"(max-width: 541px) 100vw, 541px\" \/><\/a><\/figure><div class=\"elementor-image-box-content\"><h3 class=\"elementor-image-box-title\"><a href=\"https:\/\/lacoma.com\/pt\/productos\/reforco-de-alvenaria\/\">Refor\u00e7o de alvenaria<\/a><\/h3><p class=\"elementor-image-box-description\">Seguran\u00e7a e estabilidade<\/p><\/div><\/div>\t\t\t\t<\/div>\n\t\t\t\t<\/div>\n\t\t\t\t<div class=\"elementor-element elementor-element-7807171 elementor-position-top elementor-widget elementor-widget-image-box\" data-id=\"7807171\" data-element_type=\"widget\" data-e-type=\"widget\" data-widget_type=\"image-box.default\">\n\t\t\t\t<div class=\"elementor-widget-container\">\n\t\t\t\t\t<div class=\"elementor-image-box-wrapper\"><figure class=\"elementor-image-box-img\"><a href=\"https:\/\/lacoma.com\/pt\/productos\/telhas\/\" tabindex=\"-1\"><img loading=\"lazy\" decoding=\"async\" width=\"553\" height=\"553\" src=\"https:\/\/lacoma.com\/pt\/wp-content\/uploads\/2025\/05\/tuiles.png\" class=\"attachment-medium_large size-medium_large wp-image-399\" alt=\"\" srcset=\"https:\/\/lacoma.com\/pt\/wp-content\/uploads\/2025\/05\/tuiles.png 553w, https:\/\/lacoma.com\/pt\/wp-content\/uploads\/2025\/05\/tuiles-300x300.png 300w, https:\/\/lacoma.com\/pt\/wp-content\/uploads\/2025\/05\/tuiles-150x150.png 150w\" sizes=\"(max-width: 553px) 100vw, 553px\" \/><\/a><\/figure><div class=\"elementor-image-box-content\"><h3 class=\"elementor-image-box-title\"><a href=\"https:\/\/lacoma.com\/pt\/productos\/telhas\/\">Telhas em cer\u00e2mica e bet\u00e3o<\/a><\/h3><p class=\"elementor-image-box-description\">Prote\u00e7\u00e3o ideal\n<\/p><\/div><\/div>\t\t\t\t<\/div>\n\t\t\t\t<\/div>\n\t\t\t\t<div class=\"elementor-element elementor-element-7311b64 elementor-position-top elementor-widget elementor-widget-image-box\" data-id=\"7311b64\" data-element_type=\"widget\" data-e-type=\"widget\" data-widget_type=\"image-box.default\">\n\t\t\t\t<div class=\"elementor-widget-container\">\n\t\t\t\t\t<div class=\"elementor-image-box-wrapper\"><figure class=\"elementor-image-box-img\"><a href=\"https:\/\/lacoma.com\/pt\/productos\/tijolos-refratarios\/\" tabindex=\"-1\"><img loading=\"lazy\" decoding=\"async\" width=\"700\" height=\"700\" src=\"https:\/\/lacoma.com\/pt\/wp-content\/uploads\/2025\/04\/Briques-refractaires.png\" class=\"attachment-medium_large size-medium_large wp-image-85\" alt=\"\" srcset=\"https:\/\/lacoma.com\/pt\/wp-content\/uploads\/2025\/04\/Briques-refractaires.png 700w, https:\/\/lacoma.com\/pt\/wp-content\/uploads\/2025\/04\/Briques-refractaires-300x300.png 300w, https:\/\/lacoma.com\/pt\/wp-content\/uploads\/2025\/04\/Briques-refractaires-150x150.png 150w\" sizes=\"(max-width: 700px) 100vw, 700px\" \/><\/a><\/figure><div class=\"elementor-image-box-content\"><h3 class=\"elementor-image-box-title\"><a href=\"https:\/\/lacoma.com\/pt\/productos\/tijolos-refratarios\/\">Tijolos refrat\u00e1rios<\/a><\/h3><p class=\"elementor-image-box-description\">Ideais para lareiras e fornos<\/p><\/div><\/div>\t\t\t\t<\/div>\n\t\t\t\t<\/div>\n\t\t\t\t<\/div>\n\t\t\t\t\t<\/div>\n\t\t\t\t<\/div>\n\t\t\t\t<\/div>\n\t\t","protected":false},"excerpt":{"rendered":"<p>Os nossos produtos Descubra a nossa gama de produtos em cer\u00e2mica e bet\u00e3o para constru\u00e7\u00f5es resistentes e dur\u00e1veis. Tijolo isolante Termoarcilla Altas presta\u00e7\u00f5es energ\u00e9ticas Abobadilhas cer\u00e2micas Leveza e resist\u00eancia Ladrilho macho-f\u00eamea Fiabilidade e resist\u00eancia Ladrilhos e tijoleiras r\u00fasticas Est\u00e9tica aut\u00eantica Garrafeira Armazenamento elegante Refor\u00e7o de alvenaria Seguran\u00e7a e estabilidade Telhas em cer\u00e2mica e bet\u00e3o Prote\u00e7\u00e3o [&hellip;]<\/p>\n","protected":false},"author":1,"featured_media":0,"parent":0,"menu_order":0,"comment_status":"closed","ping_status":"closed","template":"","meta":{"footnotes":""},"class_list":["post-34","page","type-page","status-publish","hentry"],"_links":{"self":[{"href":"https:\/\/lacoma.com\/pt\/wp-json\/wp\/v2\/pages\/34","targetHints":{"allow":["GET"]}}],"collection":[{"href":"https:\/\/lacoma.com\/pt\/wp-json\/wp\/v2\/pages"}],"about":[{"href":"https:\/\/lacoma.com\/pt\/wp-json\/wp\/v2\/types\/page"}],"author":[{"embeddable":true,"href":"https:\/\/lacoma.com\/pt\/wp-json\/wp\/v2\/users\/1"}],"replies":[{"embeddable":true,"href":"https:\/\/lacoma.com\/pt\/wp-json\/wp\/v2\/comments?post=34"}],"version-history":[{"count":11,"href":"https:\/\/lacoma.com\/pt\/wp-json\/wp\/v2\/pages\/34\/revisions"}],"predecessor-version":[{"id":1241,"href":"https:\/\/lacoma.com\/pt\/wp-json\/wp\/v2\/pages\/34\/revisions\/1241"}],"wp:attachment":[{"href":"https:\/\/lacoma.com\/pt\/wp-json\/wp\/v2\/media?parent=34"}],"curies":[{"name":"wp","href":"https:\/\/api.w.org\/{rel}","templated":true}]}}