{"id":287,"date":"2025-04-29T16:38:16","date_gmt":"2025-04-29T14:38:16","guid":{"rendered":"https:\/\/lacoma.com\/pt\/?page_id=287"},"modified":"2026-04-22T20:40:19","modified_gmt":"2026-04-22T18:40:19","slug":"male-femelle-25-cm-super-long","status":"publish","type":"page","link":"https:\/\/lacoma.com\/pt\/productos\/plafonnettes-male-femelle\/male-femelle-25-cm-super-long\/","title":{"rendered":"Ladrilho macho-f\u00eamea de 25 superlargo"},"content":{"rendered":"\t\t<div data-elementor-type=\"wp-page\" data-elementor-id=\"287\" class=\"elementor elementor-287\" data-elementor-post-type=\"page\">\n\t\t\t\t<div class=\"elementor-element elementor-element-6d40f85e e-flex e-con-boxed e-con e-parent\" data-id=\"6d40f85e\" data-element_type=\"container\" data-e-type=\"container\">\n\t\t\t\t\t<div class=\"e-con-inner\">\n\t\t<div class=\"elementor-element elementor-element-7e50cff6 e-con-full elementor-hidden-tablet elementor-hidden-mobile e-flex e-con e-child\" data-id=\"7e50cff6\" data-element_type=\"container\" data-e-type=\"container\">\n\t\t\t\t<div class=\"elementor-element elementor-element-34284a04 elementor-widget elementor-widget-image\" data-id=\"34284a04\" data-element_type=\"widget\" data-e-type=\"widget\" data-widget_type=\"image.default\">\n\t\t\t\t<div class=\"elementor-widget-container\">\n\t\t\t\t\t\t\t\t\t\t\t\t\t\t\t<img fetchpriority=\"high\" decoding=\"async\" width=\"597\" height=\"597\" src=\"https:\/\/lacoma.com\/pt\/wp-content\/uploads\/2025\/04\/Male-femelle-de-25-cm-super-long.webp\" class=\"attachment-large size-large wp-image-279\" alt=\"\" srcset=\"https:\/\/lacoma.com\/pt\/wp-content\/uploads\/2025\/04\/Male-femelle-de-25-cm-super-long.webp 597w, https:\/\/lacoma.com\/pt\/wp-content\/uploads\/2025\/04\/Male-femelle-de-25-cm-super-long-300x300.webp 300w, https:\/\/lacoma.com\/pt\/wp-content\/uploads\/2025\/04\/Male-femelle-de-25-cm-super-long-150x150.webp 150w\" sizes=\"(max-width: 597px) 100vw, 597px\" \/>\t\t\t\t\t\t\t\t\t\t\t\t\t\t\t<\/div>\n\t\t\t\t<\/div>\n\t\t\t\t<\/div>\n\t\t<div class=\"elementor-element elementor-element-63e03cc3 e-con-full e-flex e-con e-child\" data-id=\"63e03cc3\" data-element_type=\"container\" data-e-type=\"container\">\n\t\t\t\t<div class=\"elementor-element elementor-element-1a581ee7 elementor-widget elementor-widget-heading\" data-id=\"1a581ee7\" data-element_type=\"widget\" data-e-type=\"widget\" data-widget_type=\"heading.default\">\n\t\t\t\t<div class=\"elementor-widget-container\">\n\t\t\t\t\t<h1 class=\"elementor-heading-title elementor-size-default\">Ladrilho macho-f\u00eamea de 25 superlargo<\/h1>\t\t\t\t<\/div>\n\t\t\t\t<\/div>\n\t\t\t\t<div class=\"elementor-element elementor-element-32d102a4 elementor-widget elementor-widget-text-editor\" data-id=\"32d102a4\" data-element_type=\"widget\" data-e-type=\"widget\" data-widget_type=\"text-editor.default\">\n\t\t\t\t<div class=\"elementor-widget-container\">\n\t\t\t\t\t\t\t\t\t<p>Tipo: Ladrilho cer\u00e2mico em argila cozida com 25 cm de largura para coberturas<\/p>\t\t\t\t\t\t\t\t<\/div>\n\t\t\t\t<\/div>\n\t\t\t\t<div class=\"elementor-element elementor-element-9636e3a elementor-widget-divider--view-line elementor-widget elementor-widget-divider\" data-id=\"9636e3a\" data-element_type=\"widget\" data-e-type=\"widget\" data-widget_type=\"divider.default\">\n\t\t\t\t<div class=\"elementor-widget-container\">\n\t\t\t\t\t\t\t<div class=\"elementor-divider\">\n\t\t\t<span class=\"elementor-divider-separator\">\n\t\t\t\t\t\t<\/span>\n\t\t<\/div>\n\t\t\t\t\t\t<\/div>\n\t\t\t\t<\/div>\n\t\t\t\t<div class=\"elementor-element elementor-element-151b3a67 elementor-hidden-desktop elementor-widget elementor-widget-image\" data-id=\"151b3a67\" data-element_type=\"widget\" data-e-type=\"widget\" data-widget_type=\"image.default\">\n\t\t\t\t<div class=\"elementor-widget-container\">\n\t\t\t\t\t\t\t\t\t\t\t\t\t\t\t<img fetchpriority=\"high\" decoding=\"async\" width=\"597\" height=\"597\" src=\"https:\/\/lacoma.com\/pt\/wp-content\/uploads\/2025\/04\/Male-femelle-de-25-cm-super-long.webp\" class=\"attachment-large size-large wp-image-279\" alt=\"\" srcset=\"https:\/\/lacoma.com\/pt\/wp-content\/uploads\/2025\/04\/Male-femelle-de-25-cm-super-long.webp 597w, https:\/\/lacoma.com\/pt\/wp-content\/uploads\/2025\/04\/Male-femelle-de-25-cm-super-long-300x300.webp 300w, https:\/\/lacoma.com\/pt\/wp-content\/uploads\/2025\/04\/Male-femelle-de-25-cm-super-long-150x150.webp 150w\" sizes=\"(max-width: 597px) 100vw, 597px\" \/>\t\t\t\t\t\t\t\t\t\t\t\t\t\t\t<\/div>\n\t\t\t\t<\/div>\n\t\t\t\t<div class=\"elementor-element elementor-element-755b28ea elementor-widget elementor-widget-text-editor\" data-id=\"755b28ea\" data-element_type=\"widget\" data-e-type=\"widget\" data-widget_type=\"text-editor.default\">\n\t\t\t\t<div class=\"elementor-widget-container\">\n\t\t\t\t\t\t\t\t\t<p><strong>Galerie de projets:<\/strong><\/p>\t\t\t\t\t\t\t\t<\/div>\n\t\t\t\t<\/div>\n\t\t\t\t<div class=\"elementor-element elementor-element-54b1f985 elementor-widget elementor-widget-text-editor\" data-id=\"54b1f985\" data-element_type=\"widget\" data-e-type=\"widget\" data-widget_type=\"text-editor.default\">\n\t\t\t\t<div class=\"elementor-widget-container\">\n\t\t\t\t\t\t\t\t\t<p><strong>Uso previsto:<\/strong><\/p><p>Pe\u00e7a cer\u00e2mica para o suporte de coberturas (inclinadas ou planas) com grande comprimento com corte reto. Alta fiabilidade e resist\u00eancia da cobertura. Ladrilhos macho-f\u00eamea com 25 cm de largura e comprimento que v\u00e3o desde 120 cm at\u00e9 200 cm<\/p>\t\t\t\t\t\t\t\t<\/div>\n\t\t\t\t<\/div>\n\t\t\t\t<\/div>\n\t\t<div class=\"elementor-element elementor-element-241b0a2b e-con-full e-flex e-con e-child\" data-id=\"241b0a2b\" data-element_type=\"container\" data-e-type=\"container\">\n\t\t<div class=\"elementor-element elementor-element-7171cb06 e-con-full e-flex e-con e-child\" data-id=\"7171cb06\" data-element_type=\"container\" data-e-type=\"container\" data-settings=\"{&quot;background_background&quot;:&quot;classic&quot;,&quot;sticky&quot;:&quot;top&quot;,&quot;sticky_offset&quot;:30,&quot;sticky_parent&quot;:&quot;yes&quot;,&quot;sticky_on&quot;:[&quot;desktop&quot;,&quot;tablet&quot;,&quot;mobile&quot;],&quot;sticky_effects_offset&quot;:0,&quot;sticky_anchor_link_offset&quot;:0}\">\n\t\t\t\t<div class=\"elementor-element elementor-element-3082584c elementor-widget elementor-widget-heading\" data-id=\"3082584c\" data-element_type=\"widget\" data-e-type=\"widget\" data-widget_type=\"heading.default\">\n\t\t\t\t<div class=\"elementor-widget-container\">\n\t\t\t\t\t<p class=\"elementor-heading-title elementor-size-default\">TEM ALGUMA PERGUNTA?<\/p>\t\t\t\t<\/div>\n\t\t\t\t<\/div>\n\t\t\t\t<div class=\"elementor-element elementor-element-52633c5 elementor-button-align-stretch elementor-widget elementor-widget-global elementor-global-626 elementor-widget-form\" data-id=\"52633c5\" data-element_type=\"widget\" data-e-type=\"widget\" data-settings=\"{&quot;step_next_label&quot;:&quot;Siguiente&quot;,&quot;step_previous_label&quot;:&quot;Anterior&quot;,&quot;button_width&quot;:&quot;100&quot;,&quot;step_type&quot;:&quot;number_text&quot;,&quot;step_icon_shape&quot;:&quot;circle&quot;}\" data-widget_type=\"form.default\">\n\t\t\t\t<div class=\"elementor-widget-container\">\n\t\t\t\t\t\t\t<form class=\"elementor-form\" method=\"post\" name=\"Formulario flotante\" aria-label=\"Formulario flotante\">\n\t\t\t<input type=\"hidden\" name=\"post_id\" value=\"287\"\/>\n\t\t\t<input type=\"hidden\" name=\"form_id\" value=\"52633c5\"\/>\n\t\t\t<input type=\"hidden\" name=\"referer_title\" value=\"\" \/>\n\n\t\t\t\n\t\t\t<div class=\"elementor-form-fields-wrapper elementor-labels-above\">\n\t\t\t\t\t\t\t\t<div class=\"elementor-field-type-textarea elementor-field-group elementor-column elementor-field-group-message elementor-col-100\">\n\t\t\t\t\t<textarea class=\"elementor-field-textual elementor-field  elementor-size-sm\" name=\"form_fields[message]\" id=\"form-field-message\" rows=\"4\" placeholder=\"Escreva a sua mensagem*\"><\/textarea>\t\t\t\t<\/div>\n\t\t\t\t\t\t\t\t<div class=\"elementor-field-type-html elementor-field-group elementor-column elementor-field-group-field_15494f6 elementor-col-100\">\n\t\t\t\t\tSe solicitar um or\u00e7amento, indique a morada, a data de entrega e os detalhes que considerar pertinentes.\t\t\t\t<\/div>\n\t\t\t\t\t\t\t\t<div class=\"elementor-field-type-text elementor-field-group elementor-column elementor-field-group-name elementor-col-100\">\n\t\t\t\t\t\t\t\t\t\t\t\t\t<input size=\"1\" type=\"text\" name=\"form_fields[name]\" id=\"form-field-name\" class=\"elementor-field elementor-size-sm  elementor-field-textual\" placeholder=\"Nome e apelido *\">\n\t\t\t\t\t\t\t\t\t\t\t<\/div>\n\t\t\t\t\t\t\t\t<div class=\"elementor-field-type-email elementor-field-group elementor-column elementor-field-group-email elementor-col-100 elementor-field-required\">\n\t\t\t\t\t\t\t\t\t\t\t\t\t<input size=\"1\" type=\"email\" name=\"form_fields[email]\" id=\"form-field-email\" class=\"elementor-field elementor-size-sm  elementor-field-textual\" placeholder=\"Endere\u00e7o de e-mail *\" required=\"required\">\n\t\t\t\t\t\t\t\t\t\t\t<\/div>\n\t\t\t\t\t\t\t\t<div class=\"elementor-field-type-tel elementor-field-group elementor-column elementor-field-group-phone elementor-col-100 elementor-field-required\">\n\t\t\t\t\t\t\t<input size=\"1\" type=\"tel\" name=\"form_fields[phone]\" id=\"form-field-phone\" class=\"elementor-field elementor-size-sm  elementor-field-textual\" placeholder=\"N\u00famero de telefone *\" required=\"required\" pattern=\"[0-9()#&amp;+*-=.]+\" title=\"Only numbers and phone characters (#, -, *, etc) are accepted.\">\n\n\t\t\t\t\t\t<\/div>\n\t\t\t\t\t\t\t\t<div class=\"elementor-field-type-acceptance elementor-field-group elementor-column elementor-field-group-acceptance elementor-col-100 elementor-field-required\">\n\t\t\t\t\t\t\t<div class=\"elementor-field-subgroup\">\n\t\t\t<span class=\"elementor-field-option\">\n\t\t\t\t<input type=\"checkbox\" name=\"form_fields[acceptance]\" id=\"form-field-acceptance\" class=\"elementor-field elementor-size-sm  elementor-acceptance-field\" required=\"required\">\n\t\t\t\t<label for=\"form-field-acceptance\">Aceito a <a href=\"https:\/\/lacoma.com\/pt\/politica-privacidade\/\" target=\"_blank\">Pol\u00edtica de Privacidade<\/a><\/label>\t\t\t<\/span>\n\t\t<\/div>\n\t\t\t\t\t\t<\/div>\n\t\t\t\t\t\t\t\t<div class=\"elementor-field-type-html elementor-field-group elementor-column elementor-field-group-field_c34e3f2 elementor-col-100\">\n\t\t\t\t\t*. Todos os campos s\u00e3o obrigat\u00f3rios\t\t\t\t<\/div>\n\t\t\t\t\t\t\t\t<div class=\"elementor-field-group elementor-column elementor-field-type-submit elementor-col-100 e-form__buttons\">\n\t\t\t\t\t<button class=\"elementor-button elementor-size-sm\" type=\"submit\">\n\t\t\t\t\t\t<span class=\"elementor-button-content-wrapper\">\n\t\t\t\t\t\t\t\t\t\t\t\t\t\t\t\t\t\t\t\t\t\t<span class=\"elementor-button-text\">Enviar<\/span>\n\t\t\t\t\t\t\t\t\t\t\t\t\t<\/span>\n\t\t\t\t\t<\/button>\n\t\t\t\t<\/div>\n\t\t\t<\/div>\n\t\t<\/form>\n\t\t\t\t\t\t<\/div>\n\t\t\t\t<\/div>\n\t\t\t\t<\/div>\n\t\t\t\t<\/div>\n\t\t\t\t\t<\/div>\n\t\t\t\t<\/div>\n\t\t<div class=\"elementor-element elementor-element-29e39336 e-flex e-con-boxed e-con e-parent\" data-id=\"29e39336\" data-element_type=\"container\" data-e-type=\"container\">\n\t\t\t\t\t<div class=\"e-con-inner\">\n\t\t\t\t<div class=\"elementor-element elementor-element-7906be6b elementor-widget elementor-widget-heading\" data-id=\"7906be6b\" data-element_type=\"widget\" data-e-type=\"widget\" data-widget_type=\"heading.default\">\n\t\t\t\t<div class=\"elementor-widget-container\">\n\t\t\t\t\t<h2 class=\"elementor-heading-title elementor-size-default\">Caracter\u00edsticas<\/h2>\t\t\t\t<\/div>\n\t\t\t\t<\/div>\n\t\t\t\t<div class=\"elementor-element elementor-element-6bf60f3f elementor-widget-divider--view-line elementor-widget elementor-widget-divider\" data-id=\"6bf60f3f\" data-element_type=\"widget\" data-e-type=\"widget\" data-widget_type=\"divider.default\">\n\t\t\t\t<div class=\"elementor-widget-container\">\n\t\t\t\t\t\t\t<div class=\"elementor-divider\">\n\t\t\t<span class=\"elementor-divider-separator\">\n\t\t\t\t\t\t<\/span>\n\t\t<\/div>\n\t\t\t\t\t\t<\/div>\n\t\t\t\t<\/div>\n\t\t\t\t<div class=\"elementor-element elementor-element-1c178f4a elementor-widget elementor-widget-text-editor\" data-id=\"1c178f4a\" data-element_type=\"widget\" data-e-type=\"widget\" data-widget_type=\"text-editor.default\">\n\t\t\t\t<div class=\"elementor-widget-container\">\n\t\t\t\t\t\t\t\t\t<table width=\"100%\"><tbody><tr><td align=\"left\"><b>Dimens\u00f5es<\/b><\/td><td align=\"left\">120 x 25 x 4 cm Direito<\/td><td align=\"left\">130 x 25 x 4 cm Direito<\/td><td align=\"left\">140 x 25 x 5 cm Direito<\/td><td align=\"left\">150 x 25 x 5 cm Direito<\/td><td align=\"left\">160 x 25 x 5 cm Direito<\/td><td align=\"left\">180 x 25 x 6 cm Direito<\/td><td align=\"left\">200 x 25 x 6 cm Direito<\/td><\/tr><tr><td align=\"left\"><strong>AENOR<\/strong><\/td><td align=\"left\">Sim<\/td><td align=\"left\">Sim<\/td><td align=\"left\">&#8211;<\/td><td align=\"left\">&#8211;<\/td><td align=\"left\">&#8211;<\/td><td align=\"left\">&#8211;<\/td><td align=\"left\">&#8211;<\/td><\/tr><tr><td align=\"left\"><b>Pe\u00e7as\/palete<\/b><\/td><td align=\"left\">104<\/td><td align=\"left\">104<\/td><td align=\"left\">84<\/td><td align=\"left\">63<\/td><td align=\"left\">63<\/td><td align=\"left\">36<\/td><td align=\"left\">36<\/td><\/tr><tr><td align=\"left\"><b>Pe\u00e7as\/m\u00b2<\/b><\/td><td align=\"left\">3,3<\/td><td align=\"left\">3<\/td><td align=\"left\">2,8<\/td><td align=\"left\">2,7<\/td><td align=\"left\">2,5<\/td><td align=\"left\">2,2<\/td><td align=\"left\">2<\/td><\/tr><tr><td align=\"left\"><b>Massa m\u00ednima<\/b><\/td><td align=\"left\">8 kgs<\/td><td align=\"left\">8,8 kgs<\/td><td align=\"left\">10,9 kgs<\/td><td align=\"left\">11,2 kgs<\/td><td align=\"left\">11,8 kgs<\/td><td align=\"left\">14,4 kgs<\/td><td align=\"left\">16,5 kgs<\/td><\/tr><tr><td align=\"left\"><b>Resist\u00eancia \u00e0 flex\u00e3o<\/b><\/td><td align=\"left\">&gt; 123 daN<\/td><td align=\"left\">&gt; 123 daN<\/td><td align=\"left\">&gt; 123 daN<\/td><td align=\"left\">&gt; 123 daN<\/td><td align=\"left\">&gt; 123 daN<\/td><td align=\"left\">&gt; 123 daN<\/td><td align=\"left\">&gt; 123 daN<\/td><\/tr><tr><td align=\"left\"><b>Rea\u00e7\u00e3o ao fogo<\/b><\/td><td align=\"left\">A1<\/td><td align=\"left\">A1<\/td><td align=\"left\">A1<\/td><td align=\"left\">A1<\/td><td align=\"left\">A1<\/td><td align=\"left\">A1<\/td><td align=\"left\">A1<\/td><\/tr><\/tbody><\/table>\t\t\t\t\t\t\t\t<\/div>\n\t\t\t\t<\/div>\n\t\t\t\t\t<\/div>\n\t\t\t\t<\/div>\n\t\t\t\t<\/div>\n\t\t","protected":false},"excerpt":{"rendered":"<p>Ladrilho macho-f\u00eamea de 25 superlargo Tipo: Ladrilho cer\u00e2mico em argila cozida com 25 cm de largura para coberturas Galerie de projets: Uso previsto: Pe\u00e7a cer\u00e2mica para o suporte de coberturas (inclinadas ou planas) com grande comprimento com corte reto. Alta fiabilidade e resist\u00eancia da cobertura. Ladrilhos macho-f\u00eamea com 25 cm de largura e comprimento que [&hellip;]<\/p>\n","protected":false},"author":1,"featured_media":0,"parent":219,"menu_order":0,"comment_status":"closed","ping_status":"closed","template":"","meta":{"footnotes":""},"class_list":["post-287","page","type-page","status-publish","hentry"],"_links":{"self":[{"href":"https:\/\/lacoma.com\/pt\/wp-json\/wp\/v2\/pages\/287","targetHints":{"allow":["GET"]}}],"collection":[{"href":"https:\/\/lacoma.com\/pt\/wp-json\/wp\/v2\/pages"}],"about":[{"href":"https:\/\/lacoma.com\/pt\/wp-json\/wp\/v2\/types\/page"}],"author":[{"embeddable":true,"href":"https:\/\/lacoma.com\/pt\/wp-json\/wp\/v2\/users\/1"}],"replies":[{"embeddable":true,"href":"https:\/\/lacoma.com\/pt\/wp-json\/wp\/v2\/comments?post=287"}],"version-history":[{"count":22,"href":"https:\/\/lacoma.com\/pt\/wp-json\/wp\/v2\/pages\/287\/revisions"}],"predecessor-version":[{"id":1226,"href":"https:\/\/lacoma.com\/pt\/wp-json\/wp\/v2\/pages\/287\/revisions\/1226"}],"up":[{"embeddable":true,"href":"https:\/\/lacoma.com\/pt\/wp-json\/wp\/v2\/pages\/219"}],"wp:attachment":[{"href":"https:\/\/lacoma.com\/pt\/wp-json\/wp\/v2\/media?parent=287"}],"curies":[{"name":"wp","href":"https:\/\/api.w.org\/{rel}","templated":true}]}}