{"id":286,"date":"2025-04-29T16:38:18","date_gmt":"2025-04-29T14:38:18","guid":{"rendered":"https:\/\/lacoma.com\/pt\/?page_id=286"},"modified":"2026-04-23T06:58:06","modified_gmt":"2026-04-23T04:58:06","slug":"panneau-male-femelle-ceramique-30-cm","status":"publish","type":"page","link":"https:\/\/lacoma.com\/pt\/productos\/plafonnettes-male-femelle\/panneau-male-femelle-ceramique-30-cm\/","title":{"rendered":"Ladrilho macho-f\u00eamea cer\u00e2mico de 30 cm"},"content":{"rendered":"\t\t<div data-elementor-type=\"wp-page\" data-elementor-id=\"286\" class=\"elementor elementor-286\" data-elementor-post-type=\"page\">\n\t\t\t\t<div class=\"elementor-element elementor-element-50f0f989 e-flex e-con-boxed e-con e-parent\" data-id=\"50f0f989\" data-element_type=\"container\" data-e-type=\"container\">\n\t\t\t\t\t<div class=\"e-con-inner\">\n\t\t<div class=\"elementor-element elementor-element-57bd9541 e-con-full elementor-hidden-tablet elementor-hidden-mobile e-flex e-con e-child\" data-id=\"57bd9541\" data-element_type=\"container\" data-e-type=\"container\">\n\t\t\t\t<div class=\"elementor-element elementor-element-46fffa2d elementor-widget elementor-widget-image\" data-id=\"46fffa2d\" data-element_type=\"widget\" data-e-type=\"widget\" data-widget_type=\"image.default\">\n\t\t\t\t<div class=\"elementor-widget-container\">\n\t\t\t\t\t\t\t\t\t\t\t\t\t\t\t<img fetchpriority=\"high\" decoding=\"async\" width=\"436\" height=\"436\" src=\"https:\/\/lacoma.com\/pt\/wp-content\/uploads\/2025\/04\/Panneau-male-femelle-en-ceramique-de-30-cm.webp\" class=\"attachment-large size-large wp-image-280\" alt=\"\" srcset=\"https:\/\/lacoma.com\/pt\/wp-content\/uploads\/2025\/04\/Panneau-male-femelle-en-ceramique-de-30-cm.webp 436w, https:\/\/lacoma.com\/pt\/wp-content\/uploads\/2025\/04\/Panneau-male-femelle-en-ceramique-de-30-cm-300x300.webp 300w, https:\/\/lacoma.com\/pt\/wp-content\/uploads\/2025\/04\/Panneau-male-femelle-en-ceramique-de-30-cm-150x150.webp 150w\" sizes=\"(max-width: 436px) 100vw, 436px\" \/>\t\t\t\t\t\t\t\t\t\t\t\t\t\t\t<\/div>\n\t\t\t\t<\/div>\n\t\t\t\t<\/div>\n\t\t<div class=\"elementor-element elementor-element-7bfca000 e-con-full e-flex e-con e-child\" data-id=\"7bfca000\" data-element_type=\"container\" data-e-type=\"container\">\n\t\t\t\t<div class=\"elementor-element elementor-element-171d4401 elementor-widget elementor-widget-heading\" data-id=\"171d4401\" data-element_type=\"widget\" data-e-type=\"widget\" data-widget_type=\"heading.default\">\n\t\t\t\t<div class=\"elementor-widget-container\">\n\t\t\t\t\t<h1 class=\"elementor-heading-title elementor-size-default\">Ladrilho macho-f\u00eamea cer\u00e2mico de 30 cm<\/h1>\t\t\t\t<\/div>\n\t\t\t\t<\/div>\n\t\t\t\t<div class=\"elementor-element elementor-element-f434f52 elementor-widget elementor-widget-text-editor\" data-id=\"f434f52\" data-element_type=\"widget\" data-e-type=\"widget\" data-widget_type=\"text-editor.default\">\n\t\t\t\t<div class=\"elementor-widget-container\">\n\t\t\t\t\t\t\t\t\t<p>Tipo: Ladrilho macho-f\u00eamea em argila cozida de 30 cm para coberturas<\/p>\t\t\t\t\t\t\t\t<\/div>\n\t\t\t\t<\/div>\n\t\t\t\t<div class=\"elementor-element elementor-element-41c2355a elementor-widget-divider--view-line elementor-widget elementor-widget-divider\" data-id=\"41c2355a\" data-element_type=\"widget\" data-e-type=\"widget\" data-widget_type=\"divider.default\">\n\t\t\t\t<div class=\"elementor-widget-container\">\n\t\t\t\t\t\t\t<div class=\"elementor-divider\">\n\t\t\t<span class=\"elementor-divider-separator\">\n\t\t\t\t\t\t<\/span>\n\t\t<\/div>\n\t\t\t\t\t\t<\/div>\n\t\t\t\t<\/div>\n\t\t\t\t<div class=\"elementor-element elementor-element-47489160 elementor-hidden-desktop elementor-widget elementor-widget-image\" data-id=\"47489160\" data-element_type=\"widget\" data-e-type=\"widget\" data-widget_type=\"image.default\">\n\t\t\t\t<div class=\"elementor-widget-container\">\n\t\t\t\t\t\t\t\t\t\t\t\t\t\t\t<img fetchpriority=\"high\" decoding=\"async\" width=\"436\" height=\"436\" src=\"https:\/\/lacoma.com\/pt\/wp-content\/uploads\/2025\/04\/Panneau-male-femelle-en-ceramique-de-30-cm.webp\" class=\"attachment-large size-large wp-image-280\" alt=\"\" srcset=\"https:\/\/lacoma.com\/pt\/wp-content\/uploads\/2025\/04\/Panneau-male-femelle-en-ceramique-de-30-cm.webp 436w, https:\/\/lacoma.com\/pt\/wp-content\/uploads\/2025\/04\/Panneau-male-femelle-en-ceramique-de-30-cm-300x300.webp 300w, https:\/\/lacoma.com\/pt\/wp-content\/uploads\/2025\/04\/Panneau-male-femelle-en-ceramique-de-30-cm-150x150.webp 150w\" sizes=\"(max-width: 436px) 100vw, 436px\" \/>\t\t\t\t\t\t\t\t\t\t\t\t\t\t\t<\/div>\n\t\t\t\t<\/div>\n\t\t\t\t<div class=\"elementor-element elementor-element-72018e0f elementor-widget elementor-widget-text-editor\" data-id=\"72018e0f\" data-element_type=\"widget\" data-e-type=\"widget\" data-widget_type=\"text-editor.default\">\n\t\t\t\t<div class=\"elementor-widget-container\">\n\t\t\t\t\t\t\t\t\t<p><strong>Uso previsto:<\/strong><\/p><p>Pe\u00e7a cer\u00e2mica para o suporte de coberturas (inclinadas ou planas), com corte biselado ou reto. Ladrilho macho-f\u00eamea de alta fiabilidade e resist\u00eancia da cobertura. Largura de 30 cm e comprimentos que v\u00e3o desde 50 cm at\u00e9 110 cm.<\/p><p>Tamb\u00e9m denominado por esteira ou bloco fino, o ladrilho macho-f\u00eamea cer\u00e2mico \u00e9 uma pe\u00e7a geralmente usada como elemento de suporte para coberturas, tanto inclinadas como planas, normalmente colocada sobre tabiques tipo pombal ou vigotas autoportantes.<\/p><p>Tamb\u00e9m \u00e9 usado noutras aplica\u00e7\u00f5es, como a constru\u00e7\u00e3o de degraus ou o revestimento de estruturas, etc.<\/p><p>Tem todas as vantagens dos produtos cer\u00e2micos como o isolamento t\u00e9rmico e ac\u00fastico, a resist\u00eancia mec\u00e2nica, a resist\u00eancia ao fogo ou a sua produ\u00e7\u00e3o sustent\u00e1vel.<\/p>\t\t\t\t\t\t\t\t<\/div>\n\t\t\t\t<\/div>\n\t\t\t\t<\/div>\n\t\t<div class=\"elementor-element elementor-element-5456de91 e-con-full e-flex e-con e-child\" data-id=\"5456de91\" data-element_type=\"container\" data-e-type=\"container\">\n\t\t<div class=\"elementor-element elementor-element-2145417b e-con-full e-flex e-con e-child\" data-id=\"2145417b\" data-element_type=\"container\" data-e-type=\"container\" data-settings=\"{&quot;background_background&quot;:&quot;classic&quot;,&quot;sticky&quot;:&quot;top&quot;,&quot;sticky_offset&quot;:30,&quot;sticky_parent&quot;:&quot;yes&quot;,&quot;sticky_on&quot;:[&quot;desktop&quot;,&quot;tablet&quot;,&quot;mobile&quot;],&quot;sticky_effects_offset&quot;:0,&quot;sticky_anchor_link_offset&quot;:0}\">\n\t\t\t\t<div class=\"elementor-element elementor-element-7d19ffe1 elementor-widget elementor-widget-heading\" data-id=\"7d19ffe1\" data-element_type=\"widget\" data-e-type=\"widget\" data-widget_type=\"heading.default\">\n\t\t\t\t<div class=\"elementor-widget-container\">\n\t\t\t\t\t<p class=\"elementor-heading-title elementor-size-default\">TEM ALGUMA PERGUNTA?<\/p>\t\t\t\t<\/div>\n\t\t\t\t<\/div>\n\t\t\t\t<div class=\"elementor-element elementor-element-7980ea2 elementor-button-align-stretch elementor-widget elementor-widget-global elementor-global-626 elementor-widget-form\" data-id=\"7980ea2\" data-element_type=\"widget\" data-e-type=\"widget\" data-settings=\"{&quot;step_next_label&quot;:&quot;Siguiente&quot;,&quot;step_previous_label&quot;:&quot;Anterior&quot;,&quot;button_width&quot;:&quot;100&quot;,&quot;step_type&quot;:&quot;number_text&quot;,&quot;step_icon_shape&quot;:&quot;circle&quot;}\" data-widget_type=\"form.default\">\n\t\t\t\t<div class=\"elementor-widget-container\">\n\t\t\t\t\t\t\t<form class=\"elementor-form\" method=\"post\" name=\"Formulario flotante\" aria-label=\"Formulario flotante\">\n\t\t\t<input type=\"hidden\" name=\"post_id\" value=\"286\"\/>\n\t\t\t<input type=\"hidden\" name=\"form_id\" value=\"7980ea2\"\/>\n\t\t\t<input type=\"hidden\" name=\"referer_title\" value=\"\" \/>\n\n\t\t\t\n\t\t\t<div class=\"elementor-form-fields-wrapper elementor-labels-above\">\n\t\t\t\t\t\t\t\t<div class=\"elementor-field-type-textarea elementor-field-group elementor-column elementor-field-group-message elementor-col-100\">\n\t\t\t\t\t<textarea class=\"elementor-field-textual elementor-field  elementor-size-sm\" name=\"form_fields[message]\" id=\"form-field-message\" rows=\"4\" placeholder=\"Escreva a sua mensagem*\"><\/textarea>\t\t\t\t<\/div>\n\t\t\t\t\t\t\t\t<div class=\"elementor-field-type-html elementor-field-group elementor-column elementor-field-group-field_15494f6 elementor-col-100\">\n\t\t\t\t\tSe solicitar um or\u00e7amento, indique a morada, a data de entrega e os detalhes que considerar pertinentes.\t\t\t\t<\/div>\n\t\t\t\t\t\t\t\t<div class=\"elementor-field-type-text elementor-field-group elementor-column elementor-field-group-name elementor-col-100\">\n\t\t\t\t\t\t\t\t\t\t\t\t\t<input size=\"1\" type=\"text\" name=\"form_fields[name]\" id=\"form-field-name\" class=\"elementor-field elementor-size-sm  elementor-field-textual\" placeholder=\"Nome e apelido *\">\n\t\t\t\t\t\t\t\t\t\t\t<\/div>\n\t\t\t\t\t\t\t\t<div class=\"elementor-field-type-email elementor-field-group elementor-column elementor-field-group-email elementor-col-100 elementor-field-required\">\n\t\t\t\t\t\t\t\t\t\t\t\t\t<input size=\"1\" type=\"email\" name=\"form_fields[email]\" id=\"form-field-email\" class=\"elementor-field elementor-size-sm  elementor-field-textual\" placeholder=\"Endere\u00e7o de e-mail *\" required=\"required\">\n\t\t\t\t\t\t\t\t\t\t\t<\/div>\n\t\t\t\t\t\t\t\t<div class=\"elementor-field-type-tel elementor-field-group elementor-column elementor-field-group-phone elementor-col-100 elementor-field-required\">\n\t\t\t\t\t\t\t<input size=\"1\" type=\"tel\" name=\"form_fields[phone]\" id=\"form-field-phone\" class=\"elementor-field elementor-size-sm  elementor-field-textual\" placeholder=\"N\u00famero de telefone *\" required=\"required\" pattern=\"[0-9()#&amp;+*-=.]+\" title=\"Only numbers and phone characters (#, -, *, etc) are accepted.\">\n\n\t\t\t\t\t\t<\/div>\n\t\t\t\t\t\t\t\t<div class=\"elementor-field-type-acceptance elementor-field-group elementor-column elementor-field-group-acceptance elementor-col-100 elementor-field-required\">\n\t\t\t\t\t\t\t<div class=\"elementor-field-subgroup\">\n\t\t\t<span class=\"elementor-field-option\">\n\t\t\t\t<input type=\"checkbox\" name=\"form_fields[acceptance]\" id=\"form-field-acceptance\" class=\"elementor-field elementor-size-sm  elementor-acceptance-field\" required=\"required\">\n\t\t\t\t<label for=\"form-field-acceptance\">Aceito a <a href=\"https:\/\/lacoma.com\/pt\/politica-privacidade\/\" target=\"_blank\">Pol\u00edtica de Privacidade<\/a><\/label>\t\t\t<\/span>\n\t\t<\/div>\n\t\t\t\t\t\t<\/div>\n\t\t\t\t\t\t\t\t<div class=\"elementor-field-type-html elementor-field-group elementor-column elementor-field-group-field_c34e3f2 elementor-col-100\">\n\t\t\t\t\t*. Todos os campos s\u00e3o obrigat\u00f3rios\t\t\t\t<\/div>\n\t\t\t\t\t\t\t\t<div class=\"elementor-field-group elementor-column elementor-field-type-submit elementor-col-100 e-form__buttons\">\n\t\t\t\t\t<button class=\"elementor-button elementor-size-sm\" type=\"submit\">\n\t\t\t\t\t\t<span class=\"elementor-button-content-wrapper\">\n\t\t\t\t\t\t\t\t\t\t\t\t\t\t\t\t\t\t\t\t\t\t<span class=\"elementor-button-text\">Enviar<\/span>\n\t\t\t\t\t\t\t\t\t\t\t\t\t<\/span>\n\t\t\t\t\t<\/button>\n\t\t\t\t<\/div>\n\t\t\t<\/div>\n\t\t<\/form>\n\t\t\t\t\t\t<\/div>\n\t\t\t\t<\/div>\n\t\t\t\t<\/div>\n\t\t\t\t<\/div>\n\t\t\t\t\t<\/div>\n\t\t\t\t<\/div>\n\t\t<div class=\"elementor-element elementor-element-447fec86 e-flex e-con-boxed e-con e-parent\" data-id=\"447fec86\" data-element_type=\"container\" data-e-type=\"container\">\n\t\t\t\t\t<div class=\"e-con-inner\">\n\t\t\t\t<div class=\"elementor-element elementor-element-526b32eb elementor-widget elementor-widget-heading\" data-id=\"526b32eb\" data-element_type=\"widget\" data-e-type=\"widget\" data-widget_type=\"heading.default\">\n\t\t\t\t<div class=\"elementor-widget-container\">\n\t\t\t\t\t<h2 class=\"elementor-heading-title elementor-size-default\">Caracter\u00edsticas<\/h2>\t\t\t\t<\/div>\n\t\t\t\t<\/div>\n\t\t\t\t<div class=\"elementor-element elementor-element-466dd94b elementor-widget-divider--view-line elementor-widget elementor-widget-divider\" data-id=\"466dd94b\" data-element_type=\"widget\" data-e-type=\"widget\" data-widget_type=\"divider.default\">\n\t\t\t\t<div class=\"elementor-widget-container\">\n\t\t\t\t\t\t\t<div class=\"elementor-divider\">\n\t\t\t<span class=\"elementor-divider-separator\">\n\t\t\t\t\t\t<\/span>\n\t\t<\/div>\n\t\t\t\t\t\t<\/div>\n\t\t\t\t<\/div>\n\t\t\t\t<div class=\"elementor-element elementor-element-3d80753a elementor-widget elementor-widget-text-editor\" data-id=\"3d80753a\" data-element_type=\"widget\" data-e-type=\"widget\" data-widget_type=\"text-editor.default\">\n\t\t\t\t<div class=\"elementor-widget-container\">\n\t\t\t\t\t\t\t\t\t<div>\n<table width=\"100%\">\n<tbody>\n<tr>\n<td align=\"left\"><strong>Dimens\u00f5es<\/strong><\/td>\n<td align=\"left\">50 x 30 x 4 cm Direito<\/td>\n<td align=\"left\">60 x 30 x 4 cm Bisel<\/td>\n<td align=\"left\">70 x 30 x 4 cm Bisel<\/td>\n<td align=\"left\">75 x 30 x 4 cm Bisel<\/td>\n<td align=\"left\">80 x 30 x 4 cm Bisel<\/td>\n<td align=\"left\">90 x 30 x 4 cm Bisel<\/td>\n<td align=\"left\">100 x 30 x 4 cm Bisel<\/td>\n<td align=\"left\">110 x 30 x 4 cm Bisel<\/td>\n<\/tr>\n<tr>\n<td align=\"left\"><b>Pe\u00e7as\/palete<\/b><\/td>\n<td align=\"left\">168<\/td>\n<td align=\"left\">84<\/td>\n<td align=\"left\">84<\/td>\n<td align=\"left\">75 \/ 84<\/td>\n<td align=\"left\">75 \/ 84<\/td>\n<td align=\"left\">75 \/ 84<\/td>\n<td align=\"left\">75 \/ 84<\/td>\n<td align=\"left\">84<\/td>\n<\/tr>\n<tr>\n<td align=\"left\"><b>Pe\u00e7as \/ m\u00b2<\/b><\/td>\n<td align=\"left\">6,66<\/td>\n<td align=\"left\">5,56<\/td>\n<td align=\"left\">4,76<\/td>\n<td align=\"left\">4,44<\/td>\n<td align=\"left\">4,17<\/td>\n<td align=\"left\">3,7<\/td>\n<td align=\"left\">3,33<\/td>\n<td align=\"left\">3,03<\/td>\n<\/tr>\n<tr>\n<td align=\"left\"><b>Massa m\u00ednima<\/b><\/td>\n<td align=\"left\">4,45 kgs<\/td>\n<td align=\"left\">5,34 kgs<\/td>\n<td align=\"left\">6,23 kgs<\/td>\n<td align=\"left\">6,68 kgs<\/td>\n<td align=\"left\">7,12 kgs<\/td>\n<td align=\"left\">7,9 kgs<\/td>\n<td align=\"left\">8,95 kgs<\/td>\n<td align=\"left\">9,79 kgs<\/td>\n<\/tr>\n<tr>\n<td align=\"left\"><b>Resist\u00eancia \u00e0 flex\u00e3o<\/b><\/td>\n<td align=\"left\">&gt; 123 daN<\/td>\n<td align=\"left\">&gt; 123 daN<\/td>\n<td align=\"left\">&gt; 123 daN<\/td>\n<td align=\"left\">&gt; 123 daN<\/td>\n<td align=\"left\">&gt; 123 daN<\/td>\n<td align=\"left\">&gt; 123 daN<\/td>\n<td align=\"left\">&gt; 123 daN<\/td>\n<td align=\"left\">&gt; 123 daN<\/td>\n<\/tr>\n<tr>\n<td align=\"left\"><b>Rea\u00e7\u00e3o ao fogo<\/b><\/td>\n<td align=\"left\">A1<\/td>\n<td align=\"left\">A1<\/td>\n<td align=\"left\">A1<\/td>\n<td align=\"left\">A1<\/td>\n<td align=\"left\">A1<\/td>\n<td align=\"left\">A1<\/td>\n<td align=\"left\">A1<\/td>\n<td align=\"left\">A1<\/td>\n<\/tr>\n<\/tbody>\n<\/table>\n<\/div>\t\t\t\t\t\t\t\t<\/div>\n\t\t\t\t<\/div>\n\t\t\t\t\t<\/div>\n\t\t\t\t<\/div>\n\t\t\t\t<\/div>\n\t\t","protected":false},"excerpt":{"rendered":"<p>Ladrilho macho-f\u00eamea cer\u00e2mico de 30 cm Tipo: Ladrilho macho-f\u00eamea em argila cozida de 30 cm para coberturas Uso previsto: Pe\u00e7a cer\u00e2mica para o suporte de coberturas (inclinadas ou planas), com corte biselado ou reto. Ladrilho macho-f\u00eamea de alta fiabilidade e resist\u00eancia da cobertura. Largura de 30 cm e comprimentos que v\u00e3o desde 50 cm at\u00e9 [&hellip;]<\/p>\n","protected":false},"author":1,"featured_media":0,"parent":219,"menu_order":0,"comment_status":"closed","ping_status":"closed","template":"","meta":{"footnotes":""},"class_list":["post-286","page","type-page","status-publish","hentry"],"_links":{"self":[{"href":"https:\/\/lacoma.com\/pt\/wp-json\/wp\/v2\/pages\/286","targetHints":{"allow":["GET"]}}],"collection":[{"href":"https:\/\/lacoma.com\/pt\/wp-json\/wp\/v2\/pages"}],"about":[{"href":"https:\/\/lacoma.com\/pt\/wp-json\/wp\/v2\/types\/page"}],"author":[{"embeddable":true,"href":"https:\/\/lacoma.com\/pt\/wp-json\/wp\/v2\/users\/1"}],"replies":[{"embeddable":true,"href":"https:\/\/lacoma.com\/pt\/wp-json\/wp\/v2\/comments?post=286"}],"version-history":[{"count":31,"href":"https:\/\/lacoma.com\/pt\/wp-json\/wp\/v2\/pages\/286\/revisions"}],"predecessor-version":[{"id":1272,"href":"https:\/\/lacoma.com\/pt\/wp-json\/wp\/v2\/pages\/286\/revisions\/1272"}],"up":[{"embeddable":true,"href":"https:\/\/lacoma.com\/pt\/wp-json\/wp\/v2\/pages\/219"}],"wp:attachment":[{"href":"https:\/\/lacoma.com\/pt\/wp-json\/wp\/v2\/media?parent=286"}],"curies":[{"name":"wp","href":"https:\/\/api.w.org\/{rel}","templated":true}]}}