{"id":246,"date":"2025-04-29T15:54:34","date_gmt":"2025-04-29T13:54:34","guid":{"rendered":"https:\/\/lacoma.com\/pt\/?page_id=246"},"modified":"2026-04-22T16:15:45","modified_gmt":"2026-04-22T14:15:45","slug":"politica-gesta-avalicao-fornecedores","status":"publish","type":"page","link":"https:\/\/lacoma.com\/pt\/politica-gesta-avalicao-fornecedores\/","title":{"rendered":"Pol\u00edtica de Gest\u00e3o"},"content":{"rendered":"\t\t<div data-elementor-type=\"wp-page\" data-elementor-id=\"246\" class=\"elementor elementor-246\" data-elementor-post-type=\"page\">\n\t\t\t\t<div class=\"elementor-element elementor-element-d3be268 e-flex e-con-boxed e-con e-parent\" data-id=\"d3be268\" data-element_type=\"container\" data-e-type=\"container\">\n\t\t\t\t\t<div class=\"e-con-inner\">\n\t\t\t\t<div class=\"elementor-element elementor-element-679232b elementor-widget elementor-widget-heading\" data-id=\"679232b\" data-element_type=\"widget\" data-e-type=\"widget\" data-widget_type=\"heading.default\">\n\t\t\t\t<div class=\"elementor-widget-container\">\n\t\t\t\t\t<h1 class=\"elementor-heading-title elementor-size-default\">Pol\u00edtica de Gest\u00e3o<\/h1>\t\t\t\t<\/div>\n\t\t\t\t<\/div>\n\t\t\t\t<div class=\"elementor-element elementor-element-592229d elementor-widget-divider--view-line elementor-widget elementor-widget-divider\" data-id=\"592229d\" data-element_type=\"widget\" data-e-type=\"widget\" data-widget_type=\"divider.default\">\n\t\t\t\t<div class=\"elementor-widget-container\">\n\t\t\t\t\t\t\t<div class=\"elementor-divider\">\n\t\t\t<span class=\"elementor-divider-separator\">\n\t\t\t\t\t\t<\/span>\n\t\t<\/div>\n\t\t\t\t\t\t<\/div>\n\t\t\t\t<\/div>\n\t\t\t\t<div class=\"elementor-element elementor-element-28369a2 elementor-widget elementor-widget-text-editor\" data-id=\"28369a2\" data-element_type=\"widget\" data-e-type=\"widget\" data-widget_type=\"text-editor.default\">\n\t\t\t\t<div class=\"elementor-widget-container\">\n\t\t\t\t\t\t\t\t\t<p>A Dire\u00e7\u00e3o da CER\u00c1MICA LA COMA, empresa dedicada ao fabrico e comercializa\u00e7\u00e3o de material cer\u00e2mico para constru\u00e7\u00e3o, baseia-se no Sistema de Gest\u00e3o de Qualidade, Ambiente e Energia como uma forma de organizar o funcionamento da empresa, partindo de pilares b\u00e1sicos como a qualidade dos seus produtos e servi\u00e7os, a gest\u00e3o de aspetos ambientais e energ\u00e9ticos, a satisfa\u00e7\u00e3o do cliente, as emerg\u00eancias, os riscos, os requisitos legais e a melhoria cont\u00ednua da efic\u00e1cia do Sistema. Para tal, o Sistema de Gest\u00e3o de Qualidade, Ambiente e Energia da LA COMA, de acordo com as normas UNE-EN-ISO 9001:2015, UNE-EN-ISO 14001:2015 e UNE-EN-ISO 50001:2018 baseia-se nos seguintes aspetos:<\/p><ul><li>A Qualidade, o Ambiente, a Energia e a sua melhoria s\u00e3o da responsabilidade de todos os membros da CER\u00c1MICA LA COMA.<\/li><li>O n\u00edvel m\u00e1ximo de qualidade e respeito face ao ambiente e de melhoria do desempenho energ\u00e9tico obt\u00e9m-se com a planifica\u00e7\u00e3o, execu\u00e7\u00e3o, revis\u00e3o e melhoria do Sistema de Gest\u00e3o para prevenir eventuais erros.<\/li><li>Cumprir a legisla\u00e7\u00e3o e regulamenta\u00e7\u00e3o ambiental e energ\u00e9tica aplic\u00e1vel, bem como outros requisitos que a CER\u00c1MICA LA COMA subscreva relacionados com os seus aspetos ambientais e energ\u00e9ticos.<\/li><li>Estabelecer e rever regularmente objetivos e metas de acordo com os compromissos assumidos nesta declara\u00e7\u00e3o. Para a aplica\u00e7\u00e3o eficaz destes princ\u00edpios, \u00e9 absolutamente necess\u00e1rio o apoio dos mesmos tanto por parte da equipa da Dire\u00e7\u00e3o como dos restantes funcion\u00e1rios.<\/li><li>Intensificar de forma cont\u00ednua a nossa gest\u00e3o ambiental e energ\u00e9tica para obter melhorias no comportamento global da CER\u00c1MICA LA COMA, com um enfoque na an\u00e1lise do ciclo de vida.<\/li><li>Estabelecer um compromisso expl\u00edcito da prote\u00e7\u00e3o do ambiente, assumindo especial relev\u00e2ncia a prote\u00e7\u00e3o contra a polui\u00e7\u00e3o e o respeito pelo ambiente envolvente.<\/li><li>A Qualidade est\u00e1 orientada para a Satisfa\u00e7\u00e3o de todos os nossos clientes mediante o compromisso de toda a organiza\u00e7\u00e3o em cumprir as suas necessidades e requisitos, bem como os requisitos legais e regulamentares e os pr\u00f3prios dos produtos.<\/li><li>Fomentar o uso racional dos recursos energ\u00e9ticos, promovendo a sustentabilidade das atividades realizadas, bem como a aquisi\u00e7\u00e3o de produtos e servi\u00e7os eficientes que tenham um impacto significativo sobre o desempenho energ\u00e9tico.<\/li><li>Melhorar permanentemente a forma\u00e7\u00e3o de todo o pessoal da LA COMA, fomentando o seu sentido de responsabilidade quanto \u00e0 qualidade, o ambiente e a melhoria do desempenho energ\u00e9tico.<\/li><li>Promover um uso eficiente dos recursos naturais dispon\u00edveis, bem como um uso eficiente da energia.<\/li><li>Orienta\u00e7\u00e3o rumo \u00e0 Melhoria Cont\u00ednua tanto dos processos produtivos como da efic\u00e1cia do Sistema de Gest\u00e3o da Qualidade, Ambiente e Energia em que a preven\u00e7\u00e3o dos erros seja um aspeto fundamental para a melhoria no desempenho ambiental e energ\u00e9tico.<\/li><li>Identificar e controlar os aspetos ambientais e energ\u00e9ticos da organiza\u00e7\u00e3o e os riscos, em conformidade com o estabelecido numa perspetiva preventiva.<\/li><li>Prestar a m\u00e1xima aten\u00e7\u00e3o \u00e0 evolu\u00e7\u00e3o tecnol\u00f3gica e \u00e0s poss\u00edveis melhorias disponibilizadas pelas novas tecnologias.<\/li><li>\u00c9 fundamental a participa\u00e7\u00e3o e colabora\u00e7\u00e3o de todos para a difus\u00e3o desta Pol\u00edtica por todo o pessoal da CER\u00c1MICA LA COMA para o seu conhecimento e compreens\u00e3o.<\/li><\/ul><h2>Pol\u00edtica de Avalia\u00e7\u00e3o de fornecedores externos<\/h2><p>Al\u00e9m disso, \u00e9 realizada a avalia\u00e7\u00e3o dos fornecedores externos, avaliando a qualidade, a gest\u00e3o ambiental, a seguran\u00e7a e a sa\u00fade no trabalho, atrav\u00e9s das verifica\u00e7\u00f5es correspondentes e assegurando que s\u00e3o capazes de fornecer os produtos e servi\u00e7os encomendados respeitando os requisitos apresentados pela CER\u00c1MICA LA COMA.<\/p><p>Atrav\u00e9s deste comunicado, pretende-se envolver os nossos fornecedores externos e transmitir-lhes como ser\u00e1 avaliado o seu desempenho:<\/p><p>Para a avalia\u00e7\u00e3o inicial, \u00e9 sobretudo tida em conta a rela\u00e7\u00e3o hist\u00f3rica entre os fornecedores externos e a empresa.<\/p><p>Para as avalia\u00e7\u00f5es futuras ou com a finalidade de aprovar um fornecedor novo, do qual n\u00e3o existam refer\u00eancias, ser\u00e3o tidos em considera\u00e7\u00e3o os seguintes aspetos:<\/p><ul><li>Prazo de entrega.<\/li><li>Entrega de documenta\u00e7\u00e3o do produto\/servi\u00e7o, bem como a coordena\u00e7\u00e3o de atividades em mat\u00e9ria de preven\u00e7\u00e3o de riscos laborais para o cumprimento da legisla\u00e7\u00e3o em vigor.<\/li><li>Qualidade do produto\/servi\u00e7o prestado (Profissionalismo).<\/li><li>Empresa e\/ou produto certificado\/acreditado.<\/li><li>Capacidade da empresa para a realiza\u00e7\u00e3o do servi\u00e7o\/fabrico do produto.<\/li><li>Comportamento ambiental.<\/li><li>Incidentes e n\u00e3o conformidades registados.<\/li><\/ul><p>O respons\u00e1vel pelo sistema juntamente com o respons\u00e1vel pelas compras realizar\u00e3o a avalia\u00e7\u00e3o cont\u00ednua dos fornecedores externos, para comprovar se continuam a cumprir os requisitos para os quais foram avaliados inicialmente.<\/p><p>Com a integra\u00e7\u00e3o no sistema atual de um sistema de gest\u00e3o energ\u00e9tica de acordo com a norma ISO 50.001\/2018, os aspetos de efici\u00eancia energ\u00e9tica e o consumo energ\u00e9tico representar\u00e3o um crit\u00e9rio de decis\u00e3o no momento de avaliar as ofertas, no caso de produtos relevantes para o consumo energ\u00e9tico.<\/p><p>O aumento da efici\u00eancia energ\u00e9tica constitui um objetivo estrat\u00e9gico da Cer\u00e1mica La Coma S.A e \u00e9 considerado de modo correspondente na avalia\u00e7\u00e3o das diferentes ofertas dos fornecedores externos.<\/p><p>Para a aplica\u00e7\u00e3o eficaz destes princ\u00edpios, \u00e9 absolutamente necess\u00e1rio o apoio dos mesmos tanto da parte da equipa da Dire\u00e7\u00e3o como dos restantes funcion\u00e1rios e fornecedores externos.<\/p><p>A Dire\u00e7\u00e3o ir\u00e1 rever periodicamente esta Pol\u00edtica de Gest\u00e3o e crit\u00e9rios de Avalia\u00e7\u00e3o dos Fornecedores Externos com o objetivo de desenvolver o conceito de melhoria cont\u00ednua e assegurando, desta forma, a sua manuten\u00e7\u00e3o atualizada.<\/p><p>A Dire\u00e7\u00e3o<\/p><p>Balaguer, 10 de janeiro de 2024<\/p>\t\t\t\t\t\t\t\t<\/div>\n\t\t\t\t<\/div>\n\t\t\t\t\t<\/div>\n\t\t\t\t<\/div>\n\t\t\t\t<\/div>\n\t\t","protected":false},"excerpt":{"rendered":"<p>A Dire\u00e7\u00e3o da CER\u00c1MICA LA COMA, empresa dedicada ao fabrico e comercializa\u00e7\u00e3o de material cer\u00e2mico para constru\u00e7\u00e3o, baseia-se no Sistema de Gest\u00e3o de Qualidade, Ambiente e Energia como uma forma de organizar o funcionamento da empresa, partindo de pilares b\u00e1sicos como a qualidade dos seus produtos e servi\u00e7os, a gest\u00e3o de aspetos ambientais e energ\u00e9ticos, [&hellip;]<\/p>\n","protected":false},"author":1,"featured_media":0,"parent":0,"menu_order":0,"comment_status":"closed","ping_status":"closed","template":"","meta":{"footnotes":""},"class_list":["post-246","page","type-page","status-publish","hentry"],"_links":{"self":[{"href":"https:\/\/lacoma.com\/pt\/wp-json\/wp\/v2\/pages\/246","targetHints":{"allow":["GET"]}}],"collection":[{"href":"https:\/\/lacoma.com\/pt\/wp-json\/wp\/v2\/pages"}],"about":[{"href":"https:\/\/lacoma.com\/pt\/wp-json\/wp\/v2\/types\/page"}],"author":[{"embeddable":true,"href":"https:\/\/lacoma.com\/pt\/wp-json\/wp\/v2\/users\/1"}],"replies":[{"embeddable":true,"href":"https:\/\/lacoma.com\/pt\/wp-json\/wp\/v2\/comments?post=246"}],"version-history":[{"count":9,"href":"https:\/\/lacoma.com\/pt\/wp-json\/wp\/v2\/pages\/246\/revisions"}],"predecessor-version":[{"id":1161,"href":"https:\/\/lacoma.com\/pt\/wp-json\/wp\/v2\/pages\/246\/revisions\/1161"}],"wp:attachment":[{"href":"https:\/\/lacoma.com\/pt\/wp-json\/wp\/v2\/media?parent=246"}],"curies":[{"name":"wp","href":"https:\/\/api.w.org\/{rel}","templated":true}]}}