{"id":244,"date":"2025-04-29T15:54:12","date_gmt":"2025-04-29T13:54:12","guid":{"rendered":"https:\/\/lacoma.com\/pt\/?page_id=244"},"modified":"2026-04-22T16:13:07","modified_gmt":"2026-04-22T14:13:07","slug":"politica-privacidade","status":"publish","type":"page","link":"https:\/\/lacoma.com\/pt\/politica-privacidade\/","title":{"rendered":"Pol\u00edtica de privacidade"},"content":{"rendered":"\t\t<div data-elementor-type=\"wp-page\" data-elementor-id=\"244\" class=\"elementor elementor-244\" data-elementor-post-type=\"page\">\n\t\t\t\t<div class=\"elementor-element elementor-element-f690b92 e-flex e-con-boxed e-con e-parent\" data-id=\"f690b92\" data-element_type=\"container\" data-e-type=\"container\">\n\t\t\t\t\t<div class=\"e-con-inner\">\n\t\t\t\t<div class=\"elementor-element elementor-element-69fe4dbf elementor-widget elementor-widget-heading\" data-id=\"69fe4dbf\" data-element_type=\"widget\" data-e-type=\"widget\" data-widget_type=\"heading.default\">\n\t\t\t\t<div class=\"elementor-widget-container\">\n\t\t\t\t\t<h1 class=\"elementor-heading-title elementor-size-default\">Pol\u00edtica de privacidade<\/h1>\t\t\t\t<\/div>\n\t\t\t\t<\/div>\n\t\t\t\t<div class=\"elementor-element elementor-element-3d347e9a elementor-widget-divider--view-line elementor-widget elementor-widget-divider\" data-id=\"3d347e9a\" data-element_type=\"widget\" data-e-type=\"widget\" data-widget_type=\"divider.default\">\n\t\t\t\t<div class=\"elementor-widget-container\">\n\t\t\t\t\t\t\t<div class=\"elementor-divider\">\n\t\t\t<span class=\"elementor-divider-separator\">\n\t\t\t\t\t\t<\/span>\n\t\t<\/div>\n\t\t\t\t\t\t<\/div>\n\t\t\t\t<\/div>\n\t\t\t\t<div class=\"elementor-element elementor-element-598b4d38 elementor-widget elementor-widget-text-editor\" data-id=\"598b4d38\" data-element_type=\"widget\" data-e-type=\"widget\" data-widget_type=\"text-editor.default\">\n\t\t\t\t<div class=\"elementor-widget-container\">\n\t\t\t\t\t\t\t\t\t<h2>1. Informa\u00e7\u00f5es da empresa:<\/h2><p><strong>CER\u00c1MICA LA COMA, S.A.<\/strong><br \/><strong>Sede Social:<\/strong> Ctra. de Men\u00e1rguens, S\/N \u2013 25600 de Balaguer (Lleida) \u2013 Espanha<br \/><strong>F\u00e1brica:<\/strong> Ctra. de Men\u00e1rguens, S\/N \u2013 25600 de Balaguer (Lleida) \u2013 Espanha<br \/>Conservat\u00f3ria do Registo Comercial de Barcelona, Volume 5221, Livro 4529, Sec\u00e7\u00e3o 2, F\u00f3lio 158, Folha n.\u00ba 54.430, Inscri\u00e7\u00e3o 1.\u00aa \u2013 NIPC A-08789679<br \/><a href=\"mailto:ceramica@lacoma.com\">ceramica@lacoma.com<\/a><\/p><h2>2. Pol\u00edtica de privacidade e seguran\u00e7a:<\/h2><p>A CER\u00c1MICA LA COMA, S.A. garante a confidencialidade dos seus dados pessoais nos termos estabelecidos por:<\/p><ul><li>A LOPD (Lei Org\u00e2nica espanhola 3\/2018, de 5 de dezembro, relativa \u00e0 Prote\u00e7\u00e3o de Dados Pessoais e Garantia dos direitos digitais.)<\/li><li>O RGPD (Regulamento (UE) 2016\/679 do Parlamento Europeu e do Conselho de 27 de abril de 2016 relativo \u00e0 prote\u00e7\u00e3o das pessoas singulares) que \u00e9 a nova regulamenta\u00e7\u00e3o da Uni\u00e3o Europeia que unifica a regulamenta\u00e7\u00e3o sobre o tratamento dos dados pessoais nos diferentes pa\u00edses da UE.<\/li><\/ul><p>Recolhemos os seus dados sempre que nos contacta diretamente, atrav\u00e9s da presente p\u00e1gina Web ou atrav\u00e9s das linhas de atendimento telef\u00f3nico e\/ou endere\u00e7o de e-mail dispon\u00edveis para os clientes, para solicitar informa\u00e7\u00f5es sobre os nossos produtos e servi\u00e7os. Quando nos solicita um or\u00e7amento sobre um produto ou servi\u00e7o oferecido por n\u00f3s. Quando compra ou contrata um produto ou servi\u00e7o diretamente connosco. Em casos pontuais, quando empresas terceiras nos comunicam os seus dados pessoais, com o seu consentimento.<\/p><p>A CER\u00c1MICA LA COMA, S.A. utiliza, armazena e trata os dados pessoais que nos faculta com as finalidades de fornecer apoio ao cliente, promo\u00e7\u00f5es e publicidade: para responder \u00e0s suas consultas e apresentar-lhe ofertas e novidades sobre os nossos produtos, vendas de produtos e\/ou servi\u00e7os: para a correta gest\u00e3o da sua compra. Os dados recolhidos s\u00e3o necess\u00e1rios para poder gerir de forma adequada a rela\u00e7\u00e3o entre as partes.<\/p><p>A CER\u00c1MICA LA COMA, S.A. n\u00e3o ceder\u00e1, em caso algum, os seus dados pessoais a terceiros, salvo nos casos de cess\u00e3o previstos pela legisla\u00e7\u00e3o aplic\u00e1vel. Caso contr\u00e1rio, ser\u00e1 previamente informado da finalidade que autoriza tal cess\u00e3o.<\/p><p>Pode exercer os seus direitos de acesso, retifica\u00e7\u00e3o, limita\u00e7\u00e3o de uso, cancelamento e oposi\u00e7\u00e3o ao tratamento dos seus dados pessoais, de acordo com o procedimento legalmente estabelecido, comunicando-o por escrito \u00e0 empresa CER\u00c1MICA LA COMA, S.A., com sede em Ctra. de Men\u00e1rguens, S\/N \u2013 25600 de Balaguer (Lleida) \u2013 Espanha, ou atrav\u00e9s do endere\u00e7o de e-mail: info@lacoma.com<\/p><h2>3. Condi\u00e7\u00f5es de utiliza\u00e7\u00e3o. A CER\u00c1MICA LA COMA, S.A. n\u00e3o \u00e9 respons\u00e1vel por:<\/h2><p><strong>3.1.<\/strong> Qualquer uso com finalidades ou conota\u00e7\u00f5es il\u00edcitas, em conformidade com a legisla\u00e7\u00e3o aplic\u00e1vel em qualquer momento; qualquer uso n\u00e3o autorizado ou fraudulento do site ou dos seus conte\u00fados; qualquer uso proibido pelas presentes condi\u00e7\u00f5es; bem como qualquer utiliza\u00e7\u00e3o que seja lesiva para os leg\u00edtimos direitos e interesses de terceiros.<\/p><p><strong>3.2.<\/strong> Provocar danos nos sistemas f\u00edsicos ou digitais da CER\u00c1MICA LA COMA, S.A., do respetivo site, dos sites de fornecedores externos ou de terceiros, ou qualquer pr\u00e1tica que possa danificar, inutilizar, sobrecarregar, deteriorar ou impedir o normal funcionamento dos documentos, ficheiros e todo o tipo de conte\u00fados armazenados em qualquer equipamento inform\u00e1tico. Mais especificamente, \u00e9 expressamente proibido introduzir ou difundir na rede v\u00edrus inform\u00e1ticos ou quaisquer outros sistemas f\u00edsicos ou digitais que sejam suscet\u00edveis de provocar danos.<\/p><p><strong>3.3.<\/strong> Tentar aceder aos recursos ou \u00e1reas restritas da p\u00e1gina Web sem cumprir os requisitos de acesso e utilizar, reproduzir, copiar, distribuir, permitir o acesso do p\u00fablico ou manipular os dados da CER\u00c1MICA LA COMA, S.A., de fornecedores externos terceiros e de outros utilizadores, atrav\u00e9s de qualquer modalidade.<\/p><p><strong>3.4.<\/strong> Em particular, e a t\u00edtulo meramente indicativo e n\u00e3o exaustivo, o utilizador compromete-se a n\u00e3o transmitir, difundir ou disponibilizar a terceiros informa\u00e7\u00f5es, dados, conte\u00fados, mensagens, gr\u00e1ficos, desenhos, ficheiros de som ou imagem, fotografias, grava\u00e7\u00f5es, software e, em geral, qualquer tipo de material que:<\/p><p><strong>3.4.1<\/strong> De qualquer forma seja contr\u00e1rio, menospreze ou atente contra os direitos fundamentais e as liberdades p\u00fablicas reconhecidos constitucionalmente, nos Tratados Internacionais e na restante legisla\u00e7\u00e3o.<\/p><p><strong>3.4.2<\/strong> Induza, incite, incorpore, disponibilize ou permita aceder a produtos ou promova a\u00e7\u00f5es criminosas, caluniadoras, difamat\u00f3rias, infames, violentas, perigosas, de risco ou nocivas para a sa\u00fade e equil\u00edbrio ps\u00edquico.<\/p><p><strong>3.4.3<\/strong> Induza, incite ou promova a\u00e7\u00f5es, atitudes ou pensamentos discriminat\u00f3rios com base no sexo, ra\u00e7a, religi\u00e3o, cren\u00e7as, idade ou condi\u00e7\u00e3o.<\/p><p><strong>3.4.4<\/strong> Constitua qualquer tipo de publicidade ou an\u00fancio de terceiros alheios \u00e0 CER\u00c1MICA LA COMA, S.A.<\/p><h2>4. Direitos de autor, propriedade intelectual e industrial.<\/h2><p>S\u00e3o propriedade da CER\u00c1MICA LA COMA, S.A. todos os conte\u00fados do site www.lacoma.com que comportem: o design gr\u00e1fico, os log\u00f3tipos, as imagens, os textos e restantes elementos contidos no mesmo. Da mesma forma, o utilizador reconhece e aceita que todas as marcas, nomes comerciais ou sinais distintivos e todos os direitos de propriedade industrial e intelectual inerentes ao mesmo, sobre os conte\u00fados e\/ou quaisquer outros elementos inseridos na p\u00e1gina s\u00e3o propriedade exclusiva da CER\u00c1MICA LA COMA, S.A. e\/ou de terceiros, que t\u00eam o direito exclusivo de utiliz\u00e1-los na atividade econ\u00f3mica. Em circunst\u00e2ncia alguma, o acesso aos conte\u00fados da p\u00e1gina Web implica a ren\u00fancia, transmiss\u00e3o, cess\u00e3o, licen\u00e7a total ou parcial de tais direitos, nem confere nenhum direito de utiliza\u00e7\u00e3o, tradu\u00e7\u00e3o, adapta\u00e7\u00e3o, altera\u00e7\u00e3o, explora\u00e7\u00e3o, reprodu\u00e7\u00e3o, distribui\u00e7\u00e3o ou comunica\u00e7\u00e3o p\u00fablica de tais conte\u00fados, sem a autoriza\u00e7\u00e3o pr\u00e9via e expressa da CER\u00c1MICA LA COMA, S.A. ou dos seus titulares legais. Nenhum dos materiais apresentados na p\u00e1gina Web da CER\u00c1MICA LA COMA, S.A. poder\u00e1 ser copiado, reproduzido, publicado, carregado em equipamentos inform\u00e1ticos, enviado por correio eletr\u00f3nico, transmitido ou distribu\u00eddo sob forma alguma, em especial mediante publica\u00e7\u00e3o noutras p\u00e1ginas Web ou em locais da rede, que n\u00e3o a transfer\u00eancia para o seu computador pessoal para uso pessoal, respeitando rigorosamente todos os copyright e avisos de propriedade.<\/p><h2>5. Limita\u00e7\u00e3o de responsabilidades.<\/h2><p>A CER\u00c1MICA LA COMA, S.A. n\u00e3o garante a aus\u00eancia de v\u00edrus ou elementos similares nos documentos eletr\u00f3nicos e ficheiros armazenados no seu sistema inform\u00e1tico e na sua p\u00e1gina Web, que possam produzir altera\u00e7\u00f5es de software e hardware para o utilizador. A utiliza\u00e7\u00e3o da nossa p\u00e1gina Web e dos seus conte\u00fados implica a aceita\u00e7\u00e3o por parte do utilizador dos riscos anteriores e, por isso, isto isenta a CER\u00c1MICA LA COMA, S.A. de quaisquer responsabilidades pelos danos e preju\u00edzos de toda a natureza, resultantes da eventual presen\u00e7a de v\u00edrus ou outros elementos an\u00e1logos. A CER\u00c1MICA LA COMA, S.A. tentar\u00e1, por todos os meios \u00e0 sua disposi\u00e7\u00e3o, garantir a seguran\u00e7a das informa\u00e7\u00f5es facultadas pelos utilizadores. Contudo, como \u00e9 comummente conhecido, a seguran\u00e7a no ambiente da Internet n\u00e3o pode ser garantida na sua totalidade, em nenhum momento.<\/p><h2>6. Pol\u00edtica de links.<\/h2><p>O nosso site pode conter liga\u00e7\u00f5es a outras p\u00e1ginas Web, nas quais as pr\u00e1ticas de informa\u00e7\u00e3o e condi\u00e7\u00f5es de utiliza\u00e7\u00e3o podem ser diferentes das nossas. Por isso, os utilizadores devem consultar as notifica\u00e7\u00f5es de privacidade das outras p\u00e1ginas a que acederem; j\u00e1 que a CER\u00c1MICA LA COMA, S.A. n\u00e3o conhece, controla, vigia ou det\u00e9m os conte\u00fados das mesmas e, portanto, n\u00e3o se responsabiliza pelas informa\u00e7\u00f5es fornecidas ou recolhidas por estes terceiros, excluindo expressamente qualquer responsabilidade pelos danos e preju\u00edzos de toda a esp\u00e9cie que possam resultar do acesso \u00e0s p\u00e1ginas ou conte\u00fados com liga\u00e7\u00f5es diretas desde o site www.lacoma.com Por tudo isto, a CER\u00c1MICA LA COMA, S.A. recusa qualquer responsabilidade relativamente \u00e0s informa\u00e7\u00f5es inclu\u00eddas fora deste site e que n\u00e3o sejam geridas pelo site www.lacoma.com<\/p><h2>7. Lei aplic\u00e1vel e foro competente.<\/h2><p>As presentes condi\u00e7\u00f5es gerais de utiliza\u00e7\u00e3o s\u00e3o regidas pela legisla\u00e7\u00e3o espanhola. Qualquer disputa relacionada com este site ser\u00e1 julgada pelos tribunais espanh\u00f3is.<\/p>\t\t\t\t\t\t\t\t<\/div>\n\t\t\t\t<\/div>\n\t\t\t\t\t<\/div>\n\t\t\t\t<\/div>\n\t\t\t\t<\/div>\n\t\t","protected":false},"excerpt":{"rendered":"<p>1. Informa\u00e7\u00f5es da empresa: CER\u00c1MICA LA COMA, S.A.Sede Social: Ctra. de Men\u00e1rguens, S\/N \u2013 25600 de Balaguer (Lleida) \u2013 EspanhaF\u00e1brica: Ctra. de Men\u00e1rguens, S\/N \u2013 25600 de Balaguer (Lleida) \u2013 EspanhaConservat\u00f3ria do Registo Comercial de Barcelona, Volume 5221, Livro 4529, Sec\u00e7\u00e3o 2, F\u00f3lio 158, Folha n.\u00ba 54.430, Inscri\u00e7\u00e3o 1.\u00aa \u2013 NIPC A-08789679ceramica@lacoma.com 2. Pol\u00edtica de [&hellip;]<\/p>\n","protected":false},"author":1,"featured_media":0,"parent":0,"menu_order":0,"comment_status":"closed","ping_status":"closed","template":"","meta":{"footnotes":""},"class_list":["post-244","page","type-page","status-publish","hentry"],"_links":{"self":[{"href":"https:\/\/lacoma.com\/pt\/wp-json\/wp\/v2\/pages\/244","targetHints":{"allow":["GET"]}}],"collection":[{"href":"https:\/\/lacoma.com\/pt\/wp-json\/wp\/v2\/pages"}],"about":[{"href":"https:\/\/lacoma.com\/pt\/wp-json\/wp\/v2\/types\/page"}],"author":[{"embeddable":true,"href":"https:\/\/lacoma.com\/pt\/wp-json\/wp\/v2\/users\/1"}],"replies":[{"embeddable":true,"href":"https:\/\/lacoma.com\/pt\/wp-json\/wp\/v2\/comments?post=244"}],"version-history":[{"count":9,"href":"https:\/\/lacoma.com\/pt\/wp-json\/wp\/v2\/pages\/244\/revisions"}],"predecessor-version":[{"id":1158,"href":"https:\/\/lacoma.com\/pt\/wp-json\/wp\/v2\/pages\/244\/revisions\/1158"}],"wp:attachment":[{"href":"https:\/\/lacoma.com\/pt\/wp-json\/wp\/v2\/media?parent=244"}],"curies":[{"name":"wp","href":"https:\/\/api.w.org\/{rel}","templated":true}]}}