{"id":227,"date":"2025-04-29T15:48:38","date_gmt":"2025-04-29T13:48:38","guid":{"rendered":"https:\/\/lacoma.com\/pt\/?page_id=227"},"modified":"2026-04-22T20:58:36","modified_gmt":"2026-04-22T18:58:36","slug":"telhas","status":"publish","type":"page","link":"https:\/\/lacoma.com\/pt\/productos\/telhas\/","title":{"rendered":"Telhas"},"content":{"rendered":"\t\t<div data-elementor-type=\"wp-page\" data-elementor-id=\"227\" class=\"elementor elementor-227\" data-elementor-post-type=\"page\">\n\t\t\t\t<div class=\"elementor-element elementor-element-23c601ce e-flex e-con-boxed e-con e-parent\" data-id=\"23c601ce\" data-element_type=\"container\" data-e-type=\"container\">\n\t\t\t\t\t<div class=\"e-con-inner\">\n\t\t<div class=\"elementor-element elementor-element-6bbe694e e-con-full e-flex e-con e-child\" data-id=\"6bbe694e\" data-element_type=\"container\" data-e-type=\"container\">\n\t\t\t\t<div class=\"elementor-element elementor-element-162a7ed8 elementor-nav-menu--dropdown-none elementor-widget__width-initial elementor-widget elementor-widget-nav-menu\" data-id=\"162a7ed8\" data-element_type=\"widget\" data-e-type=\"widget\" data-settings=\"{&quot;layout&quot;:&quot;vertical&quot;,&quot;submenu_icon&quot;:{&quot;value&quot;:&quot;&lt;svg aria-hidden=\\&quot;true\\&quot; class=\\&quot;e-font-icon-svg e-fas-caret-down\\&quot; viewBox=\\&quot;0 0 320 512\\&quot; xmlns=\\&quot;http:\\\/\\\/www.w3.org\\\/2000\\\/svg\\&quot;&gt;&lt;path d=\\&quot;M31.3 192h257.3c17.8 0 26.7 21.5 14.1 34.1L174.1 354.8c-7.8 7.8-20.5 7.8-28.3 0L17.2 226.1C4.6 213.5 13.5 192 31.3 192z\\&quot;&gt;&lt;\\\/path&gt;&lt;\\\/svg&gt;&quot;,&quot;library&quot;:&quot;fa-solid&quot;}}\" data-widget_type=\"nav-menu.default\">\n\t\t\t\t<div class=\"elementor-widget-container\">\n\t\t\t\t\t\t\t\t<nav aria-label=\"Men\u00fa\" class=\"elementor-nav-menu--main elementor-nav-menu__container elementor-nav-menu--layout-vertical e--pointer-underline e--animation-fade\">\n\t\t\t\t<ul id=\"menu-1-162a7ed8\" class=\"elementor-nav-menu sm-vertical\"><li class=\"menu-item menu-item-type-post_type menu-item-object-page menu-item-238\"><a href=\"https:\/\/lacoma.com\/pt\/productos\/tijolo-termico-termoarcilla\/\" class=\"elementor-item\">Tijolo t\u00e9rmico e ac\u00fastico Termoarcilla<\/a><\/li>\n<li class=\"menu-item menu-item-type-post_type menu-item-object-page menu-item-239\"><a href=\"https:\/\/lacoma.com\/pt\/productos\/abobadilhas-ceramicas\/\" class=\"elementor-item\">Abobadilhas cer\u00e2micas<\/a><\/li>\n<li class=\"menu-item menu-item-type-post_type menu-item-object-page menu-item-237\"><a href=\"https:\/\/lacoma.com\/pt\/productos\/plafonnettes-male-femelle\/\" class=\"elementor-item\">Ladrilho macho-f\u00eamea<\/a><\/li>\n<li class=\"menu-item menu-item-type-post_type menu-item-object-page menu-item-236\"><a href=\"https:\/\/lacoma.com\/pt\/productos\/ladrilhos-e-tijoleiras-rusticas\/\" class=\"elementor-item\">Ladrilhos e tijoleiras r\u00fasticas<\/a><\/li>\n<li class=\"menu-item menu-item-type-post_type menu-item-object-page menu-item-235\"><a href=\"https:\/\/lacoma.com\/pt\/productos\/garrafeira\/\" class=\"elementor-item\">Garrafeira<\/a><\/li>\n<li class=\"menu-item menu-item-type-post_type menu-item-object-page menu-item-234\"><a href=\"https:\/\/lacoma.com\/pt\/productos\/reforco-de-alvenaria\/\" class=\"elementor-item\">Refor\u00e7o de alvenaria<\/a><\/li>\n<li class=\"menu-item menu-item-type-post_type menu-item-object-page menu-item-1243\"><a href=\"https:\/\/lacoma.com\/pt\/productos\/telhas\/\" class=\"elementor-item\">Telhas<\/a><\/li>\n<li class=\"menu-item menu-item-type-post_type menu-item-object-page menu-item-232\"><a href=\"https:\/\/lacoma.com\/pt\/productos\/tijolos-refratarios\/\" class=\"elementor-item\">Tijolos refrat\u00e1rios<\/a><\/li>\n<\/ul>\t\t\t<\/nav>\n\t\t\t\t\t\t<nav class=\"elementor-nav-menu--dropdown elementor-nav-menu__container\" aria-hidden=\"true\">\n\t\t\t\t<ul id=\"menu-2-162a7ed8\" class=\"elementor-nav-menu sm-vertical\"><li class=\"menu-item menu-item-type-post_type menu-item-object-page menu-item-238\"><a href=\"https:\/\/lacoma.com\/pt\/productos\/tijolo-termico-termoarcilla\/\" class=\"elementor-item\" tabindex=\"-1\">Tijolo t\u00e9rmico e ac\u00fastico Termoarcilla<\/a><\/li>\n<li class=\"menu-item menu-item-type-post_type menu-item-object-page menu-item-239\"><a href=\"https:\/\/lacoma.com\/pt\/productos\/abobadilhas-ceramicas\/\" class=\"elementor-item\" tabindex=\"-1\">Abobadilhas cer\u00e2micas<\/a><\/li>\n<li class=\"menu-item menu-item-type-post_type menu-item-object-page menu-item-237\"><a href=\"https:\/\/lacoma.com\/pt\/productos\/plafonnettes-male-femelle\/\" class=\"elementor-item\" tabindex=\"-1\">Ladrilho macho-f\u00eamea<\/a><\/li>\n<li class=\"menu-item menu-item-type-post_type menu-item-object-page menu-item-236\"><a href=\"https:\/\/lacoma.com\/pt\/productos\/ladrilhos-e-tijoleiras-rusticas\/\" class=\"elementor-item\" tabindex=\"-1\">Ladrilhos e tijoleiras r\u00fasticas<\/a><\/li>\n<li class=\"menu-item menu-item-type-post_type menu-item-object-page menu-item-235\"><a href=\"https:\/\/lacoma.com\/pt\/productos\/garrafeira\/\" class=\"elementor-item\" tabindex=\"-1\">Garrafeira<\/a><\/li>\n<li class=\"menu-item menu-item-type-post_type menu-item-object-page menu-item-234\"><a href=\"https:\/\/lacoma.com\/pt\/productos\/reforco-de-alvenaria\/\" class=\"elementor-item\" tabindex=\"-1\">Refor\u00e7o de alvenaria<\/a><\/li>\n<li class=\"menu-item menu-item-type-post_type menu-item-object-page menu-item-1243\"><a href=\"https:\/\/lacoma.com\/pt\/productos\/telhas\/\" class=\"elementor-item\" tabindex=\"-1\">Telhas<\/a><\/li>\n<li class=\"menu-item menu-item-type-post_type menu-item-object-page menu-item-232\"><a href=\"https:\/\/lacoma.com\/pt\/productos\/tijolos-refratarios\/\" class=\"elementor-item\" tabindex=\"-1\">Tijolos refrat\u00e1rios<\/a><\/li>\n<\/ul>\t\t\t<\/nav>\n\t\t\t\t\t\t<\/div>\n\t\t\t\t<\/div>\n\t\t\t\t<\/div>\n\t\t<div class=\"elementor-element elementor-element-728a911f e-con-full e-flex e-con e-child\" data-id=\"728a911f\" data-element_type=\"container\" data-e-type=\"container\">\n\t\t\t\t<div class=\"elementor-element elementor-element-4e366249 elementor-widget elementor-widget-heading\" data-id=\"4e366249\" data-element_type=\"widget\" data-e-type=\"widget\" data-widget_type=\"heading.default\">\n\t\t\t\t<div class=\"elementor-widget-container\">\n\t\t\t\t\t<h1 class=\"elementor-heading-title elementor-size-default\">Telhas<\/h1>\t\t\t\t<\/div>\n\t\t\t\t<\/div>\n\t\t\t\t<div class=\"elementor-element elementor-element-32333c0f elementor-widget-divider--view-line elementor-widget elementor-widget-divider\" data-id=\"32333c0f\" data-element_type=\"widget\" data-e-type=\"widget\" data-widget_type=\"divider.default\">\n\t\t\t\t<div class=\"elementor-widget-container\">\n\t\t\t\t\t\t\t<div class=\"elementor-divider\">\n\t\t\t<span class=\"elementor-divider-separator\">\n\t\t\t\t\t\t<\/span>\n\t\t<\/div>\n\t\t\t\t\t\t<\/div>\n\t\t\t\t<\/div>\n\t\t<div class=\"elementor-element elementor-element-7d42a032 e-grid e-con-full e-con e-child\" data-id=\"7d42a032\" data-element_type=\"container\" data-e-type=\"container\">\n\t\t\t\t<div class=\"elementor-element elementor-element-5a03f298 elementor-position-top elementor-widget elementor-widget-image-box\" data-id=\"5a03f298\" data-element_type=\"widget\" data-e-type=\"widget\" data-widget_type=\"image-box.default\">\n\t\t\t\t<div class=\"elementor-widget-container\">\n\t\t\t\t\t<div class=\"elementor-image-box-wrapper\"><figure class=\"elementor-image-box-img\"><a href=\"https:\/\/lacoma.com\/pt\/productos\/telhas\/telha-ceramica-mista\/\" tabindex=\"-1\"><img fetchpriority=\"high\" decoding=\"async\" width=\"378\" height=\"378\" src=\"https:\/\/lacoma.com\/pt\/wp-content\/uploads\/2025\/05\/Tuile-ceramique-mixte.webp\" class=\"attachment-medium_large size-medium_large wp-image-404\" alt=\"\" srcset=\"https:\/\/lacoma.com\/pt\/wp-content\/uploads\/2025\/05\/Tuile-ceramique-mixte.webp 378w, https:\/\/lacoma.com\/pt\/wp-content\/uploads\/2025\/05\/Tuile-ceramique-mixte-300x300.webp 300w, https:\/\/lacoma.com\/pt\/wp-content\/uploads\/2025\/05\/Tuile-ceramique-mixte-150x150.webp 150w\" sizes=\"(max-width: 378px) 100vw, 378px\" \/><\/a><\/figure><div class=\"elementor-image-box-content\"><h3 class=\"elementor-image-box-title\"><a href=\"https:\/\/lacoma.com\/pt\/productos\/telhas\/telha-ceramica-mista\/\">Telha cer\u00e2mica mista<\/a><\/h3><\/div><\/div>\t\t\t\t<\/div>\n\t\t\t\t<\/div>\n\t\t\t\t<div class=\"elementor-element elementor-element-6a3cec7 elementor-position-top elementor-widget elementor-widget-image-box\" data-id=\"6a3cec7\" data-element_type=\"widget\" data-e-type=\"widget\" data-widget_type=\"image-box.default\">\n\t\t\t\t<div class=\"elementor-widget-container\">\n\t\t\t\t\t<div class=\"elementor-image-box-wrapper\"><figure class=\"elementor-image-box-img\"><a href=\"https:\/\/lacoma.com\/pt\/productos\/telhas\/telha-ceramica-de-canudo\/\" tabindex=\"-1\"><img decoding=\"async\" width=\"768\" height=\"768\" src=\"https:\/\/lacoma.com\/pt\/wp-content\/uploads\/2025\/05\/Tuile-ceramique-incurvee-768x768.webp\" class=\"attachment-medium_large size-medium_large wp-image-406\" alt=\"\" srcset=\"https:\/\/lacoma.com\/pt\/wp-content\/uploads\/2025\/05\/Tuile-ceramique-incurvee-768x768.webp 768w, https:\/\/lacoma.com\/pt\/wp-content\/uploads\/2025\/05\/Tuile-ceramique-incurvee-300x300.webp 300w, https:\/\/lacoma.com\/pt\/wp-content\/uploads\/2025\/05\/Tuile-ceramique-incurvee-150x150.webp 150w, https:\/\/lacoma.com\/pt\/wp-content\/uploads\/2025\/05\/Tuile-ceramique-incurvee.webp 800w\" sizes=\"(max-width: 768px) 100vw, 768px\" \/><\/a><\/figure><div class=\"elementor-image-box-content\"><h3 class=\"elementor-image-box-title\"><a href=\"https:\/\/lacoma.com\/pt\/productos\/telhas\/telha-ceramica-de-canudo\/\">Telha cer\u00e2mica curva<\/a><\/h3><\/div><\/div>\t\t\t\t<\/div>\n\t\t\t\t<\/div>\n\t\t\t\t<div class=\"elementor-element elementor-element-1cb4350 elementor-position-top elementor-widget elementor-widget-image-box\" data-id=\"1cb4350\" data-element_type=\"widget\" data-e-type=\"widget\" data-widget_type=\"image-box.default\">\n\t\t\t\t<div class=\"elementor-widget-container\">\n\t\t\t\t\t<div class=\"elementor-image-box-wrapper\"><figure class=\"elementor-image-box-img\"><a href=\"https:\/\/lacoma.com\/pt\/productos\/telhas\/telhas-de-betao\/\" tabindex=\"-1\"><img decoding=\"async\" width=\"320\" height=\"320\" src=\"https:\/\/lacoma.com\/pt\/wp-content\/uploads\/2025\/05\/Tuiles-en-beton.webp\" class=\"attachment-medium_large size-medium_large wp-image-405\" alt=\"\" srcset=\"https:\/\/lacoma.com\/pt\/wp-content\/uploads\/2025\/05\/Tuiles-en-beton.webp 320w, https:\/\/lacoma.com\/pt\/wp-content\/uploads\/2025\/05\/Tuiles-en-beton-300x300.webp 300w, https:\/\/lacoma.com\/pt\/wp-content\/uploads\/2025\/05\/Tuiles-en-beton-150x150.webp 150w\" sizes=\"(max-width: 320px) 100vw, 320px\" \/><\/a><\/figure><div class=\"elementor-image-box-content\"><h3 class=\"elementor-image-box-title\"><a href=\"https:\/\/lacoma.com\/pt\/productos\/telhas\/telhas-de-betao\/\">Telhas de bet\u00e3o<\/a><\/h3><\/div><\/div>\t\t\t\t<\/div>\n\t\t\t\t<\/div>\n\t\t\t\t<\/div>\n\t\t\t\t<\/div>\n\t\t\t\t\t<\/div>\n\t\t\t\t<\/div>\n\t\t\t\t<\/div>\n\t\t","protected":false},"excerpt":{"rendered":"<p>Telhas Telha cer\u00e2mica mista Telha cer\u00e2mica curva Telhas de bet\u00e3o<\/p>\n","protected":false},"author":1,"featured_media":0,"parent":34,"menu_order":0,"comment_status":"closed","ping_status":"closed","template":"","meta":{"footnotes":""},"class_list":["post-227","page","type-page","status-publish","hentry"],"_links":{"self":[{"href":"https:\/\/lacoma.com\/pt\/wp-json\/wp\/v2\/pages\/227","targetHints":{"allow":["GET"]}}],"collection":[{"href":"https:\/\/lacoma.com\/pt\/wp-json\/wp\/v2\/pages"}],"about":[{"href":"https:\/\/lacoma.com\/pt\/wp-json\/wp\/v2\/types\/page"}],"author":[{"embeddable":true,"href":"https:\/\/lacoma.com\/pt\/wp-json\/wp\/v2\/users\/1"}],"replies":[{"embeddable":true,"href":"https:\/\/lacoma.com\/pt\/wp-json\/wp\/v2\/comments?post=227"}],"version-history":[{"count":18,"href":"https:\/\/lacoma.com\/pt\/wp-json\/wp\/v2\/pages\/227\/revisions"}],"predecessor-version":[{"id":1244,"href":"https:\/\/lacoma.com\/pt\/wp-json\/wp\/v2\/pages\/227\/revisions\/1244"}],"up":[{"embeddable":true,"href":"https:\/\/lacoma.com\/pt\/wp-json\/wp\/v2\/pages\/34"}],"wp:attachment":[{"href":"https:\/\/lacoma.com\/pt\/wp-json\/wp\/v2\/media?parent=227"}],"curies":[{"name":"wp","href":"https:\/\/api.w.org\/{rel}","templated":true}]}}