{"id":220,"date":"2025-04-29T15:47:23","date_gmt":"2025-04-29T13:47:23","guid":{"rendered":"https:\/\/lacoma.com\/pt\/?page_id=220"},"modified":"2026-04-22T20:41:41","modified_gmt":"2026-04-22T18:41:41","slug":"ladrilhos-e-tijoleiras-rusticas","status":"publish","type":"page","link":"https:\/\/lacoma.com\/pt\/productos\/ladrilhos-e-tijoleiras-rusticas\/","title":{"rendered":"Ladrilhos e tijoleiras r\u00fasticas"},"content":{"rendered":"\t\t<div data-elementor-type=\"wp-page\" data-elementor-id=\"220\" class=\"elementor elementor-220\" data-elementor-post-type=\"page\">\n\t\t\t\t<div class=\"elementor-element elementor-element-2acd9664 e-flex e-con-boxed e-con e-parent\" data-id=\"2acd9664\" data-element_type=\"container\" data-e-type=\"container\">\n\t\t\t\t\t<div class=\"e-con-inner\">\n\t\t<div class=\"elementor-element elementor-element-66025ad5 e-con-full e-flex e-con e-child\" data-id=\"66025ad5\" data-element_type=\"container\" data-e-type=\"container\">\n\t\t\t\t<div class=\"elementor-element elementor-element-21589ec7 elementor-nav-menu--dropdown-none elementor-widget__width-initial elementor-widget elementor-widget-nav-menu\" data-id=\"21589ec7\" data-element_type=\"widget\" data-e-type=\"widget\" data-settings=\"{&quot;layout&quot;:&quot;vertical&quot;,&quot;submenu_icon&quot;:{&quot;value&quot;:&quot;&lt;svg aria-hidden=\\&quot;true\\&quot; class=\\&quot;e-font-icon-svg e-fas-caret-down\\&quot; viewBox=\\&quot;0 0 320 512\\&quot; xmlns=\\&quot;http:\\\/\\\/www.w3.org\\\/2000\\\/svg\\&quot;&gt;&lt;path d=\\&quot;M31.3 192h257.3c17.8 0 26.7 21.5 14.1 34.1L174.1 354.8c-7.8 7.8-20.5 7.8-28.3 0L17.2 226.1C4.6 213.5 13.5 192 31.3 192z\\&quot;&gt;&lt;\\\/path&gt;&lt;\\\/svg&gt;&quot;,&quot;library&quot;:&quot;fa-solid&quot;}}\" data-widget_type=\"nav-menu.default\">\n\t\t\t\t<div class=\"elementor-widget-container\">\n\t\t\t\t\t\t\t\t<nav aria-label=\"Men\u00fa\" class=\"elementor-nav-menu--main elementor-nav-menu__container elementor-nav-menu--layout-vertical e--pointer-underline e--animation-fade\">\n\t\t\t\t<ul id=\"menu-1-21589ec7\" class=\"elementor-nav-menu sm-vertical\"><li class=\"menu-item menu-item-type-post_type menu-item-object-page menu-item-238\"><a href=\"https:\/\/lacoma.com\/pt\/productos\/tijolo-termico-termoarcilla\/\" class=\"elementor-item\">Tijolo t\u00e9rmico e ac\u00fastico Termoarcilla<\/a><\/li>\n<li class=\"menu-item menu-item-type-post_type menu-item-object-page menu-item-239\"><a href=\"https:\/\/lacoma.com\/pt\/productos\/abobadilhas-ceramicas\/\" class=\"elementor-item\">Abobadilhas cer\u00e2micas<\/a><\/li>\n<li class=\"menu-item menu-item-type-post_type menu-item-object-page menu-item-237\"><a href=\"https:\/\/lacoma.com\/pt\/productos\/plafonnettes-male-femelle\/\" class=\"elementor-item\">Ladrilho macho-f\u00eamea<\/a><\/li>\n<li class=\"menu-item menu-item-type-post_type menu-item-object-page menu-item-236\"><a href=\"https:\/\/lacoma.com\/pt\/productos\/ladrilhos-e-tijoleiras-rusticas\/\" class=\"elementor-item\">Ladrilhos e tijoleiras r\u00fasticas<\/a><\/li>\n<li class=\"menu-item menu-item-type-post_type menu-item-object-page menu-item-235\"><a href=\"https:\/\/lacoma.com\/pt\/productos\/garrafeira\/\" class=\"elementor-item\">Garrafeira<\/a><\/li>\n<li class=\"menu-item menu-item-type-post_type menu-item-object-page menu-item-234\"><a href=\"https:\/\/lacoma.com\/pt\/productos\/reforco-de-alvenaria\/\" class=\"elementor-item\">Refor\u00e7o de alvenaria<\/a><\/li>\n<li class=\"menu-item menu-item-type-post_type menu-item-object-page menu-item-1243\"><a href=\"https:\/\/lacoma.com\/pt\/productos\/telhas\/\" class=\"elementor-item\">Telhas<\/a><\/li>\n<li class=\"menu-item menu-item-type-post_type menu-item-object-page menu-item-232\"><a href=\"https:\/\/lacoma.com\/pt\/productos\/tijolos-refratarios\/\" class=\"elementor-item\">Tijolos refrat\u00e1rios<\/a><\/li>\n<\/ul>\t\t\t<\/nav>\n\t\t\t\t\t\t<nav class=\"elementor-nav-menu--dropdown elementor-nav-menu__container\" aria-hidden=\"true\">\n\t\t\t\t<ul id=\"menu-2-21589ec7\" class=\"elementor-nav-menu sm-vertical\"><li class=\"menu-item menu-item-type-post_type menu-item-object-page menu-item-238\"><a href=\"https:\/\/lacoma.com\/pt\/productos\/tijolo-termico-termoarcilla\/\" class=\"elementor-item\" tabindex=\"-1\">Tijolo t\u00e9rmico e ac\u00fastico Termoarcilla<\/a><\/li>\n<li class=\"menu-item menu-item-type-post_type menu-item-object-page menu-item-239\"><a href=\"https:\/\/lacoma.com\/pt\/productos\/abobadilhas-ceramicas\/\" class=\"elementor-item\" tabindex=\"-1\">Abobadilhas cer\u00e2micas<\/a><\/li>\n<li class=\"menu-item menu-item-type-post_type menu-item-object-page menu-item-237\"><a href=\"https:\/\/lacoma.com\/pt\/productos\/plafonnettes-male-femelle\/\" class=\"elementor-item\" tabindex=\"-1\">Ladrilho macho-f\u00eamea<\/a><\/li>\n<li class=\"menu-item menu-item-type-post_type menu-item-object-page menu-item-236\"><a href=\"https:\/\/lacoma.com\/pt\/productos\/ladrilhos-e-tijoleiras-rusticas\/\" class=\"elementor-item\" tabindex=\"-1\">Ladrilhos e tijoleiras r\u00fasticas<\/a><\/li>\n<li class=\"menu-item menu-item-type-post_type menu-item-object-page menu-item-235\"><a href=\"https:\/\/lacoma.com\/pt\/productos\/garrafeira\/\" class=\"elementor-item\" tabindex=\"-1\">Garrafeira<\/a><\/li>\n<li class=\"menu-item menu-item-type-post_type menu-item-object-page menu-item-234\"><a href=\"https:\/\/lacoma.com\/pt\/productos\/reforco-de-alvenaria\/\" class=\"elementor-item\" tabindex=\"-1\">Refor\u00e7o de alvenaria<\/a><\/li>\n<li class=\"menu-item menu-item-type-post_type menu-item-object-page menu-item-1243\"><a href=\"https:\/\/lacoma.com\/pt\/productos\/telhas\/\" class=\"elementor-item\" tabindex=\"-1\">Telhas<\/a><\/li>\n<li class=\"menu-item menu-item-type-post_type menu-item-object-page menu-item-232\"><a href=\"https:\/\/lacoma.com\/pt\/productos\/tijolos-refratarios\/\" class=\"elementor-item\" tabindex=\"-1\">Tijolos refrat\u00e1rios<\/a><\/li>\n<\/ul>\t\t\t<\/nav>\n\t\t\t\t\t\t<\/div>\n\t\t\t\t<\/div>\n\t\t\t\t<\/div>\n\t\t<div class=\"elementor-element elementor-element-289f4685 e-con-full e-flex e-con e-child\" data-id=\"289f4685\" data-element_type=\"container\" data-e-type=\"container\">\n\t\t\t\t<div class=\"elementor-element elementor-element-116f0c9a elementor-widget elementor-widget-heading\" data-id=\"116f0c9a\" data-element_type=\"widget\" data-e-type=\"widget\" data-widget_type=\"heading.default\">\n\t\t\t\t<div class=\"elementor-widget-container\">\n\t\t\t\t\t<h1 class=\"elementor-heading-title elementor-size-default\">Ladrilhos e tijoleiras r\u00fasticas<\/h1>\t\t\t\t<\/div>\n\t\t\t\t<\/div>\n\t\t\t\t<div class=\"elementor-element elementor-element-345b190c elementor-widget-divider--view-line elementor-widget elementor-widget-divider\" data-id=\"345b190c\" data-element_type=\"widget\" data-e-type=\"widget\" data-widget_type=\"divider.default\">\n\t\t\t\t<div class=\"elementor-widget-container\">\n\t\t\t\t\t\t\t<div class=\"elementor-divider\">\n\t\t\t<span class=\"elementor-divider-separator\">\n\t\t\t\t\t\t<\/span>\n\t\t<\/div>\n\t\t\t\t\t\t<\/div>\n\t\t\t\t<\/div>\n\t\t\t\t<div class=\"elementor-element elementor-element-4f474e55 elementor-widget elementor-widget-text-editor\" data-id=\"4f474e55\" data-element_type=\"widget\" data-e-type=\"widget\" data-widget_type=\"text-editor.default\">\n\t\t\t\t<div class=\"elementor-widget-container\">\n\t\t\t\t\t\t\t\t\t<p>Os ladrilhos, tijoleiras e placas de cer\u00e2mica r\u00fastica conferem um car\u00e1cter \u00fanico \u00e0s obras onde s\u00e3o utilizados. Temos pe\u00e7as de fabrico 100% manual e semi-manual em terracota. Cada pe\u00e7a \u00e9 \u00fanica. Com elas poder\u00e1 dar um acabamento com personalidade \u00e0s suas obras, tanto de est\u00e9tica tradicional como moderna.<\/p>\t\t\t\t\t\t\t\t<\/div>\n\t\t\t\t<\/div>\n\t\t<div class=\"elementor-element elementor-element-440997b1 e-grid e-con-full e-con e-child\" data-id=\"440997b1\" data-element_type=\"container\" data-e-type=\"container\">\n\t\t\t\t<div class=\"elementor-element elementor-element-49a42253 elementor-position-top elementor-widget elementor-widget-image-box\" data-id=\"49a42253\" data-element_type=\"widget\" data-e-type=\"widget\" data-widget_type=\"image-box.default\">\n\t\t\t\t<div class=\"elementor-widget-container\">\n\t\t\t\t\t<div class=\"elementor-image-box-wrapper\"><figure class=\"elementor-image-box-img\"><a href=\"https:\/\/lacoma.com\/pt\/productos\/ladrilhos-e-tijoleiras-rusticas\/tijoleira-rustica-manual\/\" tabindex=\"-1\"><img fetchpriority=\"high\" decoding=\"async\" width=\"768\" height=\"768\" src=\"https:\/\/lacoma.com\/pt\/wp-content\/uploads\/2025\/05\/Baldosa3030-768x768.webp\" class=\"attachment-medium_large size-medium_large wp-image-499\" alt=\"\" srcset=\"https:\/\/lacoma.com\/pt\/wp-content\/uploads\/2025\/05\/Baldosa3030-768x768.webp 768w, https:\/\/lacoma.com\/pt\/wp-content\/uploads\/2025\/05\/Baldosa3030-300x300.webp 300w, https:\/\/lacoma.com\/pt\/wp-content\/uploads\/2025\/05\/Baldosa3030-150x150.webp 150w, https:\/\/lacoma.com\/pt\/wp-content\/uploads\/2025\/05\/Baldosa3030.webp 800w\" sizes=\"(max-width: 768px) 100vw, 768px\" \/><\/a><\/figure><div class=\"elementor-image-box-content\"><h3 class=\"elementor-image-box-title\"><a href=\"https:\/\/lacoma.com\/pt\/productos\/ladrilhos-e-tijoleiras-rusticas\/tijoleira-rustica-manual\/\">Tijoleira r\u00fastica manual<\/a><\/h3><\/div><\/div>\t\t\t\t<\/div>\n\t\t\t\t<\/div>\n\t\t\t\t<div class=\"elementor-element elementor-element-e227cbf elementor-position-top elementor-widget elementor-widget-image-box\" data-id=\"e227cbf\" data-element_type=\"widget\" data-e-type=\"widget\" data-widget_type=\"image-box.default\">\n\t\t\t\t<div class=\"elementor-widget-container\">\n\t\t\t\t\t<div class=\"elementor-image-box-wrapper\"><figure class=\"elementor-image-box-img\"><a href=\"https:\/\/lacoma.com\/pt\/productos\/ladrilhos-e-tijoleiras-rusticas\/ladrilho-rustico-manual\/\" tabindex=\"-1\"><img decoding=\"async\" width=\"640\" height=\"640\" src=\"https:\/\/lacoma.com\/pt\/wp-content\/uploads\/2025\/05\/Ladrillo_rustico_35.webp\" class=\"attachment-medium_large size-medium_large wp-image-498\" alt=\"\" srcset=\"https:\/\/lacoma.com\/pt\/wp-content\/uploads\/2025\/05\/Ladrillo_rustico_35.webp 640w, https:\/\/lacoma.com\/pt\/wp-content\/uploads\/2025\/05\/Ladrillo_rustico_35-300x300.webp 300w, https:\/\/lacoma.com\/pt\/wp-content\/uploads\/2025\/05\/Ladrillo_rustico_35-150x150.webp 150w\" sizes=\"(max-width: 640px) 100vw, 640px\" \/><\/a><\/figure><div class=\"elementor-image-box-content\"><h3 class=\"elementor-image-box-title\"><a href=\"https:\/\/lacoma.com\/pt\/productos\/ladrilhos-e-tijoleiras-rusticas\/ladrilho-rustico-manual\/\">Ladrilho r\u00fastico manual<\/a><\/h3><\/div><\/div>\t\t\t\t<\/div>\n\t\t\t\t<\/div>\n\t\t\t\t<div class=\"elementor-element elementor-element-87ba582 elementor-position-top elementor-widget elementor-widget-image-box\" data-id=\"87ba582\" data-element_type=\"widget\" data-e-type=\"widget\" data-widget_type=\"image-box.default\">\n\t\t\t\t<div class=\"elementor-widget-container\">\n\t\t\t\t\t<div class=\"elementor-image-box-wrapper\"><figure class=\"elementor-image-box-img\"><a href=\"https:\/\/lacoma.com\/pt\/productos\/ladrilhos-e-tijoleiras-rusticas\/pecas-decorativas-manuais\/\" tabindex=\"-1\"><img decoding=\"async\" width=\"768\" height=\"768\" src=\"https:\/\/lacoma.com\/pt\/wp-content\/uploads\/2025\/05\/piezas-especiales-768x768.webp\" class=\"attachment-medium_large size-medium_large wp-image-500\" alt=\"\" srcset=\"https:\/\/lacoma.com\/pt\/wp-content\/uploads\/2025\/05\/piezas-especiales-768x768.webp 768w, https:\/\/lacoma.com\/pt\/wp-content\/uploads\/2025\/05\/piezas-especiales-300x300.webp 300w, https:\/\/lacoma.com\/pt\/wp-content\/uploads\/2025\/05\/piezas-especiales-150x150.webp 150w, https:\/\/lacoma.com\/pt\/wp-content\/uploads\/2025\/05\/piezas-especiales.webp 800w\" sizes=\"(max-width: 768px) 100vw, 768px\" \/><\/a><\/figure><div class=\"elementor-image-box-content\"><h3 class=\"elementor-image-box-title\"><a href=\"https:\/\/lacoma.com\/pt\/productos\/ladrilhos-e-tijoleiras-rusticas\/pecas-decorativas-manuais\/\">Pe\u00e7as decorativas manuais<\/a><\/h3><\/div><\/div>\t\t\t\t<\/div>\n\t\t\t\t<\/div>\n\t\t\t\t<div class=\"elementor-element elementor-element-d7479d6 elementor-position-top elementor-widget elementor-widget-image-box\" data-id=\"d7479d6\" data-element_type=\"widget\" data-e-type=\"widget\" data-widget_type=\"image-box.default\">\n\t\t\t\t<div class=\"elementor-widget-container\">\n\t\t\t\t\t<div class=\"elementor-image-box-wrapper\"><figure class=\"elementor-image-box-img\"><a href=\"https:\/\/lacoma.com\/pt\/productos\/ladrilhos-e-tijoleiras-rusticas\/tijoleiras-rusticas-semi-manuais\/\" tabindex=\"-1\"><img loading=\"lazy\" decoding=\"async\" width=\"768\" height=\"768\" src=\"https:\/\/lacoma.com\/pt\/wp-content\/uploads\/2025\/05\/Baldosa-Rustica-Roja-300x300-1-768x768.webp\" class=\"attachment-medium_large size-medium_large wp-image-501\" alt=\"\" srcset=\"https:\/\/lacoma.com\/pt\/wp-content\/uploads\/2025\/05\/Baldosa-Rustica-Roja-300x300-1-768x768.webp 768w, https:\/\/lacoma.com\/pt\/wp-content\/uploads\/2025\/05\/Baldosa-Rustica-Roja-300x300-1-300x300.webp 300w, https:\/\/lacoma.com\/pt\/wp-content\/uploads\/2025\/05\/Baldosa-Rustica-Roja-300x300-1-150x150.webp 150w, https:\/\/lacoma.com\/pt\/wp-content\/uploads\/2025\/05\/Baldosa-Rustica-Roja-300x300-1.webp 800w\" sizes=\"(max-width: 768px) 100vw, 768px\" \/><\/a><\/figure><div class=\"elementor-image-box-content\"><h3 class=\"elementor-image-box-title\"><a href=\"https:\/\/lacoma.com\/pt\/productos\/ladrilhos-e-tijoleiras-rusticas\/tijoleiras-rusticas-semi-manuais\/\">Tijoleiras r\u00fasticas semi-manuais<\/a><\/h3><\/div><\/div>\t\t\t\t<\/div>\n\t\t\t\t<\/div>\n\t\t\t\t<div class=\"elementor-element elementor-element-a330e28 elementor-position-top elementor-widget elementor-widget-image-box\" data-id=\"a330e28\" data-element_type=\"widget\" data-e-type=\"widget\" data-widget_type=\"image-box.default\">\n\t\t\t\t<div class=\"elementor-widget-container\">\n\t\t\t\t\t<div class=\"elementor-image-box-wrapper\"><figure class=\"elementor-image-box-img\"><a href=\"https:\/\/lacoma.com\/pt\/productos\/ladrilhos-e-tijoleiras-rusticas\/ladrilhos-rusticos-semi-manuais\/\" tabindex=\"-1\"><img loading=\"lazy\" decoding=\"async\" width=\"768\" height=\"768\" src=\"https:\/\/lacoma.com\/pt\/wp-content\/uploads\/2025\/05\/Ladrillo-Rustico-Rojo-225x105x35-768x768.webp\" class=\"attachment-medium_large size-medium_large wp-image-502\" alt=\"\" srcset=\"https:\/\/lacoma.com\/pt\/wp-content\/uploads\/2025\/05\/Ladrillo-Rustico-Rojo-225x105x35-768x768.webp 768w, https:\/\/lacoma.com\/pt\/wp-content\/uploads\/2025\/05\/Ladrillo-Rustico-Rojo-225x105x35-300x300.webp 300w, https:\/\/lacoma.com\/pt\/wp-content\/uploads\/2025\/05\/Ladrillo-Rustico-Rojo-225x105x35-150x150.webp 150w, https:\/\/lacoma.com\/pt\/wp-content\/uploads\/2025\/05\/Ladrillo-Rustico-Rojo-225x105x35.webp 800w\" sizes=\"(max-width: 768px) 100vw, 768px\" \/><\/a><\/figure><div class=\"elementor-image-box-content\"><h3 class=\"elementor-image-box-title\"><a href=\"https:\/\/lacoma.com\/pt\/productos\/ladrilhos-e-tijoleiras-rusticas\/ladrilhos-rusticos-semi-manuais\/\">Ladrilhos r\u00fasticos semi-manuais<\/a><\/h3><\/div><\/div>\t\t\t\t<\/div>\n\t\t\t\t<\/div>\n\t\t\t\t<\/div>\n\t\t\t\t<\/div>\n\t\t\t\t\t<\/div>\n\t\t\t\t<\/div>\n\t\t\t\t<\/div>\n\t\t","protected":false},"excerpt":{"rendered":"<p>Os ladrilhos, tijoleiras e placas de cer\u00e2mica r\u00fastica conferem um car\u00e1cter \u00fanico \u00e0s obras onde s\u00e3o utilizados. Temos pe\u00e7as de fabrico 100% manual e semi-manual em terracota. Cada pe\u00e7a \u00e9 \u00fanica. Com elas poder\u00e1 dar um acabamento com personalidade \u00e0s suas obras, tanto de est\u00e9tica tradicional como moderna. Tijoleira r\u00fastica manual Ladrilho r\u00fastico manual Pe\u00e7as [&hellip;]<\/p>\n","protected":false},"author":1,"featured_media":0,"parent":34,"menu_order":0,"comment_status":"closed","ping_status":"closed","template":"","meta":{"footnotes":""},"class_list":["post-220","page","type-page","status-publish","hentry"],"_links":{"self":[{"href":"https:\/\/lacoma.com\/pt\/wp-json\/wp\/v2\/pages\/220","targetHints":{"allow":["GET"]}}],"collection":[{"href":"https:\/\/lacoma.com\/pt\/wp-json\/wp\/v2\/pages"}],"about":[{"href":"https:\/\/lacoma.com\/pt\/wp-json\/wp\/v2\/types\/page"}],"author":[{"embeddable":true,"href":"https:\/\/lacoma.com\/pt\/wp-json\/wp\/v2\/users\/1"}],"replies":[{"embeddable":true,"href":"https:\/\/lacoma.com\/pt\/wp-json\/wp\/v2\/comments?post=220"}],"version-history":[{"count":11,"href":"https:\/\/lacoma.com\/pt\/wp-json\/wp\/v2\/pages\/220\/revisions"}],"predecessor-version":[{"id":1229,"href":"https:\/\/lacoma.com\/pt\/wp-json\/wp\/v2\/pages\/220\/revisions\/1229"}],"up":[{"embeddable":true,"href":"https:\/\/lacoma.com\/pt\/wp-json\/wp\/v2\/pages\/34"}],"wp:attachment":[{"href":"https:\/\/lacoma.com\/pt\/wp-json\/wp\/v2\/media?parent=220"}],"curies":[{"name":"wp","href":"https:\/\/api.w.org\/{rel}","templated":true}]}}