{"id":219,"date":"2025-04-29T15:46:59","date_gmt":"2025-04-29T13:46:59","guid":{"rendered":"https:\/\/lacoma.com\/pt\/?page_id=219"},"modified":"2026-04-22T20:39:08","modified_gmt":"2026-04-22T18:39:08","slug":"plafonnettes-male-femelle","status":"publish","type":"page","link":"https:\/\/lacoma.com\/pt\/productos\/plafonnettes-male-femelle\/","title":{"rendered":"Ladrilho macho-f\u00eamea"},"content":{"rendered":"\t\t<div data-elementor-type=\"wp-page\" data-elementor-id=\"219\" class=\"elementor elementor-219\" data-elementor-post-type=\"page\">\n\t\t\t\t<div class=\"elementor-element elementor-element-5d49928 e-flex e-con-boxed e-con e-parent\" data-id=\"5d49928\" data-element_type=\"container\" data-e-type=\"container\">\n\t\t\t\t\t<div class=\"e-con-inner\">\n\t\t<div class=\"elementor-element elementor-element-251e6f5 e-con-full e-flex e-con e-child\" data-id=\"251e6f5\" data-element_type=\"container\" data-e-type=\"container\">\n\t\t\t\t<div class=\"elementor-element elementor-element-0709dd4 elementor-nav-menu--dropdown-none elementor-widget__width-initial elementor-widget elementor-widget-nav-menu\" data-id=\"0709dd4\" data-element_type=\"widget\" data-e-type=\"widget\" data-settings=\"{&quot;layout&quot;:&quot;vertical&quot;,&quot;submenu_icon&quot;:{&quot;value&quot;:&quot;&lt;svg aria-hidden=\\&quot;true\\&quot; class=\\&quot;e-font-icon-svg e-fas-caret-down\\&quot; viewBox=\\&quot;0 0 320 512\\&quot; xmlns=\\&quot;http:\\\/\\\/www.w3.org\\\/2000\\\/svg\\&quot;&gt;&lt;path d=\\&quot;M31.3 192h257.3c17.8 0 26.7 21.5 14.1 34.1L174.1 354.8c-7.8 7.8-20.5 7.8-28.3 0L17.2 226.1C4.6 213.5 13.5 192 31.3 192z\\&quot;&gt;&lt;\\\/path&gt;&lt;\\\/svg&gt;&quot;,&quot;library&quot;:&quot;fa-solid&quot;}}\" data-widget_type=\"nav-menu.default\">\n\t\t\t\t<div class=\"elementor-widget-container\">\n\t\t\t\t\t\t\t\t<nav aria-label=\"Men\u00fa\" class=\"elementor-nav-menu--main elementor-nav-menu__container elementor-nav-menu--layout-vertical e--pointer-underline e--animation-fade\">\n\t\t\t\t<ul id=\"menu-1-0709dd4\" class=\"elementor-nav-menu sm-vertical\"><li class=\"menu-item menu-item-type-post_type menu-item-object-page menu-item-238\"><a href=\"https:\/\/lacoma.com\/pt\/productos\/tijolo-termico-termoarcilla\/\" class=\"elementor-item\">Tijolo t\u00e9rmico e ac\u00fastico Termoarcilla<\/a><\/li>\n<li class=\"menu-item menu-item-type-post_type menu-item-object-page menu-item-239\"><a href=\"https:\/\/lacoma.com\/pt\/productos\/abobadilhas-ceramicas\/\" class=\"elementor-item\">Abobadilhas cer\u00e2micas<\/a><\/li>\n<li class=\"menu-item menu-item-type-post_type menu-item-object-page menu-item-237\"><a href=\"https:\/\/lacoma.com\/pt\/productos\/plafonnettes-male-femelle\/\" class=\"elementor-item\">Ladrilho macho-f\u00eamea<\/a><\/li>\n<li class=\"menu-item menu-item-type-post_type menu-item-object-page menu-item-236\"><a href=\"https:\/\/lacoma.com\/pt\/productos\/ladrilhos-e-tijoleiras-rusticas\/\" class=\"elementor-item\">Ladrilhos e tijoleiras r\u00fasticas<\/a><\/li>\n<li class=\"menu-item menu-item-type-post_type menu-item-object-page menu-item-235\"><a href=\"https:\/\/lacoma.com\/pt\/productos\/garrafeira\/\" class=\"elementor-item\">Garrafeira<\/a><\/li>\n<li class=\"menu-item menu-item-type-post_type menu-item-object-page menu-item-234\"><a href=\"https:\/\/lacoma.com\/pt\/productos\/reforco-de-alvenaria\/\" class=\"elementor-item\">Refor\u00e7o de alvenaria<\/a><\/li>\n<li class=\"menu-item menu-item-type-post_type menu-item-object-page menu-item-1243\"><a href=\"https:\/\/lacoma.com\/pt\/productos\/telhas\/\" class=\"elementor-item\">Telhas<\/a><\/li>\n<li class=\"menu-item menu-item-type-post_type menu-item-object-page menu-item-232\"><a href=\"https:\/\/lacoma.com\/pt\/productos\/tijolos-refratarios\/\" class=\"elementor-item\">Tijolos refrat\u00e1rios<\/a><\/li>\n<\/ul>\t\t\t<\/nav>\n\t\t\t\t\t\t<nav class=\"elementor-nav-menu--dropdown elementor-nav-menu__container\" aria-hidden=\"true\">\n\t\t\t\t<ul id=\"menu-2-0709dd4\" class=\"elementor-nav-menu sm-vertical\"><li class=\"menu-item menu-item-type-post_type menu-item-object-page menu-item-238\"><a href=\"https:\/\/lacoma.com\/pt\/productos\/tijolo-termico-termoarcilla\/\" class=\"elementor-item\" tabindex=\"-1\">Tijolo t\u00e9rmico e ac\u00fastico Termoarcilla<\/a><\/li>\n<li class=\"menu-item menu-item-type-post_type menu-item-object-page menu-item-239\"><a href=\"https:\/\/lacoma.com\/pt\/productos\/abobadilhas-ceramicas\/\" class=\"elementor-item\" tabindex=\"-1\">Abobadilhas cer\u00e2micas<\/a><\/li>\n<li class=\"menu-item menu-item-type-post_type menu-item-object-page menu-item-237\"><a href=\"https:\/\/lacoma.com\/pt\/productos\/plafonnettes-male-femelle\/\" class=\"elementor-item\" tabindex=\"-1\">Ladrilho macho-f\u00eamea<\/a><\/li>\n<li class=\"menu-item menu-item-type-post_type menu-item-object-page menu-item-236\"><a href=\"https:\/\/lacoma.com\/pt\/productos\/ladrilhos-e-tijoleiras-rusticas\/\" class=\"elementor-item\" tabindex=\"-1\">Ladrilhos e tijoleiras r\u00fasticas<\/a><\/li>\n<li class=\"menu-item menu-item-type-post_type menu-item-object-page menu-item-235\"><a href=\"https:\/\/lacoma.com\/pt\/productos\/garrafeira\/\" class=\"elementor-item\" tabindex=\"-1\">Garrafeira<\/a><\/li>\n<li class=\"menu-item menu-item-type-post_type menu-item-object-page menu-item-234\"><a href=\"https:\/\/lacoma.com\/pt\/productos\/reforco-de-alvenaria\/\" class=\"elementor-item\" tabindex=\"-1\">Refor\u00e7o de alvenaria<\/a><\/li>\n<li class=\"menu-item menu-item-type-post_type menu-item-object-page menu-item-1243\"><a href=\"https:\/\/lacoma.com\/pt\/productos\/telhas\/\" class=\"elementor-item\" tabindex=\"-1\">Telhas<\/a><\/li>\n<li class=\"menu-item menu-item-type-post_type menu-item-object-page menu-item-232\"><a href=\"https:\/\/lacoma.com\/pt\/productos\/tijolos-refratarios\/\" class=\"elementor-item\" tabindex=\"-1\">Tijolos refrat\u00e1rios<\/a><\/li>\n<\/ul>\t\t\t<\/nav>\n\t\t\t\t\t\t<\/div>\n\t\t\t\t<\/div>\n\t\t\t\t<\/div>\n\t\t<div class=\"elementor-element elementor-element-2822eaa e-con-full e-flex e-con e-child\" data-id=\"2822eaa\" data-element_type=\"container\" data-e-type=\"container\">\n\t\t\t\t<div class=\"elementor-element elementor-element-65e8c463 elementor-widget elementor-widget-heading\" data-id=\"65e8c463\" data-element_type=\"widget\" data-e-type=\"widget\" data-widget_type=\"heading.default\">\n\t\t\t\t<div class=\"elementor-widget-container\">\n\t\t\t\t\t<h1 class=\"elementor-heading-title elementor-size-default\">Ladrilho macho-f\u00eamea<\/h1>\t\t\t\t<\/div>\n\t\t\t\t<\/div>\n\t\t\t\t<div class=\"elementor-element elementor-element-7f73b0d9 elementor-widget-divider--view-line elementor-widget elementor-widget-divider\" data-id=\"7f73b0d9\" data-element_type=\"widget\" data-e-type=\"widget\" data-widget_type=\"divider.default\">\n\t\t\t\t<div class=\"elementor-widget-container\">\n\t\t\t\t\t\t\t<div class=\"elementor-divider\">\n\t\t\t<span class=\"elementor-divider-separator\">\n\t\t\t\t\t\t<\/span>\n\t\t<\/div>\n\t\t\t\t\t\t<\/div>\n\t\t\t\t<\/div>\n\t\t\t\t<div class=\"elementor-element elementor-element-2574ddc3 elementor-widget elementor-widget-text-editor\" data-id=\"2574ddc3\" data-element_type=\"widget\" data-e-type=\"widget\" data-widget_type=\"text-editor.default\">\n\t\t\t\t<div class=\"elementor-widget-container\">\n\t\t\t\t\t\t\t\t\t<p>Ladrilho macho-f\u00eamea cer\u00e2mico para a constru\u00e7\u00e3o de coberturas, revestimento de pilares, camadas extra, etc. Alta fiabilidade e resist\u00eancia.<\/p><p>Tamb\u00e9m podem ser usados no revestimento de pilares, camadas extra, etc. Ideal para reabilita\u00e7\u00e3o, reconstru\u00e7\u00e3o ou repara\u00e7\u00e3o de tabiques, revestimentos secos, pequenas aberturas, buracos em paredes, etc.<\/p>\t\t\t\t\t\t\t\t<\/div>\n\t\t\t\t<\/div>\n\t\t<div class=\"elementor-element elementor-element-d21d0f0 e-grid e-con-full e-con e-child\" data-id=\"d21d0f0\" data-element_type=\"container\" data-e-type=\"container\">\n\t\t\t\t<div class=\"elementor-element elementor-element-5fa64cd elementor-position-top elementor-widget elementor-widget-image-box\" data-id=\"5fa64cd\" data-element_type=\"widget\" data-e-type=\"widget\" data-widget_type=\"image-box.default\">\n\t\t\t\t<div class=\"elementor-widget-container\">\n\t\t\t\t\t<div class=\"elementor-image-box-wrapper\"><figure class=\"elementor-image-box-img\"><a href=\"https:\/\/lacoma.com\/pt\/productos\/plafonnettes-male-femelle\/male-femelle-20-cm\/\" tabindex=\"-1\"><img fetchpriority=\"high\" decoding=\"async\" width=\"366\" height=\"366\" src=\"https:\/\/lacoma.com\/pt\/wp-content\/uploads\/2025\/04\/Male-femelle-de-20-cm.webp\" class=\"attachment-medium_large size-medium_large wp-image-281\" alt=\"\" srcset=\"https:\/\/lacoma.com\/pt\/wp-content\/uploads\/2025\/04\/Male-femelle-de-20-cm.webp 366w, https:\/\/lacoma.com\/pt\/wp-content\/uploads\/2025\/04\/Male-femelle-de-20-cm-300x300.webp 300w, https:\/\/lacoma.com\/pt\/wp-content\/uploads\/2025\/04\/Male-femelle-de-20-cm-150x150.webp 150w\" sizes=\"(max-width: 366px) 100vw, 366px\" \/><\/a><\/figure><div class=\"elementor-image-box-content\"><h3 class=\"elementor-image-box-title\"><a href=\"https:\/\/lacoma.com\/pt\/productos\/plafonnettes-male-femelle\/male-femelle-20-cm\/\">Ladrilho macho-f\u00eamea de 20 cm<\/a><\/h3><\/div><\/div>\t\t\t\t<\/div>\n\t\t\t\t<\/div>\n\t\t\t\t<div class=\"elementor-element elementor-element-5435a3b elementor-position-top elementor-widget elementor-widget-image-box\" data-id=\"5435a3b\" data-element_type=\"widget\" data-e-type=\"widget\" data-widget_type=\"image-box.default\">\n\t\t\t\t<div class=\"elementor-widget-container\">\n\t\t\t\t\t<div class=\"elementor-image-box-wrapper\"><figure class=\"elementor-image-box-img\"><a href=\"https:\/\/lacoma.com\/pt\/productos\/plafonnettes-male-femelle\/panneau-male-femelle-ceramique-30-cm\/\" tabindex=\"-1\"><img decoding=\"async\" width=\"436\" height=\"436\" src=\"https:\/\/lacoma.com\/pt\/wp-content\/uploads\/2025\/04\/Panneau-male-femelle-en-ceramique-de-30-cm.webp\" class=\"attachment-medium_large size-medium_large wp-image-280\" alt=\"\" srcset=\"https:\/\/lacoma.com\/pt\/wp-content\/uploads\/2025\/04\/Panneau-male-femelle-en-ceramique-de-30-cm.webp 436w, https:\/\/lacoma.com\/pt\/wp-content\/uploads\/2025\/04\/Panneau-male-femelle-en-ceramique-de-30-cm-300x300.webp 300w, https:\/\/lacoma.com\/pt\/wp-content\/uploads\/2025\/04\/Panneau-male-femelle-en-ceramique-de-30-cm-150x150.webp 150w\" sizes=\"(max-width: 436px) 100vw, 436px\" \/><\/a><\/figure><div class=\"elementor-image-box-content\"><h3 class=\"elementor-image-box-title\"><a href=\"https:\/\/lacoma.com\/pt\/productos\/plafonnettes-male-femelle\/panneau-male-femelle-ceramique-30-cm\/\">Ladrilho macho-f\u00eamea cer\u00e2mico de 30 cm<\/a><\/h3><\/div><\/div>\t\t\t\t<\/div>\n\t\t\t\t<\/div>\n\t\t\t\t<div class=\"elementor-element elementor-element-a2e2715 elementor-position-top elementor-widget elementor-widget-image-box\" data-id=\"a2e2715\" data-element_type=\"widget\" data-e-type=\"widget\" data-widget_type=\"image-box.default\">\n\t\t\t\t<div class=\"elementor-widget-container\">\n\t\t\t\t\t<div class=\"elementor-image-box-wrapper\"><figure class=\"elementor-image-box-img\"><a href=\"https:\/\/lacoma.com\/pt\/productos\/plafonnettes-male-femelle\/male-femelle-25-cm-super-long\/\" tabindex=\"-1\"><img decoding=\"async\" width=\"597\" height=\"597\" src=\"https:\/\/lacoma.com\/pt\/wp-content\/uploads\/2025\/04\/Male-femelle-de-25-cm-super-long.webp\" class=\"attachment-medium_large size-medium_large wp-image-279\" alt=\"\" srcset=\"https:\/\/lacoma.com\/pt\/wp-content\/uploads\/2025\/04\/Male-femelle-de-25-cm-super-long.webp 597w, https:\/\/lacoma.com\/pt\/wp-content\/uploads\/2025\/04\/Male-femelle-de-25-cm-super-long-300x300.webp 300w, https:\/\/lacoma.com\/pt\/wp-content\/uploads\/2025\/04\/Male-femelle-de-25-cm-super-long-150x150.webp 150w\" sizes=\"(max-width: 597px) 100vw, 597px\" \/><\/a><\/figure><div class=\"elementor-image-box-content\"><h3 class=\"elementor-image-box-title\"><a href=\"https:\/\/lacoma.com\/pt\/productos\/plafonnettes-male-femelle\/male-femelle-25-cm-super-long\/\">Ladrilho macho-f\u00eamea de 25 superlargo<\/a><\/h3><\/div><\/div>\t\t\t\t<\/div>\n\t\t\t\t<\/div>\n\t\t\t\t<\/div>\n\t\t\t\t<div class=\"elementor-element elementor-element-aa4362c elementor-widget elementor-widget-heading\" data-id=\"aa4362c\" data-element_type=\"widget\" data-e-type=\"widget\" data-widget_type=\"heading.default\">\n\t\t\t\t<div class=\"elementor-widget-container\">\n\t\t\t\t\t<h2 class=\"elementor-heading-title elementor-size-default\">Ladrilho oco de grande formato macho-f\u00eamea<\/h2>\t\t\t\t<\/div>\n\t\t\t\t<\/div>\n\t\t\t\t<div class=\"elementor-element elementor-element-088d6c9 elementor-widget elementor-widget-text-editor\" data-id=\"088d6c9\" data-element_type=\"widget\" data-e-type=\"widget\" data-widget_type=\"text-editor.default\">\n\t\t\t\t<div class=\"elementor-widget-container\">\n\t\t\t\t\t\t\t\t\t<p>Os ladrilhos de grande formato macho-f\u00eamea s\u00e3o pe\u00e7as retangulares em argila cozida ideais para a constru\u00e7\u00e3o de coberturas. Dispon\u00edveis em v\u00e1rios tamanhos, t\u00eam grossuras de 3 a 6 cm segundo o modelo.<\/p><p>Tamb\u00e9m s\u00e3o usados noutras aplica\u00e7\u00f5es, como a constru\u00e7\u00e3o de degraus ou o revestimento de estruturas, etc.<\/p>\t\t\t\t\t\t\t\t<\/div>\n\t\t\t\t<\/div>\n\t\t\t\t<\/div>\n\t\t\t\t\t<\/div>\n\t\t\t\t<\/div>\n\t\t\t\t<\/div>\n\t\t","protected":false},"excerpt":{"rendered":"<p>Ladrilho macho-f\u00eamea Ladrilho macho-f\u00eamea cer\u00e2mico para a constru\u00e7\u00e3o de coberturas, revestimento de pilares, camadas extra, etc. Alta fiabilidade e resist\u00eancia. Tamb\u00e9m podem ser usados no revestimento de pilares, camadas extra, etc. Ideal para reabilita\u00e7\u00e3o, reconstru\u00e7\u00e3o ou repara\u00e7\u00e3o de tabiques, revestimentos secos, pequenas aberturas, buracos em paredes, etc. Ladrilho macho-f\u00eamea de 20 cm Ladrilho macho-f\u00eamea cer\u00e2mico [&hellip;]<\/p>\n","protected":false},"author":1,"featured_media":0,"parent":34,"menu_order":0,"comment_status":"closed","ping_status":"closed","template":"","meta":{"footnotes":""},"class_list":["post-219","page","type-page","status-publish","hentry"],"_links":{"self":[{"href":"https:\/\/lacoma.com\/pt\/wp-json\/wp\/v2\/pages\/219","targetHints":{"allow":["GET"]}}],"collection":[{"href":"https:\/\/lacoma.com\/pt\/wp-json\/wp\/v2\/pages"}],"about":[{"href":"https:\/\/lacoma.com\/pt\/wp-json\/wp\/v2\/types\/page"}],"author":[{"embeddable":true,"href":"https:\/\/lacoma.com\/pt\/wp-json\/wp\/v2\/users\/1"}],"replies":[{"embeddable":true,"href":"https:\/\/lacoma.com\/pt\/wp-json\/wp\/v2\/comments?post=219"}],"version-history":[{"count":28,"href":"https:\/\/lacoma.com\/pt\/wp-json\/wp\/v2\/pages\/219\/revisions"}],"predecessor-version":[{"id":1217,"href":"https:\/\/lacoma.com\/pt\/wp-json\/wp\/v2\/pages\/219\/revisions\/1217"}],"up":[{"embeddable":true,"href":"https:\/\/lacoma.com\/pt\/wp-json\/wp\/v2\/pages\/34"}],"wp:attachment":[{"href":"https:\/\/lacoma.com\/pt\/wp-json\/wp\/v2\/media?parent=219"}],"curies":[{"name":"wp","href":"https:\/\/api.w.org\/{rel}","templated":true}]}}