{"id":1166,"date":"2026-04-22T16:22:20","date_gmt":"2026-04-22T14:22:20","guid":{"rendered":"https:\/\/lacoma.com\/pt\/?page_id=1166"},"modified":"2026-04-22T16:25:01","modified_gmt":"2026-04-22T14:25:01","slug":"politica-cookies","status":"publish","type":"page","link":"https:\/\/lacoma.com\/pt\/politica-cookies\/","title":{"rendered":"Pol\u00edtica de cookies"},"content":{"rendered":"\t\t<div data-elementor-type=\"wp-page\" data-elementor-id=\"1166\" class=\"elementor elementor-1166\" data-elementor-post-type=\"page\">\n\t\t\t\t<div class=\"elementor-element elementor-element-e1a55af e-flex e-con-boxed e-con e-parent\" data-id=\"e1a55af\" data-element_type=\"container\" data-e-type=\"container\">\n\t\t\t\t\t<div class=\"e-con-inner\">\n\t\t\t\t<div class=\"elementor-element elementor-element-66b6b37 elementor-widget elementor-widget-heading\" data-id=\"66b6b37\" data-element_type=\"widget\" data-e-type=\"widget\" data-widget_type=\"heading.default\">\n\t\t\t\t<div class=\"elementor-widget-container\">\n\t\t\t\t\t<h1 class=\"elementor-heading-title elementor-size-default\">Pol\u00edtica de cookies<\/h1>\t\t\t\t<\/div>\n\t\t\t\t<\/div>\n\t\t\t\t<div class=\"elementor-element elementor-element-50e5589 elementor-widget-divider--view-line elementor-widget elementor-widget-divider\" data-id=\"50e5589\" data-element_type=\"widget\" data-e-type=\"widget\" data-widget_type=\"divider.default\">\n\t\t\t\t<div class=\"elementor-widget-container\">\n\t\t\t\t\t\t\t<div class=\"elementor-divider\">\n\t\t\t<span class=\"elementor-divider-separator\">\n\t\t\t\t\t\t<\/span>\n\t\t<\/div>\n\t\t\t\t\t\t<\/div>\n\t\t\t\t<\/div>\n\t\t\t\t<div class=\"elementor-element elementor-element-ab39298 elementor-widget elementor-widget-text-editor\" data-id=\"ab39298\" data-element_type=\"widget\" data-e-type=\"widget\" data-widget_type=\"text-editor.default\">\n\t\t\t\t<div class=\"elementor-widget-container\">\n\t\t\t\t\t\t\t\t\t<p>Um &#8220;Cookie&#8221; \u00e9 um pequeno ficheiro que \u00e9 armazenado no computador do utilizador e que nos permite reconhecer o utilizador. O conjunto de &#8220;cookies&#8221; ajuda-nos a melhorar a qualidade do nosso site, permitindo-nos controlar quais as p\u00e1ginas que s\u00e3o \u00fateis para os nossos utilizadores e quais n\u00e3o s\u00e3o.<\/p>\n\n<p>Os cookies s\u00e3o essenciais para o funcionamento da Internet, proporcionando in\u00fameras vantagens na presta\u00e7\u00e3o de servi\u00e7os interativos, facilitando a navega\u00e7\u00e3o e o funcionamento do nosso site. Note-se que os cookies n\u00e3o podem danificar o seu computador e que, em contrapartida, o facto de estarem ativados ajuda-nos a identificar e a resolver erros.<\/p>\n\n<p>As informa\u00e7\u00f5es fornecidas abaixo ajud\u00e1-lo-\u00e3o a compreender os diferentes tipos de cookies:<\/p>\n\n<p><strong>Cookies de sess\u00e3o:<\/strong> s\u00e3o cookies tempor\u00e1rios que permanecem no ficheiro de cookies do seu navegador at\u00e9 sair do site, pelo que nenhum deles \u00e9 gravado no disco r\u00edgido do utilizador. As informa\u00e7\u00f5es obtidas atrav\u00e9s destes cookies s\u00e3o utilizadas para analisar os padr\u00f5es de tr\u00e1fego na Web. Em \u00faltima an\u00e1lise, isto permite-nos proporcionar uma melhor experi\u00eancia, melhorando o conte\u00fado e facilitando a sua utiliza\u00e7\u00e3o.<\/p>\n\n<p><strong>Cookies permanentes:<\/strong> s\u00e3o armazenados no seu disco r\u00edgido e s\u00e3o lidos pelo nosso site sempre que o visita novamente. Estes cookies t\u00eam uma data de validade espec\u00edfica, ap\u00f3s a qual deixam de funcionar.<\/p>\n\n<p>A seguir, apresentamos uma lista dos principais cookies utilizados no nosso site, nomeadamente:<\/p>\n\n<ul>\n<li>Cookies estritamente necess\u00e1rios, como, por exemplo, os que servem para uma navega\u00e7\u00e3o correta ou os que permitem a execu\u00e7\u00e3o de servi\u00e7os solicitados pelo utilizador ou os que servem para garantir que o conte\u00fado do site \u00e9 carregado de forma eficaz.<\/li>\n<li>Cookies de terceiros, como os que s\u00e3o utilizados pelas redes sociais ou por complementos externos de conte\u00fado.<\/li>\n<li>Cookies anal\u00edticos, que compilam dados estat\u00edsticos de atividade para efeitos de manuten\u00e7\u00e3o peri\u00f3dica e com o objetivo de garantir o melhor servi\u00e7o poss\u00edvel ao utilizador.<\/li>\n<\/ul>\n\n<h2>Lista e descri\u00e7\u00e3o dos cookies que utilizamos no site<\/h2>\n\n<p>A seguinte tabela resume os cookies que utilizamos no nosso site:<\/p>\n\n<table width=\"100%\">\n<thead>\n<tr>\n<td><strong>Cookie<\/strong><\/td>\n<td><strong>Nome<\/strong><\/td>\n<td><strong>Finalidade \/ Mais informa\u00e7\u00f5es<\/strong><\/td>\n<td><strong>Validade<\/strong><\/td>\n<\/tr>\n<\/thead>\n<tbody>\n<tr>\n<td><strong>Google Analytics<\/strong><\/td>\n<td>_utma<\/td>\n<td>A Cer\u00e1mica La Coma apoia o uso do Google Analytics no site para poder acompanhar a atividade realizada no mesmo.<\/td>\n<td>2 anos<\/td>\n<\/tr>\n<tr>\n<td><\/td>\n<td>_utmb<\/td>\n<td>Os cookies do Google Analytics recolhem informa\u00e7\u00f5es de registo padr\u00e3o e dados sobre os h\u00e1bitos dos visitantes de forma an\u00f3nima.<\/td>\n<td>30 minutos<\/td>\n<\/tr>\n<tr>\n<td><\/td>\n<td>_utmc<\/td>\n<td>Mais informa\u00e7\u00f5es: developers.google.com\/analytics\/resources\/concepts\/gaConceptsCookies<\/td>\n<td>Sess\u00e3o<\/td>\n<\/tr>\n<tr>\n<td><\/td>\n<td>_utmz<\/td>\n<td>Mais informa\u00e7\u00f5es: developers.google.com\/analytics\/resources\/concepts\/gaConceptsCookies<\/td>\n<td>6 meses<\/td>\n<\/tr>\n<tr>\n<td><\/td>\n<td>_utmv<\/td>\n<td><\/td>\n<td>2 anos<\/td>\n<\/tr>\n<tr>\n<td><strong>Cookies google.com<\/strong><\/td>\n<td>PREF<\/td>\n<td>A utiliza\u00e7\u00e3o de servi\u00e7os baseados na localiza\u00e7\u00e3o, como o Google Maps, implica a instala\u00e7\u00e3o destes cookies.<\/td>\n<td>2 anos<\/td>\n<\/tr>\n<tr>\n<td><\/td>\n<td>APISID<\/td>\n<td>S\u00e3o utilizados para recordar as prefer\u00eancias do utilizador durante a navega\u00e7\u00e3o.<\/td>\n<td>2 anos<\/td>\n<\/tr>\n<tr>\n<td><\/td>\n<td>NID<\/td>\n<td>Para tornar a publicidade mais apelativa.<\/td>\n<td>6 meses<\/td>\n<\/tr>\n<tr>\n<td><\/td>\n<td>HSID, SID<\/td>\n<td>Para fornecer mecanismos de seguran\u00e7a destinados a impedir o acesso n\u00e3o autorizado aos dados de acesso dos utilizadores ou \u00e0s informa\u00e7\u00f5es fornecidas em formul\u00e1rios de contacto.<\/td>\n<td>2 anos<\/td>\n<\/tr>\n<\/tbody>\n<\/table>\n\n<h2>Garantias complementares \u2013 Gest\u00e3o de cookies<\/h2>\n\n<p>Como garantia complementar \u00e0s acima descritas, o registo de cookies pode estar sujeito \u00e0 sua aceita\u00e7\u00e3o durante a instala\u00e7\u00e3o ou atualiza\u00e7\u00e3o do navegador utilizado. Esta aceita\u00e7\u00e3o pode ser revogada em qualquer altura utilizando as defini\u00e7\u00f5es de conte\u00fado e privacidade dispon\u00edveis.<\/p>\n\n<p>Muitos navegadores permitem ativar um modo privado em que os cookies s\u00e3o sempre eliminados ap\u00f3s a sua visita. Dependendo do navegador, este modo privado pode ter nomes diferentes:<\/p>\n\n<ul>\n<li><strong>Internet Explorer 8 e superior:<\/strong> InPrivate<\/li>\n<li><strong>Safari 2 e superior:<\/strong> Navega\u00e7\u00e3o Privada<\/li>\n<li><strong>Opera 10.5 e superior:<\/strong> Navega\u00e7\u00e3o Privada<\/li>\n<li><strong>FireFox 3.5 e superior:<\/strong> Navega\u00e7\u00e3o Privada<\/li>\n<li><strong>Google Chrome 10 e superior:<\/strong> Inc\u00f3gnito<\/li>\n<\/ul>\n\n<p><strong>Importante:<\/strong> Leia atentamente a sec\u00e7\u00e3o de ajuda do seu navegador para saber mais sobre como ativar o &#8220;modo privado&#8221;. Poder\u00e1 continuar a visitar o nosso site apesar de ter este &#8220;modo privado&#8221; ativado, embora a navega\u00e7\u00e3o possa n\u00e3o ser a melhor e algumas funcionalidades possam n\u00e3o funcionar corretamente.<\/p>\t\t\t\t\t\t\t\t<\/div>\n\t\t\t\t<\/div>\n\t\t\t\t\t<\/div>\n\t\t\t\t<\/div>\n\t\t\t\t<\/div>\n\t\t","protected":false},"excerpt":{"rendered":"<p>Um &#8220;Cookie&#8221; \u00e9 um pequeno ficheiro que \u00e9 armazenado no computador do utilizador e que nos permite reconhecer o utilizador. O conjunto de &#8220;cookies&#8221; ajuda-nos a melhorar a qualidade do nosso site, permitindo-nos controlar quais as p\u00e1ginas que s\u00e3o \u00fateis para os nossos utilizadores e quais n\u00e3o s\u00e3o. Os cookies s\u00e3o essenciais para o funcionamento [&hellip;]<\/p>\n","protected":false},"author":1,"featured_media":0,"parent":0,"menu_order":0,"comment_status":"closed","ping_status":"closed","template":"","meta":{"footnotes":""},"class_list":["post-1166","page","type-page","status-publish","hentry"],"_links":{"self":[{"href":"https:\/\/lacoma.com\/pt\/wp-json\/wp\/v2\/pages\/1166","targetHints":{"allow":["GET"]}}],"collection":[{"href":"https:\/\/lacoma.com\/pt\/wp-json\/wp\/v2\/pages"}],"about":[{"href":"https:\/\/lacoma.com\/pt\/wp-json\/wp\/v2\/types\/page"}],"author":[{"embeddable":true,"href":"https:\/\/lacoma.com\/pt\/wp-json\/wp\/v2\/users\/1"}],"replies":[{"embeddable":true,"href":"https:\/\/lacoma.com\/pt\/wp-json\/wp\/v2\/comments?post=1166"}],"version-history":[{"count":7,"href":"https:\/\/lacoma.com\/pt\/wp-json\/wp\/v2\/pages\/1166\/revisions"}],"predecessor-version":[{"id":1174,"href":"https:\/\/lacoma.com\/pt\/wp-json\/wp\/v2\/pages\/1166\/revisions\/1174"}],"wp:attachment":[{"href":"https:\/\/lacoma.com\/pt\/wp-json\/wp\/v2\/media?parent=1166"}],"curies":[{"name":"wp","href":"https:\/\/api.w.org\/{rel}","templated":true}]}}